{"id":6473,"date":"2020-09-29T21:11:01","date_gmt":"2020-09-29T18:11:01","guid":{"rendered":"https:\/\/guvenpackaging.com\/fr\/?page_id=6473"},"modified":"2024-04-26T15:32:26","modified_gmt":"2024-04-26T12:32:26","slug":"film-retractable-pe","status":"publish","type":"page","link":"https:\/\/guvenpackaging.com\/fr\/film-retractable-pe\/","title":{"rendered":"Film R\u00e9tractable PE"},"content":{"rendered":"\t\t<div data-elementor-type=\"wp-page\" data-elementor-id=\"6473\" class=\"elementor elementor-6473\" data-elementor-settings=\"[]\">\n\t\t\t\t\t\t<div class=\"elementor-inner\">\n\t\t\t\t\t\t\t<div class=\"elementor-section-wrap\">\n\t\t\t\t\t\t\t<section class=\"elementor-section elementor-top-section elementor-element elementor-element-7bfe820 elementor-section-boxed elementor-section-height-default elementor-section-height-default\" data-id=\"7bfe820\" data-element_type=\"section\" data-settings=\"{&quot;background_background&quot;:&quot;classic&quot;,&quot;ekit_has_onepagescroll_dot&quot;:&quot;yes&quot;}\">\n\t\t\t\t\t\t<div class=\"elementor-container elementor-column-gap-default\">\n\t\t\t\t\t\t\t<div class=\"elementor-row\">\n\t\t\t\t\t<div class=\"elementor-column elementor-col-100 elementor-top-column elementor-element elementor-element-82a0c14\" data-id=\"82a0c14\" data-element_type=\"column\">\n\t\t\t<div class=\"elementor-column-wrap elementor-element-populated\">\n\t\t\t\t\t\t\t<div class=\"elementor-widget-wrap\">\n\t\t\t\t\t\t<div class=\"elementor-element elementor-element-fccee6c elementor-widget elementor-widget-elementskit-heading\" data-id=\"fccee6c\" data-element_type=\"widget\" data-widget_type=\"elementskit-heading.default\">\n\t\t\t\t<div class=\"elementor-widget-container\">\n\t\t\t<div class=\"ekit-wid-con\" ><div class=\"ekit-heading elementskit-section-title-wraper text_center   ekit_heading_tablet-   ekit_heading_mobile-\"><h3 class=\"elementskit-section-subtitle  \">GUVEN PACKAGING<\/h3><h2 class=\"ekit-heading--title elementskit-section-title \">\n\t\t\t\t\tFilm <span>R\u00e9tractable<\/span> PE\n\t\t\t\t<\/h2><\/div><\/div>\t\t<\/div>\n\t\t\t\t<\/div>\n\t\t\t\t\t\t<\/div>\n\t\t\t\t\t<\/div>\n\t\t<\/div>\n\t\t\t\t\t\t\t\t<\/div>\n\t\t\t\t\t<\/div>\n\t\t<\/section>\n\t\t\t\t<section class=\"elementor-section elementor-top-section elementor-element elementor-element-40f1f39 elementor-section-full_width elementor-section-height-default elementor-section-height-default\" data-id=\"40f1f39\" data-element_type=\"section\" data-settings=\"{&quot;ekit_has_onepagescroll_dot&quot;:&quot;yes&quot;}\">\n\t\t\t\t\t\t<div class=\"elementor-container elementor-column-gap-default\">\n\t\t\t\t\t\t\t<div class=\"elementor-row\">\n\t\t\t\t\t<div class=\"elementor-column elementor-col-100 elementor-top-column elementor-element elementor-element-0d2762e\" data-id=\"0d2762e\" data-element_type=\"column\">\n\t\t\t<div class=\"elementor-column-wrap elementor-element-populated\">\n\t\t\t\t\t\t\t<div class=\"elementor-widget-wrap\">\n\t\t\t\t\t\t<section class=\"elementor-section elementor-inner-section elementor-element elementor-element-e2e8835 elementor-section-boxed elementor-section-height-default elementor-section-height-default\" data-id=\"e2e8835\" data-element_type=\"section\" data-settings=\"{&quot;ekit_has_onepagescroll_dot&quot;:&quot;yes&quot;}\">\n\t\t\t\t\t\t<div class=\"elementor-container elementor-column-gap-default\">\n\t\t\t\t\t\t\t<div class=\"elementor-row\">\n\t\t\t\t\t<div class=\"elementor-column elementor-col-33 elementor-inner-column elementor-element elementor-element-dd5ada6\" data-id=\"dd5ada6\" data-element_type=\"column\">\n\t\t\t<div class=\"elementor-column-wrap elementor-element-populated\">\n\t\t\t\t\t\t\t<div class=\"elementor-widget-wrap\">\n\t\t\t\t\t\t<div class=\"elementor-element elementor-element-320cd01 elementor-widget elementor-widget-image\" data-id=\"320cd01\" data-element_type=\"widget\" data-widget_type=\"image.default\">\n\t\t\t\t<div class=\"elementor-widget-container\">\n\t\t\t\t\t<div class=\"elementor-image\">\n\t\t\t\t\t\t\t\t\t\t<img src=\"https:\/\/guvenpackaging.com\/wp-content\/uploads\/2024\/03\/Guven9_v2.jpg\" title=\"\" alt=\"\" \/>\t\t\t\t\t\t\t\t\t\t\t<\/div>\n\t\t\t\t<\/div>\n\t\t\t\t<\/div>\n\t\t\t\t\t\t<\/div>\n\t\t\t\t\t<\/div>\n\t\t<\/div>\n\t\t\t\t<div class=\"elementor-column elementor-col-33 elementor-inner-column elementor-element elementor-element-5f33cb6\" data-id=\"5f33cb6\" data-element_type=\"column\">\n\t\t\t<div class=\"elementor-column-wrap elementor-element-populated\">\n\t\t\t\t\t\t\t<div class=\"elementor-widget-wrap\">\n\t\t\t\t\t\t<div class=\"elementor-element elementor-element-64f3481 elementor-widget elementor-widget-image\" data-id=\"64f3481\" data-element_type=\"widget\" data-widget_type=\"image.default\">\n\t\t\t\t<div class=\"elementor-widget-container\">\n\t\t\t\t\t<div class=\"elementor-image\">\n\t\t\t\t\t\t\t\t\t\t<img src=\"https:\/\/guvenpackaging.com\/wp-content\/uploads\/2024\/03\/guvenp.jpg\" title=\"\" alt=\"\" \/>\t\t\t\t\t\t\t\t\t\t\t<\/div>\n\t\t\t\t<\/div>\n\t\t\t\t<\/div>\n\t\t\t\t\t\t<\/div>\n\t\t\t\t\t<\/div>\n\t\t<\/div>\n\t\t\t\t<div class=\"elementor-column elementor-col-33 elementor-inner-column elementor-element elementor-element-1745c65\" data-id=\"1745c65\" data-element_type=\"column\">\n\t\t\t<div class=\"elementor-column-wrap elementor-element-populated\">\n\t\t\t\t\t\t\t<div class=\"elementor-widget-wrap\">\n\t\t\t\t\t\t<div class=\"elementor-element elementor-element-c69d576 elementor-widget elementor-widget-image\" data-id=\"c69d576\" data-element_type=\"widget\" data-widget_type=\"image.default\">\n\t\t\t\t<div class=\"elementor-widget-container\">\n\t\t\t\t\t<div class=\"elementor-image\">\n\t\t\t\t\t\t\t\t\t\t<img width=\"377\" height=\"331\" src=\"https:\/\/guvenpackaging.com\/fr\/wp-content\/uploads\/2024\/04\/12guven.png\" class=\"attachment-full size-full\" alt=\"\" loading=\"lazy\" srcset=\"https:\/\/guvenpackaging.com\/fr\/wp-content\/uploads\/2024\/04\/12guven.png 377w, https:\/\/guvenpackaging.com\/fr\/wp-content\/uploads\/2024\/04\/12guven-300x263.png 300w\" sizes=\"(max-width: 377px) 100vw, 377px\" \/>\t\t\t\t\t\t\t\t\t\t\t<\/div>\n\t\t\t\t<\/div>\n\t\t\t\t<\/div>\n\t\t\t\t\t\t<\/div>\n\t\t\t\t\t<\/div>\n\t\t<\/div>\n\t\t\t\t\t\t\t\t<\/div>\n\t\t\t\t\t<\/div>\n\t\t<\/section>\n\t\t\t\t\t\t<\/div>\n\t\t\t\t\t<\/div>\n\t\t<\/div>\n\t\t\t\t\t\t\t\t<\/div>\n\t\t\t\t\t<\/div>\n\t\t<\/section>\n\t\t\t\t<section class=\"elementor-section elementor-top-section elementor-element elementor-element-6fdeda7 elementor-section-full_width elementor-section-height-default elementor-section-height-default\" data-id=\"6fdeda7\" data-element_type=\"section\" data-settings=\"{&quot;ekit_has_onepagescroll_dot&quot;:&quot;yes&quot;}\">\n\t\t\t\t\t\t<div class=\"elementor-container elementor-column-gap-default\">\n\t\t\t\t\t\t\t<div class=\"elementor-row\">\n\t\t\t\t\t<div class=\"elementor-column elementor-col-100 elementor-top-column elementor-element elementor-element-f2fb0f1\" data-id=\"f2fb0f1\" data-element_type=\"column\">\n\t\t\t<div class=\"elementor-column-wrap\">\n\t\t\t\t\t\t\t<div class=\"elementor-widget-wrap\">\n\t\t\t\t\t\t\t\t<\/div>\n\t\t\t\t\t<\/div>\n\t\t<\/div>\n\t\t\t\t\t\t\t\t<\/div>\n\t\t\t\t\t<\/div>\n\t\t<\/section>\n\t\t\t\t<section class=\"elementor-section elementor-top-section elementor-element elementor-element-267d92f elementor-section-boxed elementor-section-height-default elementor-section-height-default\" data-id=\"267d92f\" data-element_type=\"section\" data-settings=\"{&quot;ekit_has_onepagescroll_dot&quot;:&quot;yes&quot;}\">\n\t\t\t\t\t\t<div class=\"elementor-container elementor-column-gap-default\">\n\t\t\t\t\t\t\t<div class=\"elementor-row\">\n\t\t\t\t\t<div class=\"elementor-column elementor-col-100 elementor-top-column elementor-element elementor-element-5c94af2\" data-id=\"5c94af2\" data-element_type=\"column\">\n\t\t\t<div class=\"elementor-column-wrap elementor-element-populated\">\n\t\t\t\t\t\t\t<div class=\"elementor-widget-wrap\">\n\t\t\t\t\t\t<div class=\"elementor-element elementor-element-b81711d elementor-widget elementor-widget-elementskit-heading\" data-id=\"b81711d\" data-element_type=\"widget\" data-widget_type=\"elementskit-heading.default\">\n\t\t\t\t<div class=\"elementor-widget-container\">\n\t\t\t<div class=\"ekit-wid-con\" ><div class=\"ekit-heading elementskit-section-title-wraper text_left   ekit_heading_tablet-   ekit_heading_mobile-\"><h3 class=\"elementskit-section-subtitle  \">GUVEN PACKAGING<\/h3><h2 class=\"ekit-heading--title elementskit-section-title \">\n\t\t\t\t\tDomaines D'utilisation\n\t\t\t\t<\/h2>\t\t\t\t<div class='ekit-heading__description'>\n\t\t\t\t\t<p>Domaine D'utilisation Sectoriel De Nos Produits<\/p>\n\t\t\t\t<\/div>\n\t\t\t<\/div><\/div>\t\t<\/div>\n\t\t\t\t<\/div>\n\t\t\t\t\t\t<\/div>\n\t\t\t\t\t<\/div>\n\t\t<\/div>\n\t\t\t\t\t\t\t\t<\/div>\n\t\t\t\t\t<\/div>\n\t\t<\/section>\n\t\t\t\t<section class=\"elementor-section elementor-top-section elementor-element elementor-element-a3fcb30 elementor-section-full_width elementor-section-height-default elementor-section-height-default\" data-id=\"a3fcb30\" data-element_type=\"section\" data-settings=\"{&quot;ekit_has_onepagescroll_dot&quot;:&quot;yes&quot;}\">\n\t\t\t\t\t\t<div class=\"elementor-container elementor-column-gap-default\">\n\t\t\t\t\t\t\t<div class=\"elementor-row\">\n\t\t\t\t\t<div class=\"elementor-column elementor-col-100 elementor-top-column elementor-element elementor-element-6988140\" data-id=\"6988140\" data-element_type=\"column\">\n\t\t\t<div class=\"elementor-column-wrap elementor-element-populated\">\n\t\t\t\t\t\t\t<div class=\"elementor-widget-wrap\">\n\t\t\t\t\t\t<div class=\"elementor-element elementor-element-0178af4 elementor-widget-divider--separator-type-pattern elementor-widget-divider--view-line elementor-widget elementor-widget-divider\" data-id=\"0178af4\" data-element_type=\"widget\" data-widget_type=\"divider.default\">\n\t\t\t\t<div class=\"elementor-widget-container\">\n\t\t\t\t\t<div class=\"elementor-divider\" style=\"--divider-pattern-url: url(&quot;data:image\/svg+xml,%3Csvg xmlns=&#039;http:\/\/www.w3.org\/2000\/svg&#039; preserveAspectRatio=&#039;none&#039; overflow=&#039;visible&#039; height=&#039;100%&#039; viewBox=&#039;0 0 24 24&#039; fill=&#039;none&#039; stroke=&#039;black&#039; stroke-width=&#039;1&#039; stroke-linecap=&#039;square&#039; stroke-miterlimit=&#039;10&#039;%3E%3Cpolyline points=&#039;0,18 12,6 24,18 &#039;\/%3E%3C\/svg%3E&quot;);\">\n\t\t\t<span class=\"elementor-divider-separator\">\n\t\t\t\t\t\t<\/span>\n\t\t<\/div>\n\t\t\t\t<\/div>\n\t\t\t\t<\/div>\n\t\t\t\t\t\t<\/div>\n\t\t\t\t\t<\/div>\n\t\t<\/div>\n\t\t\t\t\t\t\t\t<\/div>\n\t\t\t\t\t<\/div>\n\t\t<\/section>\n\t\t\t\t<section class=\"elementor-section elementor-top-section elementor-element elementor-element-364ff40 elementor-section-content-middle elementor-section-boxed elementor-section-height-default elementor-section-height-default\" data-id=\"364ff40\" data-element_type=\"section\" data-settings=\"{&quot;ekit_has_onepagescroll_dot&quot;:&quot;yes&quot;}\">\n\t\t\t\t\t\t<div class=\"elementor-container elementor-column-gap-default\">\n\t\t\t\t\t\t\t<div class=\"elementor-row\">\n\t\t\t\t\t<div class=\"elementor-column elementor-col-100 elementor-top-column elementor-element elementor-element-4fff638\" data-id=\"4fff638\" data-element_type=\"column\">\n\t\t\t<div class=\"elementor-column-wrap elementor-element-populated\">\n\t\t\t\t\t\t\t<div class=\"elementor-widget-wrap\">\n\t\t\t\t\t\t<section class=\"elementor-section elementor-inner-section elementor-element elementor-element-347bd90 elementor-section-content-top elementor-section-boxed elementor-section-height-default elementor-section-height-default\" data-id=\"347bd90\" data-element_type=\"section\" data-settings=\"{&quot;ekit_has_onepagescroll_dot&quot;:&quot;yes&quot;}\">\n\t\t\t\t\t\t<div class=\"elementor-container elementor-column-gap-no\">\n\t\t\t\t\t\t\t<div class=\"elementor-row\">\n\t\t\t\t\t<div class=\"elementor-column elementor-col-100 elementor-inner-column elementor-element elementor-element-ee448fa\" data-id=\"ee448fa\" data-element_type=\"column\">\n\t\t\t<div class=\"elementor-column-wrap elementor-element-populated\">\n\t\t\t\t\t\t\t<div class=\"elementor-widget-wrap\">\n\t\t\t\t\t\t<div class=\"elementor-element elementor-element-d80d1bd elementor-widget elementor-widget-elementskit-heading\" data-id=\"d80d1bd\" data-element_type=\"widget\" data-widget_type=\"elementskit-heading.default\">\n\t\t\t\t<div class=\"elementor-widget-container\">\n\t\t\t<div class=\"ekit-wid-con\" ><div class=\"ekit-heading elementskit-section-title-wraper text_left   ekit_heading_tablet-   ekit_heading_mobile-\"><h3 class=\"elementskit-section-subtitle  \">GUVEN PACKAGING<\/h3><h2 class=\"ekit-heading--title elementskit-section-title \">\n\t\t\t\t\tCaract\u00e9ristiques du produit\n\t\t\t\t<\/h2><\/div><\/div>\t\t<\/div>\n\t\t\t\t<\/div>\n\t\t\t\t<div class=\"elementor-element elementor-element-fff4500 about-dance-top ekit-equal-height-disable elementor-widget elementor-widget-elementskit-icon-box\" data-id=\"fff4500\" data-element_type=\"widget\" data-widget_type=\"elementskit-icon-box.default\">\n\t\t\t\t<div class=\"elementor-widget-container\">\n\t\t\t<div class=\"ekit-wid-con\" >        <!-- link opening -->\n                <!-- end link opening -->\n\n        <div class=\"elementskit-infobox text-left text-left icon-lef-right-aligin elementor-animation- media  \">\n                            <div class=\"elementskit-box-header\">\n                <div class=\"elementskit-info-box-icon text-center\">\n                    <img src=\"https:\/\/guvenpackaging.com\/fr\/wp-content\/uploads\/2019\/07\/icon-21.png\" alt=\"Film R\u00e9tractable PE\">\n                <\/div>\n          <\/div>\n                <div class=\"box-body\">\n                            <h3 class=\"elementskit-info-box-title\">\n                    Film R\u00e9tractable PE                <\/h3>\n                                    <p>Le film r\u00e9tractable est un type d'emballage fabriqu\u00e9 en nylon r\u00e9tractable pour envelopper les produits avec un traitement thermique pour tous les produits pouvant \u00eatre emball\u00e9s.<br><br>\n\nC'est une m\u00e9thode d'emballage id\u00e9ale et \u00e9conomique qui peut \u00eatre appliqu\u00e9e facilement. En plus d'\u00eatre \u00e9conomique, c'est le premier choix de tous les utilisateurs car il offre des diff\u00e9rentes options. Les films de r\u00e9tr\u00e9cissement sont trait\u00e9s thermiquement avec les produits et les enveloppent \u00e9troitement en fonction de leur forme. Il emp\u00eache les marchandises d'\u00eatre dispers\u00e9es, endommag\u00e9es par la pluie, la poussi\u00e8re et le soleil et facilite le transport.<br><br>\n\nIls conviennent au recyclage. Il est utilis\u00e9 dans des secteurs tels que les \u00e9lectrom\u00e9nagers, l'\u00e9lectronique, la c\u00e9ramique, le verre, les boissons, le m\u00e9tal, l'alimentaire, les mati\u00e8res premi\u00e8res, les emballages, etc. Il est produit en rouleaux ou en sacs selon les lieux d'utilisation et les lignes de production.<br><br>\n\nIl est produit \u00e0 partir de LDPE. Il est utilis\u00e9 pour emballer, prot\u00e9ger et diviser les produits lourds en unit\u00e9s. On le voit g\u00e9n\u00e9ralement dans les rayons des boissons des supermarch\u00e9s. Il est plus flexible et plus \u00e9pais que les autres films. Comme il est durable dans la temp\u00e9rature chaude et froide, il offre l'avantage du stockage et de la conservation. Il est produit dans la gamme de 20 cm - 250 cm, 15 microns et 200 microns d'\u00e9paisseur.\n <\/p>\n                                <\/div>\n        \n        \n                <\/div>\n        <\/div>\t\t<\/div>\n\t\t\t\t<\/div>\n\t\t\t\t\t\t<\/div>\n\t\t\t\t\t<\/div>\n\t\t<\/div>\n\t\t\t\t\t\t\t\t<\/div>\n\t\t\t\t\t<\/div>\n\t\t<\/section>\n\t\t\t\t\t\t<\/div>\n\t\t\t\t\t<\/div>\n\t\t<\/div>\n\t\t\t\t\t\t\t\t<\/div>\n\t\t\t\t\t<\/div>\n\t\t<\/section>\n\t\t\t\t<section class=\"elementor-section elementor-top-section elementor-element elementor-element-b18e7ba elementor-section-full_width elementor-section-height-default elementor-section-height-default\" data-id=\"b18e7ba\" data-element_type=\"section\" data-settings=\"{&quot;ekit_has_onepagescroll_dot&quot;:&quot;yes&quot;}\">\n\t\t\t\t\t\t<div class=\"elementor-container elementor-column-gap-default\">\n\t\t\t\t\t\t\t<div class=\"elementor-row\">\n\t\t\t\t\t<div class=\"elementor-column elementor-col-100 elementor-top-column elementor-element elementor-element-3b248e9\" data-id=\"3b248e9\" data-element_type=\"column\">\n\t\t\t<div class=\"elementor-column-wrap elementor-element-populated\">\n\t\t\t\t\t\t\t<div class=\"elementor-widget-wrap\">\n\t\t\t\t\t\t<div class=\"elementor-element elementor-element-f0355cf ekit-image-accordion-horizontal ekit-image-accordion-click elementor-widget elementor-widget-elementskit-image-accordion\" data-id=\"f0355cf\" data-element_type=\"widget\" data-widget_type=\"elementskit-image-accordion.default\">\n\t\t\t\t<div class=\"elementor-widget-container\">\n\t\t\t<div class=\"ekit-wid-con\" >        <div class=\"ekit-image-accordion elementskit-image-accordion-wraper\">\n                        <input type=\"radio\" name=\"ekit_ia_f0355cf\" id=\"ekit_ia_f0355cf_0\" class=\"elementskit-single-image-accordion--input\"  hidden>\n            <label for=\"ekit_ia_f0355cf_0\" class=\"elementskit-single-image-accordion ekit-image-accordion-item\" style=\"background-image: url(https:\/\/guvenpackaging.com\/wp-content\/uploads\/2020\/09\/shutterstock_213844237.jpg)\">\n                <span class=\"elementskit-accordion-content\">\n                                       <span class=\"elementskit-accordion-title-wraper\">\n                        <span class=\"elementskit-accordion-title \">\n                        \n                        Ce\n                                                <\/span>\n                    <\/span>\n                                    <\/span>\n            <\/label>\n                        <input type=\"radio\" name=\"ekit_ia_f0355cf\" id=\"ekit_ia_f0355cf_1\" class=\"elementskit-single-image-accordion--input\"  hidden>\n            <label for=\"ekit_ia_f0355cf_1\" class=\"elementskit-single-image-accordion ekit-image-accordion-item\" style=\"background-image: url(https:\/\/guvenpackaging.com\/wp-content\/uploads\/2020\/09\/shutterstock_617687435.jpg)\">\n                <span class=\"elementskit-accordion-content\">\n                                       <span class=\"elementskit-accordion-title-wraper\">\n                        <span class=\"elementskit-accordion-title \">\n                        \n                        Autres groupes de boissons\n                                                <\/span>\n                    <\/span>\n                                    <\/span>\n            <\/label>\n                        <input type=\"radio\" name=\"ekit_ia_f0355cf\" id=\"ekit_ia_f0355cf_2\" class=\"elementskit-single-image-accordion--input\"  hidden>\n            <label for=\"ekit_ia_f0355cf_2\" class=\"elementskit-single-image-accordion ekit-image-accordion-item\" style=\"background-image: url(https:\/\/guvenpackaging.com\/wp-content\/uploads\/2024\/03\/Guven7_v2.jpg)\">\n                <span class=\"elementskit-accordion-content\">\n                                       <span class=\"elementskit-accordion-title-wraper\">\n                        <span class=\"elementskit-accordion-title \">\n                        \n                        Autres groupes de boissons\n                                                <\/span>\n                    <\/span>\n                                    <\/span>\n            <\/label>\n                    <\/div>\n    <\/div>\t\t<\/div>\n\t\t\t\t<\/div>\n\t\t\t\t\t\t<\/div>\n\t\t\t\t\t<\/div>\n\t\t<\/div>\n\t\t\t\t\t\t\t\t<\/div>\n\t\t\t\t\t<\/div>\n\t\t<\/section>\n\t\t\t\t\t\t<\/div>\n\t\t\t\t\t\t<\/div>\n\t\t\t\t\t<\/div>\n\t\t","protected":false},"excerpt":{"rendered":"<p>GUVEN PACKAGING Film R\u00e9tractable PE GUVEN PACKAGING Domaines D&#8217;utilisation Domaine D&#8217;utilisation Sectoriel De Nos Produits GUVEN PACKAGING Caract\u00e9ristiques du produit Film R\u00e9tractable PE Le film r\u00e9tractable est un type d&#8217;emballage fabriqu\u00e9 en nylon r\u00e9tractable pour envelopper les produits avec un traitement thermique pour tous les produits pouvant \u00eatre emball\u00e9s. C&#8217;est une m\u00e9thode d&#8217;emballage id\u00e9ale et [&hellip;]<\/p>\n","protected":false},"author":1,"featured_media":0,"parent":0,"menu_order":0,"comment_status":"closed","ping_status":"closed","template":"template\/full-width-template.php","meta":[],"_links":{"self":[{"href":"https:\/\/guvenpackaging.com\/fr\/wp-json\/wp\/v2\/pages\/6473"}],"collection":[{"href":"https:\/\/guvenpackaging.com\/fr\/wp-json\/wp\/v2\/pages"}],"about":[{"href":"https:\/\/guvenpackaging.com\/fr\/wp-json\/wp\/v2\/types\/page"}],"author":[{"embeddable":true,"href":"https:\/\/guvenpackaging.com\/fr\/wp-json\/wp\/v2\/users\/1"}],"replies":[{"embeddable":true,"href":"https:\/\/guvenpackaging.com\/fr\/wp-json\/wp\/v2\/comments?post=6473"}],"version-history":[{"count":16,"href":"https:\/\/guvenpackaging.com\/fr\/wp-json\/wp\/v2\/pages\/6473\/revisions"}],"predecessor-version":[{"id":7065,"href":"https:\/\/guvenpackaging.com\/fr\/wp-json\/wp\/v2\/pages\/6473\/revisions\/7065"}],"wp:attachment":[{"href":"https:\/\/guvenpackaging.com\/fr\/wp-json\/wp\/v2\/media?parent=6473"}],"curies":[{"name":"wp","href":"https:\/\/api.w.org\/{rel}","templated":true}]}}