{"id":6371,"date":"2020-09-22T10:12:12","date_gmt":"2020-09-22T07:12:12","guid":{"rendered":"https:\/\/guvenpackaging.com\/fr\/?page_id=6371"},"modified":"2024-04-26T10:09:34","modified_gmt":"2024-04-26T07:09:34","slug":"ressources-humaines","status":"publish","type":"page","link":"https:\/\/guvenpackaging.com\/fr\/ressources-humaines\/","title":{"rendered":"Ressources Humaines"},"content":{"rendered":"\t\t<div data-elementor-type=\"wp-page\" data-elementor-id=\"6371\" class=\"elementor elementor-6371\" data-elementor-settings=\"[]\">\n\t\t\t\t\t\t<div class=\"elementor-inner\">\n\t\t\t\t\t\t\t<div class=\"elementor-section-wrap\">\n\t\t\t\t\t\t\t<section class=\"elementor-section elementor-top-section elementor-element elementor-element-311a33d elementor-section-boxed elementor-section-height-default elementor-section-height-default\" data-id=\"311a33d\" data-element_type=\"section\" data-settings=\"{&quot;ekit_has_onepagescroll_dot&quot;:&quot;yes&quot;}\">\n\t\t\t\t\t\t<div class=\"elementor-container elementor-column-gap-default\">\n\t\t\t\t\t\t\t<div class=\"elementor-row\">\n\t\t\t\t\t<div class=\"elementor-column elementor-col-100 elementor-top-column elementor-element elementor-element-0037894\" data-id=\"0037894\" data-element_type=\"column\">\n\t\t\t<div class=\"elementor-column-wrap elementor-element-populated\">\n\t\t\t\t\t\t\t<div class=\"elementor-widget-wrap\">\n\t\t\t\t\t\t<section class=\"elementor-section elementor-inner-section elementor-element elementor-element-e399b09 elementor-section-boxed elementor-section-height-default elementor-section-height-default\" data-id=\"e399b09\" data-element_type=\"section\" data-settings=\"{&quot;ekit_has_onepagescroll_dot&quot;:&quot;yes&quot;}\">\n\t\t\t\t\t\t<div class=\"elementor-container elementor-column-gap-default\">\n\t\t\t\t\t\t\t<div class=\"elementor-row\">\n\t\t\t\t\t<div class=\"elementor-column elementor-col-33 elementor-inner-column elementor-element elementor-element-8045bed\" data-id=\"8045bed\" data-element_type=\"column\">\n\t\t\t<div class=\"elementor-column-wrap elementor-element-populated\">\n\t\t\t\t\t\t\t<div class=\"elementor-widget-wrap\">\n\t\t\t\t\t\t<div class=\"elementor-element elementor-element-5876d90 elementor-widget elementor-widget-image\" data-id=\"5876d90\" data-element_type=\"widget\" data-widget_type=\"image.default\">\n\t\t\t\t<div class=\"elementor-widget-container\">\n\t\t\t\t\t<div class=\"elementor-image\">\n\t\t\t\t\t\t\t\t\t\t<img width=\"1024\" height=\"683\" src=\"https:\/\/guvenpackaging.com\/fr\/wp-content\/uploads\/2024\/04\/guven-1024x683-1.jpg\" class=\"attachment-2048x2048 size-2048x2048\" alt=\"\" loading=\"lazy\" srcset=\"https:\/\/guvenpackaging.com\/fr\/wp-content\/uploads\/2024\/04\/guven-1024x683-1.jpg 1024w, https:\/\/guvenpackaging.com\/fr\/wp-content\/uploads\/2024\/04\/guven-1024x683-1-300x200.jpg 300w, https:\/\/guvenpackaging.com\/fr\/wp-content\/uploads\/2024\/04\/guven-1024x683-1-768x512.jpg 768w\" sizes=\"(max-width: 1024px) 100vw, 1024px\" \/>\t\t\t\t\t\t\t\t\t\t\t<\/div>\n\t\t\t\t<\/div>\n\t\t\t\t<\/div>\n\t\t\t\t<div class=\"elementor-element elementor-element-495b638 elementor-absolute elementor-hidden-phone elementor-widget elementor-widget-text-editor\" data-id=\"495b638\" data-element_type=\"widget\" data-settings=\"{&quot;_position&quot;:&quot;absolute&quot;}\" data-widget_type=\"text-editor.default\">\n\t\t\t\t<div class=\"elementor-widget-container\">\n\t\t\t\t\t<div class=\"elementor-text-editor elementor-clearfix\">We take our strength from change.<\/div>\n\t\t\t\t<\/div>\n\t\t\t\t<\/div>\n\t\t\t\t<div class=\"elementor-element elementor-element-767c781 elementor-absolute elementor-hidden-phone elementor-view-default elementor-widget elementor-widget-icon\" data-id=\"767c781\" data-element_type=\"widget\" data-settings=\"{&quot;_position&quot;:&quot;absolute&quot;}\" data-widget_type=\"icon.default\">\n\t\t\t\t<div class=\"elementor-widget-container\">\n\t\t\t\t\t<div class=\"elementor-icon-wrapper\">\n\t\t\t<div class=\"elementor-icon\">\n\t\t\t<i aria-hidden=\"true\" class=\"fas fa-quote-left\"><\/i>\t\t\t<\/div>\n\t\t<\/div>\n\t\t\t\t<\/div>\n\t\t\t\t<\/div>\n\t\t\t\t\t\t<\/div>\n\t\t\t\t\t<\/div>\n\t\t<\/div>\n\t\t\t\t<div class=\"elementor-column elementor-col-33 elementor-inner-column elementor-element elementor-element-75cb91f\" data-id=\"75cb91f\" data-element_type=\"column\">\n\t\t\t<div class=\"elementor-column-wrap\">\n\t\t\t\t\t\t\t<div class=\"elementor-widget-wrap\">\n\t\t\t\t\t\t\t\t<\/div>\n\t\t\t\t\t<\/div>\n\t\t<\/div>\n\t\t\t\t<div class=\"elementor-column elementor-col-33 elementor-inner-column elementor-element elementor-element-03cd0e7\" data-id=\"03cd0e7\" data-element_type=\"column\">\n\t\t\t<div class=\"elementor-column-wrap elementor-element-populated\">\n\t\t\t\t\t\t\t<div class=\"elementor-widget-wrap\">\n\t\t\t\t\t\t<div class=\"elementor-element elementor-element-a8f08e9 elementor-widget elementor-widget-elementskit-heading\" data-id=\"a8f08e9\" data-element_type=\"widget\" data-widget_type=\"elementskit-heading.default\">\n\t\t\t\t<div class=\"elementor-widget-container\">\n\t\t\t<div class=\"ekit-wid-con\" ><div class=\"ekit-heading elementskit-section-title-wraper text_left   ekit_heading_tablet-   ekit_heading_mobile-\"><span class=\"elementskit-section-subtitle  \">RESSOURCES HUMAINES<\/span><h2 class=\"ekit-heading--title elementskit-section-title \">\n\t\t\t\t\tGUVEN PACKAGING\n\t\t\t\t<\/h2>\t\t\t\t<div class='ekit-heading__description'>\n\t\t\t\t\t<p>Notre politique de ressources humaines bas\u00e9e sur \u00abNotre valeur d'entreprise la plus importante, ce sont nos employ\u00e9s\u00bb:<\/p>\n<p>- Cr\u00e9er des processus qui r\u00e9v\u00e8lent leur potentiel car chaque collaborateur est un talent<br \/>\n- Soutenir nos employ\u00e9s avec la philosophie de la formation continue et du d\u00e9veloppement.<\/p>\n<p>- Avoir un profil d'employ\u00e9 qui attache de l'importance \u00e0 la soci\u00e9t\u00e9 et aux valeurs \u00e9thiques.<\/p>\n<p>- Donner la priorit\u00e9 \u00e0 la philosophie d'antidiscrimination et d'\u00e9galit\u00e9 des chances dans tous nos processus.<br \/>\n<b><br \/>\n<\/b><\/p>\n\t\t\t\t<\/div>\n\t\t\t<\/div><\/div>\t\t<\/div>\n\t\t\t\t<\/div>\n\t\t\t\t\t\t<\/div>\n\t\t\t\t\t<\/div>\n\t\t<\/div>\n\t\t\t\t\t\t\t\t<\/div>\n\t\t\t\t\t<\/div>\n\t\t<\/section>\n\t\t\t\t\t\t<\/div>\n\t\t\t\t\t<\/div>\n\t\t<\/div>\n\t\t\t\t\t\t\t\t<\/div>\n\t\t\t\t\t<\/div>\n\t\t<\/section>\n\t\t\t\t<section class=\"elementor-section elementor-top-section elementor-element elementor-element-b8909e6 elementor-section-boxed elementor-section-height-default elementor-section-height-default\" data-id=\"b8909e6\" data-element_type=\"section\" data-settings=\"{&quot;ekit_has_onepagescroll_dot&quot;:&quot;yes&quot;}\">\n\t\t\t\t\t\t<div class=\"elementor-container elementor-column-gap-default\">\n\t\t\t\t\t\t\t<div class=\"elementor-row\">\n\t\t\t\t\t<div class=\"elementor-column elementor-col-100 elementor-top-column elementor-element elementor-element-4e204ba\" data-id=\"4e204ba\" data-element_type=\"column\">\n\t\t\t<div class=\"elementor-column-wrap elementor-element-populated\">\n\t\t\t\t\t\t\t<div class=\"elementor-widget-wrap\">\n\t\t\t\t\t\t<div class=\"elementor-element elementor-element-87abe3a elementor-widget elementor-widget-elementskit-heading\" data-id=\"87abe3a\" data-element_type=\"widget\" data-widget_type=\"elementskit-heading.default\">\n\t\t\t\t<div class=\"elementor-widget-container\">\n\t\t\t<div class=\"ekit-wid-con\" ><div class=\"ekit-heading elementskit-section-title-wraper text_left   ekit_heading_tablet-   ekit_heading_mobile-\"><h2 class=\"ekit-heading--title elementskit-section-title \">\n\t\t\t\t\tS\u00e9lection Et Placement\n\t\t\t\t<\/h2>\t\t\t\t<div class='ekit-heading__description'>\n\t\t\t\t\t<p>La philosophie de base du processus de recrutement chez GUVEN PACKAGING est de \u00abchoisir la bonne personne pour le bon poste\u00bb. Les candidats peuvent postuler via le site Web de GUVEN PACKAGING. Toute candidature adress\u00e9e \u00e0 GUVEN PACKAGING est \u00e9valu\u00e9e de mani\u00e8re confidentielle en fonction des comp\u00e9tences, qualifications et aptitudes requises par le poste.<\/p>\n<p>Dans la s\u00e9lection des candidats, les personnes ayant une bonne formation et de hautes qualifications, qui savent prendre des initiatives, qui sont cr\u00e9atives et qui peuvent facilement s'adapter \u00e0 la culture d'entreprise sont pr\u00e9f\u00e9r\u00e9es.<\/p>\n\t\t\t\t<\/div>\n\t\t\t<\/div><\/div>\t\t<\/div>\n\t\t\t\t<\/div>\n\t\t\t\t<div class=\"elementor-element elementor-element-d238649 elementor-widget elementor-widget-elementskit-heading\" data-id=\"d238649\" data-element_type=\"widget\" data-widget_type=\"elementskit-heading.default\">\n\t\t\t\t<div class=\"elementor-widget-container\">\n\t\t\t<div class=\"ekit-wid-con\" ><div class=\"ekit-heading elementskit-section-title-wraper text_left   ekit_heading_tablet-   ekit_heading_mobile-\"><h2 class=\"ekit-heading--title elementskit-section-title \">\n\t\t\t\t\tFormation\n\t\t\t\t<\/h2>\t\t\t\t<div class='ekit-heading__description'>\n\t\t\t\t\t<p>L'objectif principal des activit\u00e9s de formation \u00e0 GUVEN PACKAGING; Instaurer une culture d'entreprise consciente en mati\u00e8re d'hygi\u00e8ne, d'environnement, de sant\u00e9 et de s\u00e9curit\u00e9 au travail, guid\u00e9e par l'assurance qualit\u00e9, et faire en sorte que chaque employ\u00e9 fasse partie de cette culture.<\/p>\n<p>\u00a0<\/p>\n<p>Nous croyons que nous pouvons maintenir notre leadership dans le secteur gr\u00e2ce au d\u00e9veloppement personnel et \u00e0 la motivation de nos employ\u00e9s qualifi\u00e9s. Pour cette raison, nous continuons d'investir dans les ressources humaines, ce qui, selon nous, ajoutera de la valeur \u00e0 notre entreprise depuis le premier jour de notre cr\u00e9ation.<\/p>\n<p>\u00a0<\/p>\n<p>Le secret le plus important de notre succ\u00e8s est la culture d'entreprise que nous avons. Nous avons une structure dynamique et nos collaborateurs nouvellement recrut\u00e9s peuvent facilement s'adapter gr\u00e2ce \u00e0 nos programmes d'orientation g\u00e9n\u00e9ralis\u00e9s. Avec notre structure organisationnelle simple et horizontale, nous soutenons tous nos collaborateurs, les encourageons et les invitons \u00e0 prendre leurs responsabilit\u00e9s.<\/p>\n\t\t\t\t<\/div>\n\t\t\t<\/div><\/div>\t\t<\/div>\n\t\t\t\t<\/div>\n\t\t\t\t<div class=\"elementor-element elementor-element-5c4cf2c elementor-widget elementor-widget-elementskit-heading\" data-id=\"5c4cf2c\" data-element_type=\"widget\" data-widget_type=\"elementskit-heading.default\">\n\t\t\t\t<div class=\"elementor-widget-container\">\n\t\t\t<div class=\"ekit-wid-con\" ><div class=\"ekit-heading elementskit-section-title-wraper text_left   ekit_heading_tablet-   ekit_heading_mobile-\"><h2 class=\"ekit-heading--title elementskit-section-title \">\n\t\t\t\t\tStage\n\t\t\t\t<\/h2>\t\t\t\t<div class='ekit-heading__description'>\n\t\t\t\t\t<p>En tant que GUVEN PACKAGING, nous offrons chaque ann\u00e9e des opportunit\u00e9s de stages aux \u00e9tudiants du secondaire et de l'universit\u00e9. Nous offrons des opportunit\u00e9s de stage en \u00e9valuant les candidatures personnelles apr\u00e8s le processus d'entretien.<\/p>\n\t\t\t\t<\/div>\n\t\t\t<\/div><\/div>\t\t<\/div>\n\t\t\t\t<\/div>\n\t\t\t\t<div class=\"elementor-element elementor-element-b6b948c elementor-widget elementor-widget-elementskit-heading\" data-id=\"b6b948c\" data-element_type=\"widget\" data-widget_type=\"elementskit-heading.default\">\n\t\t\t\t<div class=\"elementor-widget-container\">\n\t\t\t<div class=\"ekit-wid-con\" ><div class=\"ekit-heading elementskit-section-title-wraper text_left   ekit_heading_tablet-   ekit_heading_mobile-\"><h2 class=\"ekit-heading--title elementskit-section-title \">\n\t\t\t\t\tCandidature\n\t\t\t\t<\/h2>\t\t\t\t<div class='ekit-heading__description'>\n\t\t\t\t\t<p>Vous pouvez envoyer un CV d\u00e9taill\u00e9 pour votre candidature \u00e0 info@guvenpackaging.com<\/p>\n\t\t\t\t<\/div>\n\t\t\t<\/div><\/div>\t\t<\/div>\n\t\t\t\t<\/div>\n\t\t\t\t\t\t<\/div>\n\t\t\t\t\t<\/div>\n\t\t<\/div>\n\t\t\t\t\t\t\t\t<\/div>\n\t\t\t\t\t<\/div>\n\t\t<\/section>\n\t\t\t\t\t\t<\/div>\n\t\t\t\t\t\t<\/div>\n\t\t\t\t\t<\/div>\n\t\t","protected":false},"excerpt":{"rendered":"<p>We take our strength from change. RESSOURCES HUMAINES GUVEN PACKAGING Notre politique de ressources humaines bas\u00e9e sur \u00abNotre valeur d&#8217;entreprise la plus importante, ce sont nos employ\u00e9s\u00bb: &#8211; Cr\u00e9er des processus qui r\u00e9v\u00e8lent leur potentiel car chaque collaborateur est un talent &#8211; Soutenir nos employ\u00e9s avec la philosophie de la formation continue et du d\u00e9veloppement. [&hellip;]<\/p>\n","protected":false},"author":1,"featured_media":0,"parent":0,"menu_order":0,"comment_status":"closed","ping_status":"closed","template":"template\/full-width-template.php","meta":[],"_links":{"self":[{"href":"https:\/\/guvenpackaging.com\/fr\/wp-json\/wp\/v2\/pages\/6371"}],"collection":[{"href":"https:\/\/guvenpackaging.com\/fr\/wp-json\/wp\/v2\/pages"}],"about":[{"href":"https:\/\/guvenpackaging.com\/fr\/wp-json\/wp\/v2\/types\/page"}],"author":[{"embeddable":true,"href":"https:\/\/guvenpackaging.com\/fr\/wp-json\/wp\/v2\/users\/1"}],"replies":[{"embeddable":true,"href":"https:\/\/guvenpackaging.com\/fr\/wp-json\/wp\/v2\/comments?post=6371"}],"version-history":[{"count":11,"href":"https:\/\/guvenpackaging.com\/fr\/wp-json\/wp\/v2\/pages\/6371\/revisions"}],"predecessor-version":[{"id":6970,"href":"https:\/\/guvenpackaging.com\/fr\/wp-json\/wp\/v2\/pages\/6371\/revisions\/6970"}],"wp:attachment":[{"href":"https:\/\/guvenpackaging.com\/fr\/wp-json\/wp\/v2\/media?parent=6371"}],"curies":[{"name":"wp","href":"https:\/\/api.w.org\/{rel}","templated":true}]}}