{"id":6190,"date":"2020-07-14T00:29:48","date_gmt":"2020-07-13T21:29:48","guid":{"rendered":"https:\/\/guvenpackaging.com\/fr\/?page_id=6190"},"modified":"2024-04-26T16:10:19","modified_gmt":"2024-04-26T13:10:19","slug":"rubans-demballage-hotmelt","status":"publish","type":"page","link":"https:\/\/guvenpackaging.com\/fr\/rubans-demballage-hotmelt\/","title":{"rendered":"Rubans d&#8217;emballage HotMelt"},"content":{"rendered":"\t\t<div data-elementor-type=\"wp-page\" data-elementor-id=\"6190\" class=\"elementor elementor-6190\" data-elementor-settings=\"[]\">\n\t\t\t\t\t\t<div class=\"elementor-inner\">\n\t\t\t\t\t\t\t<div class=\"elementor-section-wrap\">\n\t\t\t\t\t\t\t<section class=\"elementor-section elementor-top-section elementor-element elementor-element-ed3cae2 elementor-section-boxed elementor-section-height-default elementor-section-height-default\" data-id=\"ed3cae2\" data-element_type=\"section\" data-settings=\"{&quot;background_background&quot;:&quot;classic&quot;,&quot;ekit_has_onepagescroll_dot&quot;:&quot;yes&quot;}\">\n\t\t\t\t\t\t<div class=\"elementor-container elementor-column-gap-default\">\n\t\t\t\t\t\t\t<div class=\"elementor-row\">\n\t\t\t\t\t<div class=\"elementor-column elementor-col-100 elementor-top-column elementor-element elementor-element-b23bd6b\" data-id=\"b23bd6b\" data-element_type=\"column\">\n\t\t\t<div class=\"elementor-column-wrap elementor-element-populated\">\n\t\t\t\t\t\t\t<div class=\"elementor-widget-wrap\">\n\t\t\t\t\t\t<div class=\"elementor-element elementor-element-d732653 elementor-widget elementor-widget-elementskit-heading\" data-id=\"d732653\" data-element_type=\"widget\" data-widget_type=\"elementskit-heading.default\">\n\t\t\t\t<div class=\"elementor-widget-container\">\n\t\t\t<div class=\"ekit-wid-con\" ><div class=\"ekit-heading elementskit-section-title-wraper text_center   ekit_heading_tablet-   ekit_heading_mobile-\"><h3 class=\"elementskit-section-subtitle  \">GUVEN PACKAGING<\/h3><h2 class=\"ekit-heading--title elementskit-section-title \">\n\t\t\t\t\tRubans d'emballage HotMelt\n\t\t\t\t<\/h2><\/div><\/div>\t\t<\/div>\n\t\t\t\t<\/div>\n\t\t\t\t\t\t<\/div>\n\t\t\t\t\t<\/div>\n\t\t<\/div>\n\t\t\t\t\t\t\t\t<\/div>\n\t\t\t\t\t<\/div>\n\t\t<\/section>\n\t\t\t\t<section class=\"elementor-section elementor-top-section elementor-element elementor-element-cb7d583 elementor-section-full_width elementor-section-height-default elementor-section-height-default\" data-id=\"cb7d583\" data-element_type=\"section\" data-settings=\"{&quot;ekit_has_onepagescroll_dot&quot;:&quot;yes&quot;}\">\n\t\t\t\t\t\t<div class=\"elementor-container elementor-column-gap-no\">\n\t\t\t\t\t\t\t<div class=\"elementor-row\">\n\t\t\t\t\t<div class=\"elementor-column elementor-col-100 elementor-top-column elementor-element elementor-element-a1173fb\" data-id=\"a1173fb\" data-element_type=\"column\">\n\t\t\t<div class=\"elementor-column-wrap elementor-element-populated\">\n\t\t\t\t\t\t\t<div class=\"elementor-widget-wrap\">\n\t\t\t\t\t\t<div class=\"elementor-element elementor-element-f907895 ekit-image-accordion-horizontal ekit-image-accordion-click elementor-widget elementor-widget-elementskit-image-accordion\" data-id=\"f907895\" data-element_type=\"widget\" data-widget_type=\"elementskit-image-accordion.default\">\n\t\t\t\t<div class=\"elementor-widget-container\">\n\t\t\t<div class=\"ekit-wid-con\" >        <div class=\"ekit-image-accordion elementskit-image-accordion-wraper\">\n                        <input type=\"radio\" name=\"ekit_ia_f907895\" id=\"ekit_ia_f907895_0\" class=\"elementskit-single-image-accordion--input\" checked hidden>\n            <label for=\"ekit_ia_f907895_0\" class=\"elementskit-single-image-accordion ekit-image-accordion-item\" style=\"background-image: url(https:\/\/guvenpackaging.com\/fr\/wp-content\/uploads\/2020\/07\/9.jpg)\">\n                <span class=\"elementskit-accordion-content\">\n                                       <span class=\"elementskit-accordion-title-wraper\">\n                        <span class=\"elementskit-accordion-title \">\n                        \n                        Rubans adh\u00e9sifs thermofusibles\n                                                <\/span>\n                    <\/span>\n                                    <\/span>\n            <\/label>\n                        <input type=\"radio\" name=\"ekit_ia_f907895\" id=\"ekit_ia_f907895_1\" class=\"elementskit-single-image-accordion--input\"  hidden>\n            <label for=\"ekit_ia_f907895_1\" class=\"elementskit-single-image-accordion ekit-image-accordion-item\" style=\"background-image: url(https:\/\/guvenpackaging.com\/fr\/wp-content\/uploads\/2020\/07\/10.jpg)\">\n                <span class=\"elementskit-accordion-content\">\n                                       <span class=\"elementskit-accordion-title-wraper\">\n                        <span class=\"elementskit-accordion-title \">\n                        \n                        Rubans adh\u00e9sifs thermofusibles\n                                                <\/span>\n                    <\/span>\n                                    <\/span>\n            <\/label>\n                        <input type=\"radio\" name=\"ekit_ia_f907895\" id=\"ekit_ia_f907895_2\" class=\"elementskit-single-image-accordion--input\"  hidden>\n            <label for=\"ekit_ia_f907895_2\" class=\"elementskit-single-image-accordion ekit-image-accordion-item\" style=\"background-image: url(https:\/\/guvenpackaging.com\/fr\/wp-content\/uploads\/2020\/07\/11.jpg)\">\n                <span class=\"elementskit-accordion-content\">\n                                       <span class=\"elementskit-accordion-title-wraper\">\n                        <span class=\"elementskit-accordion-title \">\n                        \n                        Rubans adh\u00e9sifs thermofusibles\n                                                <\/span>\n                    <\/span>\n                                    <\/span>\n            <\/label>\n                        <input type=\"radio\" name=\"ekit_ia_f907895\" id=\"ekit_ia_f907895_3\" class=\"elementskit-single-image-accordion--input\"  hidden>\n            <label for=\"ekit_ia_f907895_3\" class=\"elementskit-single-image-accordion ekit-image-accordion-item\" style=\"background-image: url(https:\/\/guvenpackaging.com\/fr\/wp-content\/uploads\/2020\/07\/13.jpg)\">\n                <span class=\"elementskit-accordion-content\">\n                                       <span class=\"elementskit-accordion-title-wraper\">\n                        <span class=\"elementskit-accordion-title \">\n                        \n                        Rubans adh\u00e9sifs thermofusibles\n                                                <\/span>\n                    <\/span>\n                                    <\/span>\n            <\/label>\n                        <input type=\"radio\" name=\"ekit_ia_f907895\" id=\"ekit_ia_f907895_4\" class=\"elementskit-single-image-accordion--input\"  hidden>\n            <label for=\"ekit_ia_f907895_4\" class=\"elementskit-single-image-accordion ekit-image-accordion-item\" style=\"background-image: url(https:\/\/guvenpackaging.com\/fr\/wp-content\/uploads\/2020\/07\/14.jpg)\">\n                <span class=\"elementskit-accordion-content\">\n                                       <span class=\"elementskit-accordion-title-wraper\">\n                        <span class=\"elementskit-accordion-title \">\n                        \n                        Rubans adh\u00e9sifs thermofusibles\n                                                <\/span>\n                    <\/span>\n                                    <\/span>\n            <\/label>\n                        <input type=\"radio\" name=\"ekit_ia_f907895\" id=\"ekit_ia_f907895_5\" class=\"elementskit-single-image-accordion--input\"  hidden>\n            <label for=\"ekit_ia_f907895_5\" class=\"elementskit-single-image-accordion ekit-image-accordion-item\" style=\"background-image: url(https:\/\/guvenpackaging.com\/fr\/wp-content\/uploads\/2020\/07\/15.jpg)\">\n                <span class=\"elementskit-accordion-content\">\n                                       <span class=\"elementskit-accordion-title-wraper\">\n                        <span class=\"elementskit-accordion-title \">\n                        \n                        Rubans adh\u00e9sifs thermofusibles\n                                                <\/span>\n                    <\/span>\n                                    <\/span>\n            <\/label>\n                        <input type=\"radio\" name=\"ekit_ia_f907895\" id=\"ekit_ia_f907895_6\" class=\"elementskit-single-image-accordion--input\"  hidden>\n            <label for=\"ekit_ia_f907895_6\" class=\"elementskit-single-image-accordion ekit-image-accordion-item\" style=\"background-image: url(https:\/\/guvenpackaging.com\/fr\/wp-content\/uploads\/2020\/07\/16.jpg)\">\n                <span class=\"elementskit-accordion-content\">\n                                       <span class=\"elementskit-accordion-title-wraper\">\n                        <span class=\"elementskit-accordion-title \">\n                        \n                        Rubans adh\u00e9sifs thermofusibles\n                                                <\/span>\n                    <\/span>\n                                    <\/span>\n            <\/label>\n                        <input type=\"radio\" name=\"ekit_ia_f907895\" id=\"ekit_ia_f907895_7\" class=\"elementskit-single-image-accordion--input\"  hidden>\n            <label for=\"ekit_ia_f907895_7\" class=\"elementskit-single-image-accordion ekit-image-accordion-item\" style=\"background-image: url(https:\/\/guvenpackaging.com\/fr\/wp-content\/uploads\/2020\/07\/17.jpg)\">\n                <span class=\"elementskit-accordion-content\">\n                                       <span class=\"elementskit-accordion-title-wraper\">\n                        <span class=\"elementskit-accordion-title \">\n                        \n                        Rubans adh\u00e9sifs thermofusibles\n                                                <\/span>\n                    <\/span>\n                                    <\/span>\n            <\/label>\n                        <input type=\"radio\" name=\"ekit_ia_f907895\" id=\"ekit_ia_f907895_8\" class=\"elementskit-single-image-accordion--input\"  hidden>\n            <label for=\"ekit_ia_f907895_8\" class=\"elementskit-single-image-accordion ekit-image-accordion-item\" style=\"background-image: url(https:\/\/guvenpackaging.com\/fr\/wp-content\/uploads\/2020\/07\/20.jpg)\">\n                <span class=\"elementskit-accordion-content\">\n                                       <span class=\"elementskit-accordion-title-wraper\">\n                        <span class=\"elementskit-accordion-title \">\n                        \n                        Rubans adh\u00e9sifs thermofusibles\n                                                <\/span>\n                    <\/span>\n                                    <\/span>\n            <\/label>\n                        <input type=\"radio\" name=\"ekit_ia_f907895\" id=\"ekit_ia_f907895_9\" class=\"elementskit-single-image-accordion--input\"  hidden>\n            <label for=\"ekit_ia_f907895_9\" class=\"elementskit-single-image-accordion ekit-image-accordion-item\" style=\"background-image: url(https:\/\/guvenpackaging.com\/fr\/wp-content\/uploads\/2020\/07\/8.jpg)\">\n                <span class=\"elementskit-accordion-content\">\n                                       <span class=\"elementskit-accordion-title-wraper\">\n                        <span class=\"elementskit-accordion-title \">\n                        \n                        Rubans adh\u00e9sifs thermofusibles\n                                                <\/span>\n                    <\/span>\n                                    <\/span>\n            <\/label>\n                    <\/div>\n    <\/div>\t\t<\/div>\n\t\t\t\t<\/div>\n\t\t\t\t\t\t<\/div>\n\t\t\t\t\t<\/div>\n\t\t<\/div>\n\t\t\t\t\t\t\t\t<\/div>\n\t\t\t\t\t<\/div>\n\t\t<\/section>\n\t\t\t\t<section class=\"elementor-section elementor-top-section elementor-element elementor-element-f28045d elementor-section-boxed elementor-section-height-default elementor-section-height-default\" data-id=\"f28045d\" data-element_type=\"section\" data-settings=\"{&quot;ekit_has_onepagescroll_dot&quot;:&quot;yes&quot;}\">\n\t\t\t\t\t\t<div class=\"elementor-container elementor-column-gap-default\">\n\t\t\t\t\t\t\t<div class=\"elementor-row\">\n\t\t\t\t\t<div class=\"elementor-column elementor-col-100 elementor-top-column elementor-element elementor-element-7235c20\" data-id=\"7235c20\" data-element_type=\"column\">\n\t\t\t<div class=\"elementor-column-wrap elementor-element-populated\">\n\t\t\t\t\t\t\t<div class=\"elementor-widget-wrap\">\n\t\t\t\t\t\t<div class=\"elementor-element elementor-element-7b73603 elementor-widget elementor-widget-elementskit-heading\" data-id=\"7b73603\" data-element_type=\"widget\" data-widget_type=\"elementskit-heading.default\">\n\t\t\t\t<div class=\"elementor-widget-container\">\n\t\t\t<div class=\"ekit-wid-con\" ><div class=\"ekit-heading elementskit-section-title-wraper text_left   ekit_heading_tablet-   ekit_heading_mobile-\"><h3 class=\"elementskit-section-subtitle  \">GUVEN PACKAGING<\/h3><h2 class=\"ekit-heading--title elementskit-section-title \">\n\t\t\t\t\tDescriptions d\u00e9taill\u00e9es\n\t\t\t\t<\/h2><\/div><\/div>\t\t<\/div>\n\t\t\t\t<\/div>\n\t\t\t\t\t\t<\/div>\n\t\t\t\t\t<\/div>\n\t\t<\/div>\n\t\t\t\t\t\t\t\t<\/div>\n\t\t\t\t\t<\/div>\n\t\t<\/section>\n\t\t\t\t<section class=\"elementor-section elementor-top-section elementor-element elementor-element-7213f6f elementor-section-boxed elementor-section-height-default elementor-section-height-default\" data-id=\"7213f6f\" data-element_type=\"section\" data-settings=\"{&quot;ekit_has_onepagescroll_dot&quot;:&quot;yes&quot;}\">\n\t\t\t\t\t\t<div class=\"elementor-container elementor-column-gap-default\">\n\t\t\t\t\t\t\t<div class=\"elementor-row\">\n\t\t\t\t\t<div class=\"elementor-column elementor-col-100 elementor-top-column elementor-element elementor-element-5db63a2\" data-id=\"5db63a2\" data-element_type=\"column\">\n\t\t\t<div class=\"elementor-column-wrap elementor-element-populated\">\n\t\t\t\t\t\t\t<div class=\"elementor-widget-wrap\">\n\t\t\t\t\t\t<div class=\"elementor-element elementor-element-74c4ab4 elementor-widget elementor-widget-text-editor\" data-id=\"74c4ab4\" data-element_type=\"widget\" data-widget_type=\"text-editor.default\">\n\t\t\t\t<div class=\"elementor-widget-container\">\n\t\t\t\t\t<div class=\"elementor-text-editor elementor-clearfix\">Il est produit avec une technologie d&#8217;application de colle HotMelt. Il est utilis\u00e9 dans les emballages de bo\u00eetes et d&#8217;emballage. Il a une forte adh\u00e9rence et est produit en 38-40-42-45 microns d&#8217;\u00e9paisseurs et en couleurs transparentes, blanches, brunes et autres. La capacit\u00e9 de production mensuelle est de 6 millions de m2. Il peut \u00eatre dimensionn\u00e9 de 24-36-45-50-60-70-90-100-120-140mm de largeur. La longueur d&#8217;enroulement maximale est de 1200 m\u00e8tres.<\/div>\n\t\t\t\t<\/div>\n\t\t\t\t<\/div>\n\t\t\t\t\t\t<\/div>\n\t\t\t\t\t<\/div>\n\t\t<\/div>\n\t\t\t\t\t\t\t\t<\/div>\n\t\t\t\t\t<\/div>\n\t\t<\/section>\n\t\t\t\t<section class=\"elementor-section elementor-top-section elementor-element elementor-element-dadbb4f elementor-section-full_width elementor-section-height-default elementor-section-height-default\" data-id=\"dadbb4f\" data-element_type=\"section\" data-settings=\"{&quot;ekit_has_onepagescroll_dot&quot;:&quot;yes&quot;}\">\n\t\t\t\t\t\t<div class=\"elementor-container elementor-column-gap-default\">\n\t\t\t\t\t\t\t<div class=\"elementor-row\">\n\t\t\t\t\t<div class=\"elementor-column elementor-col-100 elementor-top-column elementor-element elementor-element-519c04e\" data-id=\"519c04e\" data-element_type=\"column\">\n\t\t\t<div class=\"elementor-column-wrap elementor-element-populated\">\n\t\t\t\t\t\t\t<div class=\"elementor-widget-wrap\">\n\t\t\t\t\t\t<div class=\"elementor-element elementor-element-f8ca91a elementor-widget-divider--separator-type-pattern elementor-widget-divider--view-line elementor-widget elementor-widget-divider\" data-id=\"f8ca91a\" data-element_type=\"widget\" data-widget_type=\"divider.default\">\n\t\t\t\t<div class=\"elementor-widget-container\">\n\t\t\t\t\t<div class=\"elementor-divider\" style=\"--divider-pattern-url: url(&quot;data:image\/svg+xml,%3Csvg xmlns=&#039;http:\/\/www.w3.org\/2000\/svg&#039; preserveAspectRatio=&#039;none&#039; overflow=&#039;visible&#039; height=&#039;100%&#039; viewBox=&#039;0 0 24 24&#039; fill=&#039;none&#039; stroke=&#039;black&#039; stroke-width=&#039;1&#039; stroke-linecap=&#039;square&#039; stroke-miterlimit=&#039;10&#039;%3E%3Cpolyline points=&#039;0,18 12,6 24,18 &#039;\/%3E%3C\/svg%3E&quot;);\">\n\t\t\t<span class=\"elementor-divider-separator\">\n\t\t\t\t\t\t<\/span>\n\t\t<\/div>\n\t\t\t\t<\/div>\n\t\t\t\t<\/div>\n\t\t\t\t\t\t<\/div>\n\t\t\t\t\t<\/div>\n\t\t<\/div>\n\t\t\t\t\t\t\t\t<\/div>\n\t\t\t\t\t<\/div>\n\t\t<\/section>\n\t\t\t\t<section class=\"elementor-section elementor-top-section elementor-element elementor-element-6a20cda elementor-section-content-middle elementor-section-boxed elementor-section-height-default elementor-section-height-default\" data-id=\"6a20cda\" data-element_type=\"section\" data-settings=\"{&quot;ekit_has_onepagescroll_dot&quot;:&quot;yes&quot;}\">\n\t\t\t\t\t\t<div class=\"elementor-container elementor-column-gap-default\">\n\t\t\t\t\t\t\t<div class=\"elementor-row\">\n\t\t\t\t\t<div class=\"elementor-column elementor-col-100 elementor-top-column elementor-element elementor-element-3ed0a9b\" data-id=\"3ed0a9b\" data-element_type=\"column\">\n\t\t\t<div class=\"elementor-column-wrap elementor-element-populated\">\n\t\t\t\t\t\t\t<div class=\"elementor-widget-wrap\">\n\t\t\t\t\t\t<section class=\"elementor-section elementor-inner-section elementor-element elementor-element-becef5d elementor-section-content-top elementor-section-boxed elementor-section-height-default elementor-section-height-default\" data-id=\"becef5d\" data-element_type=\"section\" data-settings=\"{&quot;ekit_has_onepagescroll_dot&quot;:&quot;yes&quot;}\">\n\t\t\t\t\t\t<div class=\"elementor-container elementor-column-gap-no\">\n\t\t\t\t\t\t\t<div class=\"elementor-row\">\n\t\t\t\t\t<div class=\"elementor-column elementor-col-50 elementor-inner-column elementor-element elementor-element-d6bf84a\" data-id=\"d6bf84a\" data-element_type=\"column\">\n\t\t\t<div class=\"elementor-column-wrap elementor-element-populated\">\n\t\t\t\t\t\t\t<div class=\"elementor-widget-wrap\">\n\t\t\t\t\t\t<div class=\"elementor-element elementor-element-b5becbb elementor-widget elementor-widget-elementskit-heading\" data-id=\"b5becbb\" data-element_type=\"widget\" data-widget_type=\"elementskit-heading.default\">\n\t\t\t\t<div class=\"elementor-widget-container\">\n\t\t\t<div class=\"ekit-wid-con\" ><div class=\"ekit-heading elementskit-section-title-wraper text_left   ekit_heading_tablet-   ekit_heading_mobile-\"><h3 class=\"elementskit-section-subtitle  \">GUVEN PACKAGING<\/h3><h2 class=\"ekit-heading--title elementskit-section-title \">\n\t\t\t\t\tRubans adh\u00e9sifs en acrylique\n\t\t\t\t<\/h2><\/div><\/div>\t\t<\/div>\n\t\t\t\t<\/div>\n\t\t\t\t<div class=\"elementor-element elementor-element-f46ddf2 about-dance-top ekit-equal-height-disable elementor-widget elementor-widget-elementskit-icon-box\" data-id=\"f46ddf2\" data-element_type=\"widget\" data-widget_type=\"elementskit-icon-box.default\">\n\t\t\t\t<div class=\"elementor-widget-container\">\n\t\t\t<div class=\"ekit-wid-con\" >        <!-- link opening -->\n                <!-- end link opening -->\n\n        <div class=\"elementskit-infobox text-left text-left icon-lef-right-aligin elementor-animation- media  \">\n                            <div class=\"elementskit-box-header\">\n                <div class=\"elementskit-info-box-icon text-center\">\n                    <img src=\"https:\/\/guvenpackaging.com\/wp-content\/uploads\/2019\/06\/icon-1.png\" alt=\"\">\n                <\/div>\n          <\/div>\n                <div class=\"box-body\">\n                                    <p>Il s'agit d'un groupe de produits de ruban adh\u00e9sif acrylique \u00e0 base d'eau et sans solvant destin\u00e9 \u00e0 prot\u00e9ger l'environnement. Les rubans adh\u00e9sifs acryliques \u00e0 base d'eau sont produits avec une technologie d'application de colle acrylique. Il est principalement utilis\u00e9 pour fermer les sacs en poly\u00e9thyl\u00e8ne. Les rubans adh\u00e9sifs acryliques \u00e0 base d'eau sont disponibles en diff\u00e9rentes tailles adapt\u00e9es \u00e0 une utilisation manuelle et automatique.\n\nIl est produit en \u00e9paisseurs de 38 \u00e0 40 microns. Il est produit en couleur transparente. Il peut \u00eatre dimensionn\u00e9 en largeurs de 24-36-45-50-60-70-90-100-120-140 mm. La longueur maximale d'un rouleau est de 1 200 m\u00e8tres. <\/p>\n                                <\/div>\n        \n        \n                <\/div>\n        <\/div>\t\t<\/div>\n\t\t\t\t<\/div>\n\t\t\t\t\t\t<\/div>\n\t\t\t\t\t<\/div>\n\t\t<\/div>\n\t\t\t\t<div class=\"elementor-column elementor-col-50 elementor-inner-column elementor-element elementor-element-0600f08\" data-id=\"0600f08\" data-element_type=\"column\">\n\t\t\t<div class=\"elementor-column-wrap elementor-element-populated\">\n\t\t\t\t\t\t\t<div class=\"elementor-widget-wrap\">\n\t\t\t\t\t\t<div class=\"elementor-element elementor-element-d6d0c84 elementor-widget elementor-widget-image\" data-id=\"d6d0c84\" data-element_type=\"widget\" data-widget_type=\"image.default\">\n\t\t\t\t<div class=\"elementor-widget-container\">\n\t\t\t\t\t<div class=\"elementor-image\">\n\t\t\t\t\t\t\t\t\t\t<img src=\"https:\/\/guvenpackaging.com\/wp-content\/uploads\/2024\/03\/guvenambalaj.jpg\" title=\"\" alt=\"\" \/>\t\t\t\t\t\t\t\t\t\t\t<\/div>\n\t\t\t\t<\/div>\n\t\t\t\t<\/div>\n\t\t\t\t\t\t<\/div>\n\t\t\t\t\t<\/div>\n\t\t<\/div>\n\t\t\t\t\t\t\t\t<\/div>\n\t\t\t\t\t<\/div>\n\t\t<\/section>\n\t\t\t\t\t\t<\/div>\n\t\t\t\t\t<\/div>\n\t\t<\/div>\n\t\t\t\t\t\t\t\t<\/div>\n\t\t\t\t\t<\/div>\n\t\t<\/section>\n\t\t\t\t\t\t<\/div>\n\t\t\t\t\t\t<\/div>\n\t\t\t\t\t<\/div>\n\t\t","protected":false},"excerpt":{"rendered":"<p>GUVEN PACKAGING Rubans d&#8217;emballage HotMelt Rubans adh\u00e9sifs thermofusibles Rubans adh\u00e9sifs thermofusibles Rubans adh\u00e9sifs thermofusibles Rubans adh\u00e9sifs thermofusibles Rubans adh\u00e9sifs thermofusibles Rubans adh\u00e9sifs thermofusibles Rubans adh\u00e9sifs thermofusibles Rubans adh\u00e9sifs thermofusibles Rubans adh\u00e9sifs thermofusibles Rubans adh\u00e9sifs thermofusibles GUVEN PACKAGING Descriptions d\u00e9taill\u00e9es Il est produit avec une technologie d&#8217;application de colle HotMelt. Il est utilis\u00e9 dans les emballages [&hellip;]<\/p>\n","protected":false},"author":1,"featured_media":0,"parent":0,"menu_order":0,"comment_status":"closed","ping_status":"closed","template":"template\/full-width-template.php","meta":[],"_links":{"self":[{"href":"https:\/\/guvenpackaging.com\/fr\/wp-json\/wp\/v2\/pages\/6190"}],"collection":[{"href":"https:\/\/guvenpackaging.com\/fr\/wp-json\/wp\/v2\/pages"}],"about":[{"href":"https:\/\/guvenpackaging.com\/fr\/wp-json\/wp\/v2\/types\/page"}],"author":[{"embeddable":true,"href":"https:\/\/guvenpackaging.com\/fr\/wp-json\/wp\/v2\/users\/1"}],"replies":[{"embeddable":true,"href":"https:\/\/guvenpackaging.com\/fr\/wp-json\/wp\/v2\/comments?post=6190"}],"version-history":[{"count":14,"href":"https:\/\/guvenpackaging.com\/fr\/wp-json\/wp\/v2\/pages\/6190\/revisions"}],"predecessor-version":[{"id":7103,"href":"https:\/\/guvenpackaging.com\/fr\/wp-json\/wp\/v2\/pages\/6190\/revisions\/7103"}],"wp:attachment":[{"href":"https:\/\/guvenpackaging.com\/fr\/wp-json\/wp\/v2\/media?parent=6190"}],"curies":[{"name":"wp","href":"https:\/\/api.w.org\/{rel}","templated":true}]}}