{"id":6937,"date":"2024-03-29T14:40:00","date_gmt":"2024-03-29T11:40:00","guid":{"rendered":"https:\/\/guvenpackaging.com\/en\/?page_id=6937"},"modified":"2024-04-24T13:37:06","modified_gmt":"2024-04-24T10:37:06","slug":"refrigerator-grocery-roll-bags","status":"publish","type":"page","link":"https:\/\/guvenpackaging.com\/en\/refrigerator-grocery-roll-bags\/","title":{"rendered":"Refrigerator Bag"},"content":{"rendered":"\t\t<div data-elementor-type=\"wp-page\" data-elementor-id=\"6937\" class=\"elementor elementor-6937\" data-elementor-settings=\"[]\">\n\t\t\t\t\t\t<div class=\"elementor-inner\">\n\t\t\t\t\t\t\t<div class=\"elementor-section-wrap\">\n\t\t\t\t\t\t\t<section class=\"elementor-section elementor-top-section elementor-element elementor-element-b642627 elementor-section-boxed elementor-section-height-default elementor-section-height-default\" data-id=\"b642627\" data-element_type=\"section\" data-settings=\"{&quot;ekit_has_onepagescroll_dot&quot;:&quot;yes&quot;}\">\n\t\t\t\t\t\t<div class=\"elementor-container elementor-column-gap-default\">\n\t\t\t\t\t\t\t<div class=\"elementor-row\">\n\t\t\t\t\t<div class=\"elementor-column elementor-col-100 elementor-top-column elementor-element elementor-element-109085b\" data-id=\"109085b\" data-element_type=\"column\">\n\t\t\t<div class=\"elementor-column-wrap elementor-element-populated\">\n\t\t\t\t\t\t\t<div class=\"elementor-widget-wrap\">\n\t\t\t\t\t\t<div class=\"elementor-element elementor-element-62f6e19 elementor-widget elementor-widget-elementskit-heading\" data-id=\"62f6e19\" data-element_type=\"widget\" data-widget_type=\"elementskit-heading.default\">\n\t\t\t\t<div class=\"elementor-widget-container\">\n\t\t\t<div class=\"ekit-wid-con\" ><div class=\"ekit-heading elementskit-section-title-wraper text_center   ekit_heading_tablet-   ekit_heading_mobile-\"><h3 class=\"elementskit-section-subtitle  \">GUVEN PACKAGING<\/h3><h2 class=\"ekit-heading--title elementskit-section-title \">\n\t\t\t\t\tRefrigerator Bag\n\t\t\t\t<\/h2><\/div><\/div>\t\t<\/div>\n\t\t\t\t<\/div>\n\t\t\t\t\t\t<\/div>\n\t\t\t\t\t<\/div>\n\t\t<\/div>\n\t\t\t\t\t\t\t\t<\/div>\n\t\t\t\t\t<\/div>\n\t\t<\/section>\n\t\t\t\t<section class=\"elementor-section elementor-top-section elementor-element elementor-element-b520349 elementor-section-boxed elementor-section-height-default elementor-section-height-default\" data-id=\"b520349\" data-element_type=\"section\" data-settings=\"{&quot;ekit_has_onepagescroll_dot&quot;:&quot;yes&quot;}\">\n\t\t\t\t\t\t<div class=\"elementor-container elementor-column-gap-default\">\n\t\t\t\t\t\t\t<div class=\"elementor-row\">\n\t\t\t\t\t<div class=\"elementor-column elementor-col-100 elementor-top-column elementor-element elementor-element-410644d\" data-id=\"410644d\" data-element_type=\"column\">\n\t\t\t<div class=\"elementor-column-wrap elementor-element-populated\">\n\t\t\t\t\t\t\t<div class=\"elementor-widget-wrap\">\n\t\t\t\t\t\t<section class=\"elementor-section elementor-inner-section elementor-element elementor-element-5b421d5 elementor-section-boxed elementor-section-height-default elementor-section-height-default\" data-id=\"5b421d5\" data-element_type=\"section\" data-settings=\"{&quot;ekit_has_onepagescroll_dot&quot;:&quot;yes&quot;}\">\n\t\t\t\t\t\t<div class=\"elementor-container elementor-column-gap-default\">\n\t\t\t\t\t\t\t<div class=\"elementor-row\">\n\t\t\t\t\t<div class=\"elementor-column elementor-col-33 elementor-inner-column elementor-element elementor-element-681df8e\" data-id=\"681df8e\" data-element_type=\"column\">\n\t\t\t<div class=\"elementor-column-wrap elementor-element-populated\">\n\t\t\t\t\t\t\t<div class=\"elementor-widget-wrap\">\n\t\t\t\t\t\t<div class=\"elementor-element elementor-element-6cf64ff elementor-widget elementor-widget-image\" data-id=\"6cf64ff\" data-element_type=\"widget\" data-widget_type=\"image.default\">\n\t\t\t\t<div class=\"elementor-widget-container\">\n\t\t\t\t\t<div class=\"elementor-image\">\n\t\t\t\t\t\t\t\t\t\t<img src=\"https:\/\/guvenpackaging.com\/wp-content\/uploads\/2024\/04\/GetPaidStock.com-66225bd5eb6dc.jpg\" title=\"\" alt=\"\" \/>\t\t\t\t\t\t\t\t\t\t\t<\/div>\n\t\t\t\t<\/div>\n\t\t\t\t<\/div>\n\t\t\t\t\t\t<\/div>\n\t\t\t\t\t<\/div>\n\t\t<\/div>\n\t\t\t\t<div class=\"elementor-column elementor-col-33 elementor-inner-column elementor-element elementor-element-10e7af2\" data-id=\"10e7af2\" data-element_type=\"column\">\n\t\t\t<div class=\"elementor-column-wrap elementor-element-populated\">\n\t\t\t\t\t\t\t<div class=\"elementor-widget-wrap\">\n\t\t\t\t\t\t<div class=\"elementor-element elementor-element-0d5aa7e elementor-widget elementor-widget-image\" data-id=\"0d5aa7e\" data-element_type=\"widget\" data-widget_type=\"image.default\">\n\t\t\t\t<div class=\"elementor-widget-container\">\n\t\t\t\t\t<div class=\"elementor-image\">\n\t\t\t\t\t\t\t\t\t\t<img src=\"https:\/\/guvenpackaging.com\/wp-content\/uploads\/2024\/03\/buzdolabi-poset.jpg\" title=\"\" alt=\"\" \/>\t\t\t\t\t\t\t\t\t\t\t<\/div>\n\t\t\t\t<\/div>\n\t\t\t\t<\/div>\n\t\t\t\t\t\t<\/div>\n\t\t\t\t\t<\/div>\n\t\t<\/div>\n\t\t\t\t<div class=\"elementor-column elementor-col-33 elementor-inner-column elementor-element elementor-element-20e0f47\" data-id=\"20e0f47\" data-element_type=\"column\">\n\t\t\t<div class=\"elementor-column-wrap elementor-element-populated\">\n\t\t\t\t\t\t\t<div class=\"elementor-widget-wrap\">\n\t\t\t\t\t\t<div class=\"elementor-element elementor-element-6c81b69 elementor-widget elementor-widget-image\" data-id=\"6c81b69\" data-element_type=\"widget\" data-widget_type=\"image.default\">\n\t\t\t\t<div class=\"elementor-widget-container\">\n\t\t\t\t\t<div class=\"elementor-image\">\n\t\t\t\t\t\t\t\t\t\t<img src=\"https:\/\/guvenpackaging.com\/wp-content\/uploads\/2024\/04\/GetPaidStock.com-66225b02ccfdc.jpg\" title=\"\" alt=\"\" \/>\t\t\t\t\t\t\t\t\t\t\t<\/div>\n\t\t\t\t<\/div>\n\t\t\t\t<\/div>\n\t\t\t\t\t\t<\/div>\n\t\t\t\t\t<\/div>\n\t\t<\/div>\n\t\t\t\t\t\t\t\t<\/div>\n\t\t\t\t\t<\/div>\n\t\t<\/section>\n\t\t\t\t\t\t<\/div>\n\t\t\t\t\t<\/div>\n\t\t<\/div>\n\t\t\t\t\t\t\t\t<\/div>\n\t\t\t\t\t<\/div>\n\t\t<\/section>\n\t\t\t\t<section class=\"elementor-section elementor-top-section elementor-element elementor-element-160da42 elementor-section-full_width elementor-section-height-default elementor-section-height-default\" data-id=\"160da42\" data-element_type=\"section\" data-settings=\"{&quot;ekit_has_onepagescroll_dot&quot;:&quot;yes&quot;}\">\n\t\t\t\t\t\t<div class=\"elementor-container elementor-column-gap-default\">\n\t\t\t\t\t\t\t<div class=\"elementor-row\">\n\t\t\t\t\t<div class=\"elementor-column elementor-col-100 elementor-top-column elementor-element elementor-element-fec9441\" data-id=\"fec9441\" data-element_type=\"column\">\n\t\t\t<div class=\"elementor-column-wrap elementor-element-populated\">\n\t\t\t\t\t\t\t<div class=\"elementor-widget-wrap\">\n\t\t\t\t\t\t<div class=\"elementor-element elementor-element-ce31ec4 elementor-widget-divider--separator-type-pattern elementor-widget-divider--view-line elementor-widget elementor-widget-divider\" data-id=\"ce31ec4\" data-element_type=\"widget\" data-widget_type=\"divider.default\">\n\t\t\t\t<div class=\"elementor-widget-container\">\n\t\t\t\t\t<div class=\"elementor-divider\" style=\"--divider-pattern-url: url(&quot;data:image\/svg+xml,%3Csvg xmlns=&#039;http:\/\/www.w3.org\/2000\/svg&#039; preserveAspectRatio=&#039;none&#039; overflow=&#039;visible&#039; height=&#039;100%&#039; viewBox=&#039;0 0 24 24&#039; fill=&#039;none&#039; stroke=&#039;black&#039; stroke-width=&#039;1&#039; stroke-linecap=&#039;square&#039; stroke-miterlimit=&#039;10&#039;%3E%3Cpolyline points=&#039;0,18 12,6 24,18 &#039;\/%3E%3C\/svg%3E&quot;);\">\n\t\t\t<span class=\"elementor-divider-separator\">\n\t\t\t\t\t\t<\/span>\n\t\t<\/div>\n\t\t\t\t<\/div>\n\t\t\t\t<\/div>\n\t\t\t\t\t\t<\/div>\n\t\t\t\t\t<\/div>\n\t\t<\/div>\n\t\t\t\t\t\t\t\t<\/div>\n\t\t\t\t\t<\/div>\n\t\t<\/section>\n\t\t\t\t<section class=\"elementor-section elementor-top-section elementor-element elementor-element-225aa42 elementor-section-boxed elementor-section-height-default elementor-section-height-default\" data-id=\"225aa42\" data-element_type=\"section\" data-settings=\"{&quot;ekit_has_onepagescroll_dot&quot;:&quot;yes&quot;}\">\n\t\t\t\t\t\t<div class=\"elementor-container elementor-column-gap-default\">\n\t\t\t\t\t\t\t<div class=\"elementor-row\">\n\t\t\t\t\t<div class=\"elementor-column elementor-col-100 elementor-top-column elementor-element elementor-element-3fe393a\" data-id=\"3fe393a\" data-element_type=\"column\">\n\t\t\t<div class=\"elementor-column-wrap elementor-element-populated\">\n\t\t\t\t\t\t\t<div class=\"elementor-widget-wrap\">\n\t\t\t\t\t\t<section class=\"elementor-section elementor-inner-section elementor-element elementor-element-f341630 elementor-section-content-top elementor-section-boxed elementor-section-height-default elementor-section-height-default\" data-id=\"f341630\" data-element_type=\"section\" data-settings=\"{&quot;ekit_has_onepagescroll_dot&quot;:&quot;yes&quot;}\">\n\t\t\t\t\t\t<div class=\"elementor-container elementor-column-gap-no\">\n\t\t\t\t\t\t\t<div class=\"elementor-row\">\n\t\t\t\t\t<div class=\"elementor-column elementor-col-50 elementor-inner-column elementor-element elementor-element-37cda91\" data-id=\"37cda91\" data-element_type=\"column\">\n\t\t\t<div class=\"elementor-column-wrap elementor-element-populated\">\n\t\t\t\t\t\t\t<div class=\"elementor-widget-wrap\">\n\t\t\t\t\t\t<div class=\"elementor-element elementor-element-6650974 elementor-widget elementor-widget-elementskit-heading\" data-id=\"6650974\" data-element_type=\"widget\" data-widget_type=\"elementskit-heading.default\">\n\t\t\t\t<div class=\"elementor-widget-container\">\n\t\t\t<div class=\"ekit-wid-con\" ><div class=\"ekit-heading elementskit-section-title-wraper text_left   ekit_heading_tablet-   ekit_heading_mobile-\"><h3 class=\"elementskit-section-subtitle  \">GUVEN PACKAGING<\/h3><h2 class=\"ekit-heading--title elementskit-section-title \">\n\t\t\t\t\tProduct Features\n\t\t\t\t<\/h2><\/div><\/div>\t\t<\/div>\n\t\t\t\t<\/div>\n\t\t\t\t<div class=\"elementor-element elementor-element-166ed4e elementor-widget elementor-widget-text-editor\" data-id=\"166ed4e\" data-element_type=\"widget\" data-widget_type=\"text-editor.default\">\n\t\t\t\t<div class=\"elementor-widget-container\">\n\t\t\t\t\t<div class=\"elementor-text-editor elementor-clearfix\"><p>Orbus Freezer Bag<br \/>It allows you to store your food hygienically for a long time.<\/p><p>\u2022 It has a leak-proof structure.<\/p><p>\u2022 Only vegetables and fruits<\/p><p>Products such as meat, chicken and fish can also be stored safely in the refrigerator or freezer.<\/p><p>\u2022 It is produced without human touch.<\/p><p>\u2022 Does not contain BPA (Bisphenol A).<\/p><p>\u2022 Do not use in microwave or oven.<\/p><\/div>\n\t\t\t\t<\/div>\n\t\t\t\t<\/div>\n\t\t\t\t\t\t<\/div>\n\t\t\t\t\t<\/div>\n\t\t<\/div>\n\t\t\t\t<div class=\"elementor-column elementor-col-50 elementor-inner-column elementor-element elementor-element-7089c23\" data-id=\"7089c23\" data-element_type=\"column\">\n\t\t\t<div class=\"elementor-column-wrap elementor-element-populated\">\n\t\t\t\t\t\t\t<div class=\"elementor-widget-wrap\">\n\t\t\t\t\t\t<div class=\"elementor-element elementor-element-cf3c22f elementor-widget elementor-widget-image\" data-id=\"cf3c22f\" data-element_type=\"widget\" data-widget_type=\"image.default\">\n\t\t\t\t<div class=\"elementor-widget-container\">\n\t\t\t\t\t<div class=\"elementor-image\">\n\t\t\t\t\t\t\t\t\t\t<img src=\"https:\/\/guvenpackaging.com\/wp-content\/uploads\/2024\/04\/GetPaidStock.com-66225b4e747e2.jpg\" title=\"\" alt=\"\" \/>\t\t\t\t\t\t\t\t\t\t\t<\/div>\n\t\t\t\t<\/div>\n\t\t\t\t<\/div>\n\t\t\t\t\t\t<\/div>\n\t\t\t\t\t<\/div>\n\t\t<\/div>\n\t\t\t\t\t\t\t\t<\/div>\n\t\t\t\t\t<\/div>\n\t\t<\/section>\n\t\t\t\t\t\t<\/div>\n\t\t\t\t\t<\/div>\n\t\t<\/div>\n\t\t\t\t\t\t\t\t<\/div>\n\t\t\t\t\t<\/div>\n\t\t<\/section>\n\t\t\t\t<section class=\"elementor-section elementor-top-section elementor-element elementor-element-fbee7f4 elementor-section-boxed elementor-section-height-default elementor-section-height-default\" data-id=\"fbee7f4\" data-element_type=\"section\" data-settings=\"{&quot;ekit_has_onepagescroll_dot&quot;:&quot;yes&quot;}\">\n\t\t\t\t\t\t<div class=\"elementor-container elementor-column-gap-default\">\n\t\t\t\t\t\t\t<div class=\"elementor-row\">\n\t\t\t\t\t<div class=\"elementor-column elementor-col-100 elementor-top-column elementor-element elementor-element-366529d\" data-id=\"366529d\" data-element_type=\"column\">\n\t\t\t<div class=\"elementor-column-wrap elementor-element-populated\">\n\t\t\t\t\t\t\t<div class=\"elementor-widget-wrap\">\n\t\t\t\t\t\t<div class=\"elementor-element elementor-element-ee972e4 about-dance-top ekit-equal-height-disable elementor-widget elementor-widget-elementskit-icon-box\" data-id=\"ee972e4\" data-element_type=\"widget\" data-widget_type=\"elementskit-icon-box.default\">\n\t\t\t\t<div class=\"elementor-widget-container\">\n\t\t\t<div class=\"ekit-wid-con\" >        <!-- link opening -->\n                <!-- end link opening -->\n\n        <div class=\"elementskit-infobox text-left text- icon-lef-right-aligin elementor-animation-   \">\n                        <div class=\"box-body\">\n                            <h3 class=\"elementskit-info-box-title\">\n                    Main Features                <\/h3>\n                                    <p>\u2022 Orbus Refrigerator Bag protects your foods such as fruits, vegetables and dry foods from external factors, prevents them from spoiling and drying and preserves their freshness.\n<br>\n\u2022 Ideal for storing food to be frozen in the deep freezer.\n<br>\n\n\u2022 You can close the bag and store various foods in the refrigerator.\n<br>\n\n\u2022 Do not use freezer bags in the oven or microwave oven. <\/p>\n                                <\/div>\n        \n        \n                <\/div>\n        <\/div>\t\t<\/div>\n\t\t\t\t<\/div>\n\t\t\t\t<div class=\"elementor-element elementor-element-0b4ea8b about-dance-top ekit-equal-height-disable elementor-widget elementor-widget-elementskit-icon-box\" data-id=\"0b4ea8b\" data-element_type=\"widget\" data-widget_type=\"elementskit-icon-box.default\">\n\t\t\t\t<div class=\"elementor-widget-container\">\n\t\t\t<div class=\"ekit-wid-con\" >        <!-- link opening -->\n                <!-- end link opening -->\n\n        <div class=\"elementskit-infobox text-left text-left icon-lef-right-aligin elementor-animation- media  \">\n                            <div class=\"elementskit-box-header\">\n                <div class=\"elementskit-info-box-icon text-center\">\n                    <img src=\"https:\/\/guvenpackaging.com\/wp-content\/uploads\/2019\/07\/icon-21.png\" alt=\"Orbus Freezer Bag\">\n                <\/div>\n          <\/div>\n                <div class=\"box-body\">\n                            <h3 class=\"elementskit-info-box-title\">\n                    Orbus Freezer Bag                <\/h3>\n                                    <p>Orbus Freezer Bag\nIt allows you to store your food hygienically for a long time.\n<br>\n\n<br>\n\u2022 It has a leak-proof structure.\n<br>\n\n\u2022 Only vegetables and fruits\n<br>\n  Products such as meat, chicken and fish can also be stored safely in the refrigerator or freezer.\n<br>\n\n\u2022 It is produced without human touch.\n<br>\n\n\u2022 Does not contain BPA (Bisphenol A).\n<br>\n\n\u2022 Do not use in microwave or oven.\n<br> <\/p>\n                                <\/div>\n        \n        \n                <\/div>\n        <\/div>\t\t<\/div>\n\t\t\t\t<\/div>\n\t\t\t\t\t\t<\/div>\n\t\t\t\t\t<\/div>\n\t\t<\/div>\n\t\t\t\t\t\t\t\t<\/div>\n\t\t\t\t\t<\/div>\n\t\t<\/section>\n\t\t\t\t\t\t<\/div>\n\t\t\t\t\t\t<\/div>\n\t\t\t\t\t<\/div>\n\t\t","protected":false},"excerpt":{"rendered":"<p>GUVEN PACKAGING Refrigerator Bag GUVEN PACKAGING Product Features Orbus Freezer BagIt allows you to store your food hygienically for a long time. \u2022 It has a leak-proof structure. \u2022 Only vegetables and fruits Products such as meat, chicken and fish can also be stored safely in the refrigerator or freezer. \u2022 It is produced without [&hellip;]<\/p>\n","protected":false},"author":1,"featured_media":0,"parent":0,"menu_order":0,"comment_status":"closed","ping_status":"closed","template":"","meta":[],"yoast_head":"<!-- This site is optimized with the Yoast SEO plugin v17.8 - https:\/\/yoast.com\/wordpress\/plugins\/seo\/ -->\n<title>Refrigerator Bag - Guven Packaging<\/title>\n<meta name=\"robots\" content=\"index, follow, max-snippet:-1, max-image-preview:large, max-video-preview:-1\" \/>\n<link rel=\"canonical\" href=\"https:\/\/guvenpackaging.com\/en\/refrigerator-grocery-roll-bags\/\" \/>\n<meta property=\"og:locale\" content=\"tr_TR\" \/>\n<meta property=\"og:type\" content=\"article\" \/>\n<meta property=\"og:title\" content=\"Refrigerator Bag - Guven Packaging\" \/>\n<meta property=\"og:description\" content=\"GUVEN PACKAGING Refrigerator Bag GUVEN PACKAGING Product Features Orbus Freezer BagIt allows you to store your food hygienically for a long time. \u2022 It has a leak-proof structure. \u2022 Only vegetables and fruits Products such as meat, chicken and fish can also be stored safely in the refrigerator or freezer. \u2022 It is produced without [&hellip;]\" \/>\n<meta property=\"og:url\" content=\"https:\/\/guvenpackaging.com\/en\/refrigerator-grocery-roll-bags\/\" \/>\n<meta property=\"og:site_name\" content=\"Guven Packaging\" \/>\n<meta property=\"article:modified_time\" content=\"2024-04-24T10:37:06+00:00\" \/>\n<meta property=\"og:image\" content=\"https:\/\/guvenpackaging.com\/wp-content\/uploads\/2024\/04\/GetPaidStock.com-66225bd5eb6dc.jpg\" \/>\n<meta name=\"twitter:card\" content=\"summary_large_image\" \/>\n<meta name=\"twitter:label1\" content=\"Tahmini okuma s\u00fcresi\" \/>\n\t<meta name=\"twitter:data1\" content=\"3 dakika\" \/>\n<script type=\"application\/ld+json\" class=\"yoast-schema-graph\">{\"@context\":\"https:\/\/schema.org\",\"@graph\":[{\"@type\":\"WebSite\",\"@id\":\"https:\/\/guvenpackaging.com\/en\/#website\",\"url\":\"https:\/\/guvenpackaging.com\/en\/\",\"name\":\"Guven Packaging\",\"description\":\"G\\u00fcc\\u00fcm\\u00fcz\\u00fc De\\u011fi\\u015fimden Al\\u0131r\\u0131z\",\"potentialAction\":[{\"@type\":\"SearchAction\",\"target\":{\"@type\":\"EntryPoint\",\"urlTemplate\":\"https:\/\/guvenpackaging.com\/en\/?s={search_term_string}\"},\"query-input\":\"required name=search_term_string\"}],\"inLanguage\":\"tr\"},{\"@type\":\"ImageObject\",\"@id\":\"https:\/\/guvenpackaging.com\/en\/refrigerator-grocery-roll-bags\/#primaryimage\",\"inLanguage\":\"tr\",\"url\":\"https:\/\/guvenpackaging.com\/wp-content\/uploads\/2024\/04\/GetPaidStock.com-66225bd5eb6dc.jpg\",\"contentUrl\":\"https:\/\/guvenpackaging.com\/wp-content\/uploads\/2024\/04\/GetPaidStock.com-66225bd5eb6dc.jpg\"},{\"@type\":\"WebPage\",\"@id\":\"https:\/\/guvenpackaging.com\/en\/refrigerator-grocery-roll-bags\/#webpage\",\"url\":\"https:\/\/guvenpackaging.com\/en\/refrigerator-grocery-roll-bags\/\",\"name\":\"Refrigerator Bag - Guven Packaging\",\"isPartOf\":{\"@id\":\"https:\/\/guvenpackaging.com\/en\/#website\"},\"primaryImageOfPage\":{\"@id\":\"https:\/\/guvenpackaging.com\/en\/refrigerator-grocery-roll-bags\/#primaryimage\"},\"datePublished\":\"2024-03-29T11:40:00+00:00\",\"dateModified\":\"2024-04-24T10:37:06+00:00\",\"breadcrumb\":{\"@id\":\"https:\/\/guvenpackaging.com\/en\/refrigerator-grocery-roll-bags\/#breadcrumb\"},\"inLanguage\":\"tr\",\"potentialAction\":[{\"@type\":\"ReadAction\",\"target\":[\"https:\/\/guvenpackaging.com\/en\/refrigerator-grocery-roll-bags\/\"]}]},{\"@type\":\"BreadcrumbList\",\"@id\":\"https:\/\/guvenpackaging.com\/en\/refrigerator-grocery-roll-bags\/#breadcrumb\",\"itemListElement\":[{\"@type\":\"ListItem\",\"position\":1,\"name\":\"Anasayfa\",\"item\":\"https:\/\/guvenpackaging.com\/en\/\"},{\"@type\":\"ListItem\",\"position\":2,\"name\":\"Refrigerator Bag\"}]}]}<\/script>\n<!-- \/ Yoast SEO plugin. -->","yoast_head_json":{"title":"Refrigerator Bag - Guven Packaging","robots":{"index":"index","follow":"follow","max-snippet":"max-snippet:-1","max-image-preview":"max-image-preview:large","max-video-preview":"max-video-preview:-1"},"canonical":"https:\/\/guvenpackaging.com\/en\/refrigerator-grocery-roll-bags\/","og_locale":"tr_TR","og_type":"article","og_title":"Refrigerator Bag - Guven Packaging","og_description":"GUVEN PACKAGING Refrigerator Bag GUVEN PACKAGING Product Features Orbus Freezer BagIt allows you to store your food hygienically for a long time. \u2022 It has a leak-proof structure. \u2022 Only vegetables and fruits Products such as meat, chicken and fish can also be stored safely in the refrigerator or freezer. \u2022 It is produced without [&hellip;]","og_url":"https:\/\/guvenpackaging.com\/en\/refrigerator-grocery-roll-bags\/","og_site_name":"Guven Packaging","article_modified_time":"2024-04-24T10:37:06+00:00","og_image":[{"url":"https:\/\/guvenpackaging.com\/wp-content\/uploads\/2024\/04\/GetPaidStock.com-66225bd5eb6dc.jpg"}],"twitter_card":"summary_large_image","twitter_misc":{"Tahmini okuma s\u00fcresi":"3 dakika"},"schema":{"@context":"https:\/\/schema.org","@graph":[{"@type":"WebSite","@id":"https:\/\/guvenpackaging.com\/en\/#website","url":"https:\/\/guvenpackaging.com\/en\/","name":"Guven Packaging","description":"G\u00fcc\u00fcm\u00fcz\u00fc De\u011fi\u015fimden Al\u0131r\u0131z","potentialAction":[{"@type":"SearchAction","target":{"@type":"EntryPoint","urlTemplate":"https:\/\/guvenpackaging.com\/en\/?s={search_term_string}"},"query-input":"required name=search_term_string"}],"inLanguage":"tr"},{"@type":"ImageObject","@id":"https:\/\/guvenpackaging.com\/en\/refrigerator-grocery-roll-bags\/#primaryimage","inLanguage":"tr","url":"https:\/\/guvenpackaging.com\/wp-content\/uploads\/2024\/04\/GetPaidStock.com-66225bd5eb6dc.jpg","contentUrl":"https:\/\/guvenpackaging.com\/wp-content\/uploads\/2024\/04\/GetPaidStock.com-66225bd5eb6dc.jpg"},{"@type":"WebPage","@id":"https:\/\/guvenpackaging.com\/en\/refrigerator-grocery-roll-bags\/#webpage","url":"https:\/\/guvenpackaging.com\/en\/refrigerator-grocery-roll-bags\/","name":"Refrigerator Bag - Guven Packaging","isPartOf":{"@id":"https:\/\/guvenpackaging.com\/en\/#website"},"primaryImageOfPage":{"@id":"https:\/\/guvenpackaging.com\/en\/refrigerator-grocery-roll-bags\/#primaryimage"},"datePublished":"2024-03-29T11:40:00+00:00","dateModified":"2024-04-24T10:37:06+00:00","breadcrumb":{"@id":"https:\/\/guvenpackaging.com\/en\/refrigerator-grocery-roll-bags\/#breadcrumb"},"inLanguage":"tr","potentialAction":[{"@type":"ReadAction","target":["https:\/\/guvenpackaging.com\/en\/refrigerator-grocery-roll-bags\/"]}]},{"@type":"BreadcrumbList","@id":"https:\/\/guvenpackaging.com\/en\/refrigerator-grocery-roll-bags\/#breadcrumb","itemListElement":[{"@type":"ListItem","position":1,"name":"Anasayfa","item":"https:\/\/guvenpackaging.com\/en\/"},{"@type":"ListItem","position":2,"name":"Refrigerator Bag"}]}]}},"_links":{"self":[{"href":"https:\/\/guvenpackaging.com\/en\/wp-json\/wp\/v2\/pages\/6937"}],"collection":[{"href":"https:\/\/guvenpackaging.com\/en\/wp-json\/wp\/v2\/pages"}],"about":[{"href":"https:\/\/guvenpackaging.com\/en\/wp-json\/wp\/v2\/types\/page"}],"author":[{"embeddable":true,"href":"https:\/\/guvenpackaging.com\/en\/wp-json\/wp\/v2\/users\/1"}],"replies":[{"embeddable":true,"href":"https:\/\/guvenpackaging.com\/en\/wp-json\/wp\/v2\/comments?post=6937"}],"version-history":[{"count":20,"href":"https:\/\/guvenpackaging.com\/en\/wp-json\/wp\/v2\/pages\/6937\/revisions"}],"predecessor-version":[{"id":7689,"href":"https:\/\/guvenpackaging.com\/en\/wp-json\/wp\/v2\/pages\/6937\/revisions\/7689"}],"wp:attachment":[{"href":"https:\/\/guvenpackaging.com\/en\/wp-json\/wp\/v2\/media?parent=6937"}],"curies":[{"name":"wp","href":"https:\/\/api.w.org\/{rel}","templated":true}]}}