{"id":6897,"date":"2024-03-29T12:52:12","date_gmt":"2024-03-29T09:52:12","guid":{"rendered":"https:\/\/guvenpackaging.com\/en\/?page_id=6897"},"modified":"2024-04-24T09:39:33","modified_gmt":"2024-04-24T06:39:33","slug":"sustainability","status":"publish","type":"page","link":"https:\/\/guvenpackaging.com\/en\/sustainability\/","title":{"rendered":"Sustainability"},"content":{"rendered":"\t\t<div data-elementor-type=\"wp-page\" data-elementor-id=\"6897\" class=\"elementor elementor-6897\" data-elementor-settings=\"[]\">\n\t\t\t\t\t\t<div class=\"elementor-inner\">\n\t\t\t\t\t\t\t<div class=\"elementor-section-wrap\">\n\t\t\t\t\t\t\t<section class=\"elementor-section elementor-top-section elementor-element elementor-element-db2b743 elementor-section-full_width elementor-section-height-default elementor-section-height-default\" data-id=\"db2b743\" data-element_type=\"section\" data-settings=\"{&quot;ekit_has_onepagescroll_dot&quot;:&quot;yes&quot;}\">\n\t\t\t\t\t\t\t<div class=\"elementor-background-overlay\"><\/div>\n\t\t\t\t\t\t\t<div class=\"elementor-container elementor-column-gap-no\">\n\t\t\t\t\t\t\t<div class=\"elementor-row\">\n\t\t\t\t\t<div class=\"elementor-column elementor-col-100 elementor-top-column elementor-element elementor-element-2572ab5\" data-id=\"2572ab5\" data-element_type=\"column\" data-settings=\"{&quot;background_background&quot;:&quot;classic&quot;}\">\n\t\t\t<div class=\"elementor-column-wrap elementor-element-populated\">\n\t\t\t\t\t\t\t<div class=\"elementor-widget-wrap\">\n\t\t\t\t\t\t<div class=\"elementor-element elementor-element-e8b9831 elementor-widget-divider--view-line elementor-widget elementor-widget-divider\" data-id=\"e8b9831\" data-element_type=\"widget\" data-widget_type=\"divider.default\">\n\t\t\t\t<div class=\"elementor-widget-container\">\n\t\t\t\t\t<div class=\"elementor-divider\">\n\t\t\t<span class=\"elementor-divider-separator\">\n\t\t\t\t\t\t<\/span>\n\t\t<\/div>\n\t\t\t\t<\/div>\n\t\t\t\t<\/div>\n\t\t\t\t\t\t<\/div>\n\t\t\t\t\t<\/div>\n\t\t<\/div>\n\t\t\t\t\t\t\t\t<\/div>\n\t\t\t\t\t<\/div>\n\t\t<\/section>\n\t\t\t\t<section class=\"elementor-section elementor-top-section elementor-element elementor-element-a495f9d elementor-section-boxed elementor-section-height-default elementor-section-height-default\" data-id=\"a495f9d\" data-element_type=\"section\" data-settings=\"{&quot;background_background&quot;:&quot;classic&quot;,&quot;ekit_has_onepagescroll_dot&quot;:&quot;yes&quot;}\">\n\t\t\t\t\t\t<div class=\"elementor-container elementor-column-gap-default\">\n\t\t\t\t\t\t\t<div class=\"elementor-row\">\n\t\t\t\t\t<div class=\"elementor-column elementor-col-33 elementor-top-column elementor-element elementor-element-89f3f11 elementor-invisible\" data-id=\"89f3f11\" data-element_type=\"column\" data-settings=\"{&quot;animation&quot;:&quot;fadeInDown&quot;}\">\n\t\t\t<div class=\"elementor-column-wrap elementor-element-populated\">\n\t\t\t\t\t\t\t<div class=\"elementor-widget-wrap\">\n\t\t\t\t\t\t<div class=\"elementor-element elementor-element-64a7609 elementor-icon-list--layout-traditional elementor-list-item-link-full_width elementor-widget elementor-widget-icon-list\" data-id=\"64a7609\" data-element_type=\"widget\" data-widget_type=\"icon-list.default\">\n\t\t\t\t<div class=\"elementor-widget-container\">\n\t\t\t\t\t<ul class=\"elementor-icon-list-items\">\n\t\t\t\t\t\t\t<li class=\"elementor-icon-list-item\">\n\t\t\t\t\t\t\t\t\t\t\t<span class=\"elementor-icon-list-icon\">\n\t\t\t\t\t\t\t<i aria-hidden=\"true\" class=\"fas fa-check-square\"><\/i>\t\t\t\t\t\t<\/span>\n\t\t\t\t\t\t\t\t\t\t<span class=\"elementor-icon-list-text\">Suitable for Recycling <br><br><\/span>\n\t\t\t\t\t\t\t\t\t<\/li>\n\t\t\t\t\t\t<\/ul>\n\t\t\t\t<\/div>\n\t\t\t\t<\/div>\n\t\t\t\t<div class=\"elementor-element elementor-element-07eb79d elementor-widget elementor-widget-heading\" data-id=\"07eb79d\" data-element_type=\"widget\" data-widget_type=\"heading.default\">\n\t\t\t\t<div class=\"elementor-widget-container\">\n\t\t\t<h1 class=\"elementor-heading-title elementor-size-default\">\n\nG\u00fcven Ambalaj products are recyclable and environmentally friendly products.<\/h1>\t\t<\/div>\n\t\t\t\t<\/div>\n\t\t\t\t\t\t<\/div>\n\t\t\t\t\t<\/div>\n\t\t<\/div>\n\t\t\t\t<div class=\"elementor-column elementor-col-33 elementor-top-column elementor-element elementor-element-b9149fb elementor-invisible\" data-id=\"b9149fb\" data-element_type=\"column\" data-settings=\"{&quot;animation&quot;:&quot;fadeInDown&quot;}\">\n\t\t\t<div class=\"elementor-column-wrap elementor-element-populated\">\n\t\t\t\t\t\t\t<div class=\"elementor-widget-wrap\">\n\t\t\t\t\t\t<div class=\"elementor-element elementor-element-086a0f6 elementor-icon-list--layout-traditional elementor-list-item-link-full_width elementor-widget elementor-widget-icon-list\" data-id=\"086a0f6\" data-element_type=\"widget\" data-widget_type=\"icon-list.default\">\n\t\t\t\t<div class=\"elementor-widget-container\">\n\t\t\t\t\t<ul class=\"elementor-icon-list-items\">\n\t\t\t\t\t\t\t<li class=\"elementor-icon-list-item\">\n\t\t\t\t\t\t\t\t\t\t\t<span class=\"elementor-icon-list-icon\">\n\t\t\t\t\t\t\t<i aria-hidden=\"true\" class=\"fas fa-check-square\"><\/i>\t\t\t\t\t\t<\/span>\n\t\t\t\t\t\t\t\t\t\t<span class=\"elementor-icon-list-text\">Lower Carbon Footprint <br><br><\/span>\n\t\t\t\t\t\t\t\t\t<\/li>\n\t\t\t\t\t\t<\/ul>\n\t\t\t\t<\/div>\n\t\t\t\t<\/div>\n\t\t\t\t<div class=\"elementor-element elementor-element-6d2711b elementor-widget elementor-widget-heading\" data-id=\"6d2711b\" data-element_type=\"widget\" data-widget_type=\"heading.default\">\n\t\t\t\t<div class=\"elementor-widget-container\">\n\t\t\t<h1 class=\"elementor-heading-title elementor-size-default\">\n\nThe EN 13428 standard helps reduce resources by minimizing packaging weight and\/or volume.<\/h1>\t\t<\/div>\n\t\t\t\t<\/div>\n\t\t\t\t\t\t<\/div>\n\t\t\t\t\t<\/div>\n\t\t<\/div>\n\t\t\t\t<div class=\"elementor-column elementor-col-33 elementor-top-column elementor-element elementor-element-8295bbc elementor-invisible\" data-id=\"8295bbc\" data-element_type=\"column\" data-settings=\"{&quot;animation&quot;:&quot;fadeInDown&quot;}\">\n\t\t\t<div class=\"elementor-column-wrap elementor-element-populated\">\n\t\t\t\t\t\t\t<div class=\"elementor-widget-wrap\">\n\t\t\t\t\t\t<div class=\"elementor-element elementor-element-70db473 elementor-icon-list--layout-traditional elementor-list-item-link-full_width elementor-widget elementor-widget-icon-list\" data-id=\"70db473\" data-element_type=\"widget\" data-widget_type=\"icon-list.default\">\n\t\t\t\t<div class=\"elementor-widget-container\">\n\t\t\t\t\t<ul class=\"elementor-icon-list-items\">\n\t\t\t\t\t\t\t<li class=\"elementor-icon-list-item\">\n\t\t\t\t\t\t\t\t\t\t\t<span class=\"elementor-icon-list-icon\">\n\t\t\t\t\t\t\t<i aria-hidden=\"true\" class=\"fas fa-check-square\"><\/i>\t\t\t\t\t\t<\/span>\n\t\t\t\t\t\t\t\t\t\t<span class=\"elementor-icon-list-text\">Compliant with Quality Standards<\/span>\n\t\t\t\t\t\t\t\t\t<\/li>\n\t\t\t\t\t\t<\/ul>\n\t\t\t\t<\/div>\n\t\t\t\t<\/div>\n\t\t\t\t<div class=\"elementor-element elementor-element-ad9b52b elementor-widget elementor-widget-heading\" data-id=\"ad9b52b\" data-element_type=\"widget\" data-widget_type=\"heading.default\">\n\t\t\t\t<div class=\"elementor-widget-container\">\n\t\t\t<h1 class=\"elementor-heading-title elementor-size-default\">Our products have quality certificates<\/h1>\t\t<\/div>\n\t\t\t\t<\/div>\n\t\t\t\t\t\t<\/div>\n\t\t\t\t\t<\/div>\n\t\t<\/div>\n\t\t\t\t\t\t\t\t<\/div>\n\t\t\t\t\t<\/div>\n\t\t<\/section>\n\t\t\t\t<section class=\"elementor-section elementor-top-section elementor-element elementor-element-9d0ecd2 elementor-section-boxed elementor-section-height-default elementor-section-height-default\" data-id=\"9d0ecd2\" data-element_type=\"section\" data-settings=\"{&quot;ekit_has_onepagescroll_dot&quot;:&quot;yes&quot;}\">\n\t\t\t\t\t\t<div class=\"elementor-container elementor-column-gap-default\">\n\t\t\t\t\t\t\t<div class=\"elementor-row\">\n\t\t\t\t\t<div class=\"elementor-column elementor-col-33 elementor-top-column elementor-element elementor-element-a2eb8f4\" data-id=\"a2eb8f4\" data-element_type=\"column\">\n\t\t\t<div class=\"elementor-column-wrap elementor-element-populated\">\n\t\t\t\t\t\t\t<div class=\"elementor-widget-wrap\">\n\t\t\t\t\t\t<div class=\"elementor-element elementor-element-6b72a2a elementor-widget elementor-widget-image\" data-id=\"6b72a2a\" data-element_type=\"widget\" data-widget_type=\"image.default\">\n\t\t\t\t<div class=\"elementor-widget-container\">\n\t\t\t\t\t<div class=\"elementor-image\">\n\t\t\t\t\t\t\t\t\t\t<img src=\"https:\/\/guvenpackaging.com\/wp-content\/uploads\/2024\/03\/Guvengeridonusum-removebg-preview-1.png\" title=\"\" alt=\"\" \/>\t\t\t\t\t\t\t\t\t\t\t<\/div>\n\t\t\t\t<\/div>\n\t\t\t\t<\/div>\n\t\t\t\t<div class=\"elementor-element elementor-element-a9a224c elementor-invisible elementor-widget elementor-widget-text-editor\" data-id=\"a9a224c\" data-element_type=\"widget\" data-settings=\"{&quot;_animation&quot;:&quot;fadeInDown&quot;}\" data-widget_type=\"text-editor.default\">\n\t\t\t\t<div class=\"elementor-widget-container\">\n\t\t\t\t\t<div class=\"elementor-text-editor elementor-clearfix\"><p>It is our priority to protect both our present and our future with our environmentally friendly and recyclable packaging products. We continue to work to provide the highest quality service while minimizing our carbon footprint.<\/p><\/div>\n\t\t\t\t<\/div>\n\t\t\t\t<\/div>\n\t\t\t\t\t\t<\/div>\n\t\t\t\t\t<\/div>\n\t\t<\/div>\n\t\t\t\t<div class=\"elementor-column elementor-col-33 elementor-top-column elementor-element elementor-element-06eb3b8\" data-id=\"06eb3b8\" data-element_type=\"column\">\n\t\t\t<div class=\"elementor-column-wrap elementor-element-populated\">\n\t\t\t\t\t\t\t<div class=\"elementor-widget-wrap\">\n\t\t\t\t\t\t<div class=\"elementor-element elementor-element-6ad4e58 elementor-widget elementor-widget-image\" data-id=\"6ad4e58\" data-element_type=\"widget\" data-widget_type=\"image.default\">\n\t\t\t\t<div class=\"elementor-widget-container\">\n\t\t\t\t\t<div class=\"elementor-image\">\n\t\t\t\t\t\t\t\t\t\t<img src=\"https:\/\/guvenpackaging.com\/wp-content\/uploads\/2024\/03\/21439028_6384445-removebg-preview.png\" title=\"\" alt=\"\" \/>\t\t\t\t\t\t\t\t\t\t\t<\/div>\n\t\t\t\t<\/div>\n\t\t\t\t<\/div>\n\t\t\t\t<div class=\"elementor-element elementor-element-14b904f elementor-invisible elementor-widget elementor-widget-text-editor\" data-id=\"14b904f\" data-element_type=\"widget\" data-settings=\"{&quot;_animation&quot;:&quot;fadeInDown&quot;}\" data-widget_type=\"text-editor.default\">\n\t\t\t\t<div class=\"elementor-widget-container\">\n\t\t\t\t\t<div class=\"elementor-text-editor elementor-clearfix\"><p>European Standard EN 13428 helps in resource reduction by ensuring that packaging weight and\/or volume is minimized from the planning stage. Reducing packaging thickness leads to a reduction in CO2eq emissions as less film quantity is required for each packaged product.<\/p><\/div>\n\t\t\t\t<\/div>\n\t\t\t\t<\/div>\n\t\t\t\t\t\t<\/div>\n\t\t\t\t\t<\/div>\n\t\t<\/div>\n\t\t\t\t<div class=\"elementor-column elementor-col-33 elementor-top-column elementor-element elementor-element-e3e86d3\" data-id=\"e3e86d3\" data-element_type=\"column\">\n\t\t\t<div class=\"elementor-column-wrap elementor-element-populated\">\n\t\t\t\t\t\t\t<div class=\"elementor-widget-wrap\">\n\t\t\t\t\t\t<div class=\"elementor-element elementor-element-859416e elementor-widget elementor-widget-image\" data-id=\"859416e\" data-element_type=\"widget\" data-widget_type=\"image.default\">\n\t\t\t\t<div class=\"elementor-widget-container\">\n\t\t\t\t\t<div class=\"elementor-image\">\n\t\t\t\t\t\t\t\t\t\t<img src=\"https:\/\/guvenpackaging.com\/wp-content\/uploads\/2024\/03\/Guvenpgcc.jpg\" title=\"\" alt=\"\" \/>\t\t\t\t\t\t\t\t\t\t\t<\/div>\n\t\t\t\t<\/div>\n\t\t\t\t<\/div>\n\t\t\t\t<div class=\"elementor-element elementor-element-b6440da elementor-invisible elementor-widget elementor-widget-text-editor\" data-id=\"b6440da\" data-element_type=\"widget\" data-settings=\"{&quot;_animation&quot;:&quot;fadeInDown&quot;}\" data-widget_type=\"text-editor.default\">\n\t\t\t\t<div class=\"elementor-widget-container\">\n\t\t\t\t\t<div class=\"elementor-text-editor elementor-clearfix\"><p>Guven Packaging products produced in accordance with quality standards; It stands one step ahead with its quality, technology and environmentally friendly features. Our products; It is rigorously tested to meet high standards of quality and reliability.<\/p><\/div>\n\t\t\t\t<\/div>\n\t\t\t\t<\/div>\n\t\t\t\t\t\t<\/div>\n\t\t\t\t\t<\/div>\n\t\t<\/div>\n\t\t\t\t\t\t\t\t<\/div>\n\t\t\t\t\t<\/div>\n\t\t<\/section>\n\t\t\t\t<section class=\"elementor-section elementor-top-section elementor-element elementor-element-558e235 elementor-section-boxed elementor-section-height-default elementor-section-height-default\" data-id=\"558e235\" data-element_type=\"section\" data-settings=\"{&quot;ekit_has_onepagescroll_dot&quot;:&quot;yes&quot;}\">\n\t\t\t\t\t\t\t<div class=\"elementor-background-overlay\"><\/div>\n\t\t\t\t\t\t\t<div class=\"elementor-container elementor-column-gap-default\">\n\t\t\t\t\t\t\t<div class=\"elementor-row\">\n\t\t\t\t\t<div class=\"elementor-column elementor-col-100 elementor-top-column elementor-element elementor-element-7866cb4\" data-id=\"7866cb4\" data-element_type=\"column\">\n\t\t\t<div class=\"elementor-column-wrap elementor-element-populated\">\n\t\t\t\t\t\t\t<div class=\"elementor-widget-wrap\">\n\t\t\t\t\t\t<div class=\"elementor-element elementor-element-f75a10e elementor-widget-divider--view-line elementor-widget elementor-widget-divider\" data-id=\"f75a10e\" data-element_type=\"widget\" data-widget_type=\"divider.default\">\n\t\t\t\t<div class=\"elementor-widget-container\">\n\t\t\t\t\t<div class=\"elementor-divider\">\n\t\t\t<span class=\"elementor-divider-separator\">\n\t\t\t\t\t\t<\/span>\n\t\t<\/div>\n\t\t\t\t<\/div>\n\t\t\t\t<\/div>\n\t\t\t\t<div class=\"elementor-element elementor-element-e3781ad elementor-invisible elementor-widget elementor-widget-heading\" data-id=\"e3781ad\" data-element_type=\"widget\" data-settings=\"{&quot;_animation&quot;:&quot;fadeInDown&quot;}\" data-widget_type=\"heading.default\">\n\t\t\t\t<div class=\"elementor-widget-container\">\n\t\t\t<h2 class=\"elementor-heading-title elementor-size-default\">Innovative and Environmentally Friendly Steps in Packaging<\/h2>\t\t<\/div>\n\t\t\t\t<\/div>\n\t\t\t\t<div class=\"elementor-element elementor-element-a5ed7d6 elementor-invisible elementor-widget elementor-widget-text-editor\" data-id=\"a5ed7d6\" data-element_type=\"widget\" data-settings=\"{&quot;_animation&quot;:&quot;fadeInDown&quot;}\" data-widget_type=\"text-editor.default\">\n\t\t\t\t<div class=\"elementor-widget-container\">\n\t\t\t\t\t<div class=\"elementor-text-editor elementor-clearfix\"><p>ORBUS-RRR; It is a packaging sustainability model that supports our customers in producing a product with lower carbon emissions.<\/p><\/div>\n\t\t\t\t<\/div>\n\t\t\t\t<\/div>\n\t\t\t\t<div class=\"elementor-element elementor-element-c8efd4b elementor-invisible elementor-widget elementor-widget-heading\" data-id=\"c8efd4b\" data-element_type=\"widget\" data-settings=\"{&quot;_animation&quot;:&quot;fadeInDown&quot;}\" data-widget_type=\"heading.default\">\n\t\t\t\t<div class=\"elementor-widget-container\">\n\t\t\t<h2 class=\"elementor-heading-title elementor-size-default\">\nWhat is Sustainability?<\/h2>\t\t<\/div>\n\t\t\t\t<\/div>\n\t\t\t\t<div class=\"elementor-element elementor-element-ada674a elementor-invisible elementor-widget elementor-widget-text-editor\" data-id=\"ada674a\" data-element_type=\"widget\" data-settings=\"{&quot;_animation&quot;:&quot;fadeIn&quot;}\" data-widget_type=\"text-editor.default\">\n\t\t\t\t<div class=\"elementor-widget-container\">\n\t\t\t\t\t<div class=\"elementor-text-editor elementor-clearfix\"><p>Focusing on sustainability, Guven Packaging considers environmental priority at every step. Guven Packaging aims to add a high level of value to its customers, business partners and society by combining its leadership in the sector with its environmentally focused approach and world-class products. With the commitment to leave a more livable world to future generations, our ways of doing business are being transformed in line with sustainability.<\/p><p>Guven Packaging bases its vision on adding value to the environment and promoting sustainability. As one of the leading brands in the packaging industry, we organize our activities in a way that creates a positive impact on the environment. Designing packaging correctly and effectively plays an important role in protecting products.<\/p><p>\u00a0<\/p><p><br \/>Sustainability is a lifestyle and way of doing business that meets the needs of today while also considering the needs of future generations. For us, sustainability is a value that is not only about the environment, but also from social and economic perspectives. As a brand that adds value to the economy, benefits society and creates positive effects on the environment, it is our most important duty to focus on different dimensions of sustainability.<\/p><p>Taking its strength from innovation, Guven Packaging; It has adopted the principle of continuous development, technological progress and following the latest innovations in the sector. Thanks to our open-minded structure, we strive to provide more environmentally friendly and efficient packaging solutions. With the participation and support of our colleagues in our team, priority steps are taken for both nature and the world by strengthening our sustainability strategy.<\/p><p>Our sustainability vision reflects our commitment to leaving a more livable world to future generations. It is our priority to continue working and developing for a livable world.<\/p><\/div>\n\t\t\t\t<\/div>\n\t\t\t\t<\/div>\n\t\t\t\t<div class=\"elementor-element elementor-element-3e89c4b elementor-widget-divider--view-line elementor-widget elementor-widget-divider\" data-id=\"3e89c4b\" data-element_type=\"widget\" data-widget_type=\"divider.default\">\n\t\t\t\t<div class=\"elementor-widget-container\">\n\t\t\t\t\t<div class=\"elementor-divider\">\n\t\t\t<span class=\"elementor-divider-separator\">\n\t\t\t\t\t\t<\/span>\n\t\t<\/div>\n\t\t\t\t<\/div>\n\t\t\t\t<\/div>\n\t\t\t\t\t\t<\/div>\n\t\t\t\t\t<\/div>\n\t\t<\/div>\n\t\t\t\t\t\t\t\t<\/div>\n\t\t\t\t\t<\/div>\n\t\t<\/section>\n\t\t\t\t\t\t<\/div>\n\t\t\t\t\t\t<\/div>\n\t\t\t\t\t<\/div>\n\t\t","protected":false},"excerpt":{"rendered":"<p>Suitable for Recycling G\u00fcven Ambalaj products are recyclable and environmentally friendly products. Lower Carbon Footprint The EN 13428 standard helps reduce resources by minimizing packaging weight and\/or volume. Compliant with Quality Standards Our products have quality certificates It is our priority to protect both our present and our future with our environmentally friendly and recyclable [&hellip;]<\/p>\n","protected":false},"author":1,"featured_media":0,"parent":0,"menu_order":0,"comment_status":"closed","ping_status":"closed","template":"","meta":[],"yoast_head":"<!-- This site is optimized with the Yoast SEO plugin v17.8 - https:\/\/yoast.com\/wordpress\/plugins\/seo\/ -->\n<title>Sustainability - Guven Packaging<\/title>\n<meta name=\"robots\" content=\"index, follow, max-snippet:-1, max-image-preview:large, max-video-preview:-1\" \/>\n<link rel=\"canonical\" href=\"https:\/\/guvenpackaging.com\/en\/sustainability\/\" \/>\n<meta property=\"og:locale\" content=\"tr_TR\" \/>\n<meta property=\"og:type\" content=\"article\" \/>\n<meta property=\"og:title\" content=\"Sustainability - Guven Packaging\" \/>\n<meta property=\"og:description\" content=\"Suitable for Recycling G\u00fcven Ambalaj products are recyclable and environmentally friendly products. Lower Carbon Footprint The EN 13428 standard helps reduce resources by minimizing packaging weight and\/or volume. Compliant with Quality Standards Our products have quality certificates It is our priority to protect both our present and our future with our environmentally friendly and recyclable [&hellip;]\" \/>\n<meta property=\"og:url\" content=\"https:\/\/guvenpackaging.com\/en\/sustainability\/\" \/>\n<meta property=\"og:site_name\" content=\"Guven Packaging\" \/>\n<meta property=\"article:modified_time\" content=\"2024-04-24T06:39:33+00:00\" \/>\n<meta property=\"og:image\" content=\"https:\/\/guvenpackaging.com\/wp-content\/uploads\/2024\/03\/Guvengeridonusum-removebg-preview-1.png\" \/>\n<meta name=\"twitter:card\" content=\"summary_large_image\" \/>\n<meta name=\"twitter:label1\" content=\"Tahmini okuma s\u00fcresi\" \/>\n\t<meta name=\"twitter:data1\" content=\"4 dakika\" \/>\n<script type=\"application\/ld+json\" class=\"yoast-schema-graph\">{\"@context\":\"https:\/\/schema.org\",\"@graph\":[{\"@type\":\"WebSite\",\"@id\":\"https:\/\/guvenpackaging.com\/en\/#website\",\"url\":\"https:\/\/guvenpackaging.com\/en\/\",\"name\":\"Guven Packaging\",\"description\":\"G\\u00fcc\\u00fcm\\u00fcz\\u00fc De\\u011fi\\u015fimden Al\\u0131r\\u0131z\",\"potentialAction\":[{\"@type\":\"SearchAction\",\"target\":{\"@type\":\"EntryPoint\",\"urlTemplate\":\"https:\/\/guvenpackaging.com\/en\/?s={search_term_string}\"},\"query-input\":\"required name=search_term_string\"}],\"inLanguage\":\"tr\"},{\"@type\":\"ImageObject\",\"@id\":\"https:\/\/guvenpackaging.com\/en\/sustainability\/#primaryimage\",\"inLanguage\":\"tr\",\"url\":\"https:\/\/guvenpackaging.com\/wp-content\/uploads\/2024\/03\/Guvengeridonusum-removebg-preview-1.png\",\"contentUrl\":\"https:\/\/guvenpackaging.com\/wp-content\/uploads\/2024\/03\/Guvengeridonusum-removebg-preview-1.png\"},{\"@type\":\"WebPage\",\"@id\":\"https:\/\/guvenpackaging.com\/en\/sustainability\/#webpage\",\"url\":\"https:\/\/guvenpackaging.com\/en\/sustainability\/\",\"name\":\"Sustainability - Guven Packaging\",\"isPartOf\":{\"@id\":\"https:\/\/guvenpackaging.com\/en\/#website\"},\"primaryImageOfPage\":{\"@id\":\"https:\/\/guvenpackaging.com\/en\/sustainability\/#primaryimage\"},\"datePublished\":\"2024-03-29T09:52:12+00:00\",\"dateModified\":\"2024-04-24T06:39:33+00:00\",\"breadcrumb\":{\"@id\":\"https:\/\/guvenpackaging.com\/en\/sustainability\/#breadcrumb\"},\"inLanguage\":\"tr\",\"potentialAction\":[{\"@type\":\"ReadAction\",\"target\":[\"https:\/\/guvenpackaging.com\/en\/sustainability\/\"]}]},{\"@type\":\"BreadcrumbList\",\"@id\":\"https:\/\/guvenpackaging.com\/en\/sustainability\/#breadcrumb\",\"itemListElement\":[{\"@type\":\"ListItem\",\"position\":1,\"name\":\"Anasayfa\",\"item\":\"https:\/\/guvenpackaging.com\/en\/\"},{\"@type\":\"ListItem\",\"position\":2,\"name\":\"Sustainability\"}]}]}<\/script>\n<!-- \/ Yoast SEO plugin. -->","yoast_head_json":{"title":"Sustainability - Guven Packaging","robots":{"index":"index","follow":"follow","max-snippet":"max-snippet:-1","max-image-preview":"max-image-preview:large","max-video-preview":"max-video-preview:-1"},"canonical":"https:\/\/guvenpackaging.com\/en\/sustainability\/","og_locale":"tr_TR","og_type":"article","og_title":"Sustainability - Guven Packaging","og_description":"Suitable for Recycling G\u00fcven Ambalaj products are recyclable and environmentally friendly products. Lower Carbon Footprint The EN 13428 standard helps reduce resources by minimizing packaging weight and\/or volume. Compliant with Quality Standards Our products have quality certificates It is our priority to protect both our present and our future with our environmentally friendly and recyclable [&hellip;]","og_url":"https:\/\/guvenpackaging.com\/en\/sustainability\/","og_site_name":"Guven Packaging","article_modified_time":"2024-04-24T06:39:33+00:00","og_image":[{"url":"https:\/\/guvenpackaging.com\/wp-content\/uploads\/2024\/03\/Guvengeridonusum-removebg-preview-1.png"}],"twitter_card":"summary_large_image","twitter_misc":{"Tahmini okuma s\u00fcresi":"4 dakika"},"schema":{"@context":"https:\/\/schema.org","@graph":[{"@type":"WebSite","@id":"https:\/\/guvenpackaging.com\/en\/#website","url":"https:\/\/guvenpackaging.com\/en\/","name":"Guven Packaging","description":"G\u00fcc\u00fcm\u00fcz\u00fc De\u011fi\u015fimden Al\u0131r\u0131z","potentialAction":[{"@type":"SearchAction","target":{"@type":"EntryPoint","urlTemplate":"https:\/\/guvenpackaging.com\/en\/?s={search_term_string}"},"query-input":"required name=search_term_string"}],"inLanguage":"tr"},{"@type":"ImageObject","@id":"https:\/\/guvenpackaging.com\/en\/sustainability\/#primaryimage","inLanguage":"tr","url":"https:\/\/guvenpackaging.com\/wp-content\/uploads\/2024\/03\/Guvengeridonusum-removebg-preview-1.png","contentUrl":"https:\/\/guvenpackaging.com\/wp-content\/uploads\/2024\/03\/Guvengeridonusum-removebg-preview-1.png"},{"@type":"WebPage","@id":"https:\/\/guvenpackaging.com\/en\/sustainability\/#webpage","url":"https:\/\/guvenpackaging.com\/en\/sustainability\/","name":"Sustainability - Guven Packaging","isPartOf":{"@id":"https:\/\/guvenpackaging.com\/en\/#website"},"primaryImageOfPage":{"@id":"https:\/\/guvenpackaging.com\/en\/sustainability\/#primaryimage"},"datePublished":"2024-03-29T09:52:12+00:00","dateModified":"2024-04-24T06:39:33+00:00","breadcrumb":{"@id":"https:\/\/guvenpackaging.com\/en\/sustainability\/#breadcrumb"},"inLanguage":"tr","potentialAction":[{"@type":"ReadAction","target":["https:\/\/guvenpackaging.com\/en\/sustainability\/"]}]},{"@type":"BreadcrumbList","@id":"https:\/\/guvenpackaging.com\/en\/sustainability\/#breadcrumb","itemListElement":[{"@type":"ListItem","position":1,"name":"Anasayfa","item":"https:\/\/guvenpackaging.com\/en\/"},{"@type":"ListItem","position":2,"name":"Sustainability"}]}]}},"_links":{"self":[{"href":"https:\/\/guvenpackaging.com\/en\/wp-json\/wp\/v2\/pages\/6897"}],"collection":[{"href":"https:\/\/guvenpackaging.com\/en\/wp-json\/wp\/v2\/pages"}],"about":[{"href":"https:\/\/guvenpackaging.com\/en\/wp-json\/wp\/v2\/types\/page"}],"author":[{"embeddable":true,"href":"https:\/\/guvenpackaging.com\/en\/wp-json\/wp\/v2\/users\/1"}],"replies":[{"embeddable":true,"href":"https:\/\/guvenpackaging.com\/en\/wp-json\/wp\/v2\/comments?post=6897"}],"version-history":[{"count":34,"href":"https:\/\/guvenpackaging.com\/en\/wp-json\/wp\/v2\/pages\/6897\/revisions"}],"predecessor-version":[{"id":7629,"href":"https:\/\/guvenpackaging.com\/en\/wp-json\/wp\/v2\/pages\/6897\/revisions\/7629"}],"wp:attachment":[{"href":"https:\/\/guvenpackaging.com\/en\/wp-json\/wp\/v2\/media?parent=6897"}],"curies":[{"name":"wp","href":"https:\/\/api.w.org\/{rel}","templated":true}]}}