{"id":6553,"date":"2020-10-05T18:55:58","date_gmt":"2020-10-05T15:55:58","guid":{"rendered":"https:\/\/guvenpackaging.com\/en\/?page_id=6553"},"modified":"2024-04-24T11:46:07","modified_gmt":"2024-04-24T08:46:07","slug":"orbus-hdpe-glove-groups","status":"publish","type":"page","link":"https:\/\/guvenpackaging.com\/en\/orbus-hdpe-glove-groups\/","title":{"rendered":"ORBUS HDPE Glove Groups"},"content":{"rendered":"\t\t<div data-elementor-type=\"wp-page\" data-elementor-id=\"6553\" class=\"elementor elementor-6553\" data-elementor-settings=\"[]\">\n\t\t\t\t\t\t<div class=\"elementor-inner\">\n\t\t\t\t\t\t\t<div class=\"elementor-section-wrap\">\n\t\t\t\t\t\t\t<section class=\"elementor-section elementor-top-section elementor-element elementor-element-28755bc elementor-section-boxed elementor-section-height-default elementor-section-height-default\" data-id=\"28755bc\" data-element_type=\"section\" data-settings=\"{&quot;background_background&quot;:&quot;classic&quot;,&quot;ekit_has_onepagescroll_dot&quot;:&quot;yes&quot;}\">\n\t\t\t\t\t\t<div class=\"elementor-container elementor-column-gap-default\">\n\t\t\t\t\t\t\t<div class=\"elementor-row\">\n\t\t\t\t\t<div class=\"elementor-column elementor-col-100 elementor-top-column elementor-element elementor-element-1565ef7\" data-id=\"1565ef7\" data-element_type=\"column\">\n\t\t\t<div class=\"elementor-column-wrap elementor-element-populated\">\n\t\t\t\t\t\t\t<div class=\"elementor-widget-wrap\">\n\t\t\t\t\t\t<div class=\"elementor-element elementor-element-cac774b elementor-widget elementor-widget-elementskit-heading\" data-id=\"cac774b\" data-element_type=\"widget\" data-widget_type=\"elementskit-heading.default\">\n\t\t\t\t<div class=\"elementor-widget-container\">\n\t\t\t<div class=\"ekit-wid-con\" ><div class=\"ekit-heading elementskit-section-title-wraper text_center   ekit_heading_tablet-   ekit_heading_mobile-\"><h3 class=\"elementskit-section-subtitle  \">GUVEN PACKAGING<\/h3><h2 class=\"ekit-heading--title elementskit-section-title \">\n\t\t\t\t\tORBUS <span>HDPE Glove<\/span> Groups\n\t\t\t\t<\/h2><\/div><\/div>\t\t<\/div>\n\t\t\t\t<\/div>\n\t\t\t\t\t\t<\/div>\n\t\t\t\t\t<\/div>\n\t\t<\/div>\n\t\t\t\t\t\t\t\t<\/div>\n\t\t\t\t\t<\/div>\n\t\t<\/section>\n\t\t\t\t<section class=\"elementor-section elementor-top-section elementor-element elementor-element-955fa0a elementor-section-full_width elementor-section-height-default elementor-section-height-default\" data-id=\"955fa0a\" data-element_type=\"section\" data-settings=\"{&quot;ekit_has_onepagescroll_dot&quot;:&quot;yes&quot;}\">\n\t\t\t\t\t\t<div class=\"elementor-container elementor-column-gap-default\">\n\t\t\t\t\t\t\t<div class=\"elementor-row\">\n\t\t\t\t\t<div class=\"elementor-column elementor-col-100 elementor-top-column elementor-element elementor-element-a232d74\" data-id=\"a232d74\" data-element_type=\"column\">\n\t\t\t<div class=\"elementor-column-wrap elementor-element-populated\">\n\t\t\t\t\t\t\t<div class=\"elementor-widget-wrap\">\n\t\t\t\t\t\t<section class=\"elementor-section elementor-inner-section elementor-element elementor-element-8289f62 elementor-section-boxed elementor-section-height-default elementor-section-height-default\" data-id=\"8289f62\" data-element_type=\"section\" data-settings=\"{&quot;ekit_has_onepagescroll_dot&quot;:&quot;yes&quot;}\">\n\t\t\t\t\t\t<div class=\"elementor-container elementor-column-gap-default\">\n\t\t\t\t\t\t\t<div class=\"elementor-row\">\n\t\t\t\t\t<div class=\"elementor-column elementor-col-33 elementor-inner-column elementor-element elementor-element-37f62ba\" data-id=\"37f62ba\" data-element_type=\"column\">\n\t\t\t<div class=\"elementor-column-wrap elementor-element-populated\">\n\t\t\t\t\t\t\t<div class=\"elementor-widget-wrap\">\n\t\t\t\t\t\t<div class=\"elementor-element elementor-element-ccbb87e elementor-widget elementor-widget-image\" data-id=\"ccbb87e\" data-element_type=\"widget\" data-widget_type=\"image.default\">\n\t\t\t\t<div class=\"elementor-widget-container\">\n\t\t\t\t\t<div class=\"elementor-image\">\n\t\t\t\t\t\t\t\t\t\t<img width=\"500\" height=\"500\" src=\"https:\/\/guvenpackaging.com\/en\/wp-content\/uploads\/2020\/10\/pe_2.jpg\" class=\"attachment-full size-full\" alt=\"\" loading=\"lazy\" srcset=\"https:\/\/guvenpackaging.com\/en\/wp-content\/uploads\/2020\/10\/pe_2.jpg 500w, https:\/\/guvenpackaging.com\/en\/wp-content\/uploads\/2020\/10\/pe_2-300x300.jpg 300w, https:\/\/guvenpackaging.com\/en\/wp-content\/uploads\/2020\/10\/pe_2-150x150.jpg 150w, https:\/\/guvenpackaging.com\/en\/wp-content\/uploads\/2020\/10\/pe_2-250x250.jpg 250w\" sizes=\"(max-width: 500px) 100vw, 500px\" \/>\t\t\t\t\t\t\t\t\t\t\t<\/div>\n\t\t\t\t<\/div>\n\t\t\t\t<\/div>\n\t\t\t\t\t\t<\/div>\n\t\t\t\t\t<\/div>\n\t\t<\/div>\n\t\t\t\t<div class=\"elementor-column elementor-col-33 elementor-inner-column elementor-element elementor-element-6aeabe6\" data-id=\"6aeabe6\" data-element_type=\"column\">\n\t\t\t<div class=\"elementor-column-wrap elementor-element-populated\">\n\t\t\t\t\t\t\t<div class=\"elementor-widget-wrap\">\n\t\t\t\t\t\t<div class=\"elementor-element elementor-element-9782141 elementor-widget elementor-widget-image\" data-id=\"9782141\" data-element_type=\"widget\" data-widget_type=\"image.default\">\n\t\t\t\t<div class=\"elementor-widget-container\">\n\t\t\t\t\t<div class=\"elementor-image\">\n\t\t\t\t\t\t\t\t\t\t<img width=\"500\" height=\"500\" src=\"https:\/\/guvenpackaging.com\/en\/wp-content\/uploads\/2020\/10\/pe_1.jpg\" class=\"attachment-2048x2048 size-2048x2048\" alt=\"\" loading=\"lazy\" srcset=\"https:\/\/guvenpackaging.com\/en\/wp-content\/uploads\/2020\/10\/pe_1.jpg 500w, https:\/\/guvenpackaging.com\/en\/wp-content\/uploads\/2020\/10\/pe_1-300x300.jpg 300w, https:\/\/guvenpackaging.com\/en\/wp-content\/uploads\/2020\/10\/pe_1-150x150.jpg 150w, https:\/\/guvenpackaging.com\/en\/wp-content\/uploads\/2020\/10\/pe_1-250x250.jpg 250w\" sizes=\"(max-width: 500px) 100vw, 500px\" \/>\t\t\t\t\t\t\t\t\t\t\t<\/div>\n\t\t\t\t<\/div>\n\t\t\t\t<\/div>\n\t\t\t\t\t\t<\/div>\n\t\t\t\t\t<\/div>\n\t\t<\/div>\n\t\t\t\t<div class=\"elementor-column elementor-col-33 elementor-inner-column elementor-element elementor-element-1016e32\" data-id=\"1016e32\" data-element_type=\"column\">\n\t\t\t<div class=\"elementor-column-wrap elementor-element-populated\">\n\t\t\t\t\t\t\t<div class=\"elementor-widget-wrap\">\n\t\t\t\t\t\t<div class=\"elementor-element elementor-element-8b83a7d elementor-widget elementor-widget-image\" data-id=\"8b83a7d\" data-element_type=\"widget\" data-widget_type=\"image.default\">\n\t\t\t\t<div class=\"elementor-widget-container\">\n\t\t\t\t\t<div class=\"elementor-image\">\n\t\t\t\t\t\t\t\t\t\t<img width=\"500\" height=\"500\" src=\"https:\/\/guvenpackaging.com\/en\/wp-content\/uploads\/2020\/10\/pe_3.jpg\" class=\"attachment-2048x2048 size-2048x2048\" alt=\"\" loading=\"lazy\" srcset=\"https:\/\/guvenpackaging.com\/en\/wp-content\/uploads\/2020\/10\/pe_3.jpg 500w, https:\/\/guvenpackaging.com\/en\/wp-content\/uploads\/2020\/10\/pe_3-300x300.jpg 300w, https:\/\/guvenpackaging.com\/en\/wp-content\/uploads\/2020\/10\/pe_3-150x150.jpg 150w, https:\/\/guvenpackaging.com\/en\/wp-content\/uploads\/2020\/10\/pe_3-250x250.jpg 250w\" sizes=\"(max-width: 500px) 100vw, 500px\" \/>\t\t\t\t\t\t\t\t\t\t\t<\/div>\n\t\t\t\t<\/div>\n\t\t\t\t<\/div>\n\t\t\t\t\t\t<\/div>\n\t\t\t\t\t<\/div>\n\t\t<\/div>\n\t\t\t\t\t\t\t\t<\/div>\n\t\t\t\t\t<\/div>\n\t\t<\/section>\n\t\t\t\t\t\t<\/div>\n\t\t\t\t\t<\/div>\n\t\t<\/div>\n\t\t\t\t\t\t\t\t<\/div>\n\t\t\t\t\t<\/div>\n\t\t<\/section>\n\t\t\t\t<section class=\"elementor-section elementor-top-section elementor-element elementor-element-9d70c89 elementor-section-full_width elementor-section-height-default elementor-section-height-default\" data-id=\"9d70c89\" data-element_type=\"section\" data-settings=\"{&quot;ekit_has_onepagescroll_dot&quot;:&quot;yes&quot;}\">\n\t\t\t\t\t\t<div class=\"elementor-container elementor-column-gap-default\">\n\t\t\t\t\t\t\t<div class=\"elementor-row\">\n\t\t\t\t\t<div class=\"elementor-column elementor-col-100 elementor-top-column elementor-element elementor-element-6cb6db5\" data-id=\"6cb6db5\" data-element_type=\"column\">\n\t\t\t<div class=\"elementor-column-wrap elementor-element-populated\">\n\t\t\t\t\t\t\t<div class=\"elementor-widget-wrap\">\n\t\t\t\t\t\t<div class=\"elementor-element elementor-element-97880c7 elementor-widget-divider--separator-type-pattern elementor-widget-divider--view-line elementor-widget elementor-widget-divider\" data-id=\"97880c7\" data-element_type=\"widget\" data-widget_type=\"divider.default\">\n\t\t\t\t<div class=\"elementor-widget-container\">\n\t\t\t\t\t<div class=\"elementor-divider\" style=\"--divider-pattern-url: url(&quot;data:image\/svg+xml,%3Csvg xmlns=&#039;http:\/\/www.w3.org\/2000\/svg&#039; preserveAspectRatio=&#039;none&#039; overflow=&#039;visible&#039; height=&#039;100%&#039; viewBox=&#039;0 0 24 24&#039; fill=&#039;none&#039; stroke=&#039;black&#039; stroke-width=&#039;1&#039; stroke-linecap=&#039;square&#039; stroke-miterlimit=&#039;10&#039;%3E%3Cpolyline points=&#039;0,18 12,6 24,18 &#039;\/%3E%3C\/svg%3E&quot;);\">\n\t\t\t<span class=\"elementor-divider-separator\">\n\t\t\t\t\t\t<\/span>\n\t\t<\/div>\n\t\t\t\t<\/div>\n\t\t\t\t<\/div>\n\t\t\t\t\t\t<\/div>\n\t\t\t\t\t<\/div>\n\t\t<\/div>\n\t\t\t\t\t\t\t\t<\/div>\n\t\t\t\t\t<\/div>\n\t\t<\/section>\n\t\t\t\t<section class=\"elementor-section elementor-top-section elementor-element elementor-element-580c18a elementor-section-content-middle elementor-section-boxed elementor-section-height-default elementor-section-height-default\" data-id=\"580c18a\" data-element_type=\"section\" data-settings=\"{&quot;ekit_has_onepagescroll_dot&quot;:&quot;yes&quot;}\">\n\t\t\t\t\t\t<div class=\"elementor-container elementor-column-gap-default\">\n\t\t\t\t\t\t\t<div class=\"elementor-row\">\n\t\t\t\t\t<div class=\"elementor-column elementor-col-100 elementor-top-column elementor-element elementor-element-108dea6\" data-id=\"108dea6\" data-element_type=\"column\">\n\t\t\t<div class=\"elementor-column-wrap elementor-element-populated\">\n\t\t\t\t\t\t\t<div class=\"elementor-widget-wrap\">\n\t\t\t\t\t\t<section class=\"elementor-section elementor-inner-section elementor-element elementor-element-43eddd8 elementor-section-content-top elementor-section-boxed elementor-section-height-default elementor-section-height-default\" data-id=\"43eddd8\" data-element_type=\"section\" data-settings=\"{&quot;ekit_has_onepagescroll_dot&quot;:&quot;yes&quot;}\">\n\t\t\t\t\t\t<div class=\"elementor-container elementor-column-gap-no\">\n\t\t\t\t\t\t\t<div class=\"elementor-row\">\n\t\t\t\t\t<div class=\"elementor-column elementor-col-50 elementor-inner-column elementor-element elementor-element-cc4c59d\" data-id=\"cc4c59d\" data-element_type=\"column\">\n\t\t\t<div class=\"elementor-column-wrap elementor-element-populated\">\n\t\t\t\t\t\t\t<div class=\"elementor-widget-wrap\">\n\t\t\t\t\t\t<div class=\"elementor-element elementor-element-08d791e elementor-widget elementor-widget-elementskit-heading\" data-id=\"08d791e\" data-element_type=\"widget\" data-widget_type=\"elementskit-heading.default\">\n\t\t\t\t<div class=\"elementor-widget-container\">\n\t\t\t<div class=\"ekit-wid-con\" ><div class=\"ekit-heading elementskit-section-title-wraper text_left   ekit_heading_tablet-   ekit_heading_mobile-\"><h3 class=\"elementskit-section-subtitle  \">GUVEN PACKAGING<\/h3><h2 class=\"ekit-heading--title elementskit-section-title \">\n\t\t\t\t\t Fields of Use \n\t\t\t\t<\/h2><\/div><\/div>\t\t<\/div>\n\t\t\t\t<\/div>\n\t\t\t\t<div class=\"elementor-element elementor-element-416ac00 about-dance-top ekit-equal-height-disable elementor-widget elementor-widget-elementskit-icon-box\" data-id=\"416ac00\" data-element_type=\"widget\" data-widget_type=\"elementskit-icon-box.default\">\n\t\t\t\t<div class=\"elementor-widget-container\">\n\t\t\t<div class=\"ekit-wid-con\" >        <!-- link opening -->\n                <!-- end link opening -->\n\n        <div class=\"elementskit-infobox text-left text-left icon-lef-right-aligin elementor-animation- media  \">\n                            <div class=\"elementskit-box-header\">\n                <div class=\"elementskit-info-box-icon text-center\">\n                    <img src=\"https:\/\/guvenpackaging.com\/en\/wp-content\/uploads\/2019\/07\/icon-21.png\" alt=\"ORBUS HDPE Glove groups\">\n                <\/div>\n          <\/div>\n                <div class=\"box-body\">\n                            <h3 class=\"elementskit-info-box-title\">\n                    ORBUS HDPE Glove groups                <\/h3>\n                                    <p>- Made of 100% Original HDPE material.<br>\n- It is suitable for contact with food.<br>\n- Disposable<br>\n- Compatible with either hand.<br>\n- It is used in Food, Health, Hygiene and Cleaning applications.<br>\n- Blocked and perforated production is available.\n <\/p>\n                                <\/div>\n        \n        \n                <\/div>\n        <\/div>\t\t<\/div>\n\t\t\t\t<\/div>\n\t\t\t\t\t\t<\/div>\n\t\t\t\t\t<\/div>\n\t\t<\/div>\n\t\t\t\t<div class=\"elementor-column elementor-col-50 elementor-inner-column elementor-element elementor-element-2720b45\" data-id=\"2720b45\" data-element_type=\"column\">\n\t\t\t<div class=\"elementor-column-wrap elementor-element-populated\">\n\t\t\t\t\t\t\t<div class=\"elementor-widget-wrap\">\n\t\t\t\t\t\t<div class=\"elementor-element elementor-element-52c50b9 elementor-widget elementor-widget-image\" data-id=\"52c50b9\" data-element_type=\"widget\" data-widget_type=\"image.default\">\n\t\t\t\t<div class=\"elementor-widget-container\">\n\t\t\t\t\t<div class=\"elementor-image\">\n\t\t\t\t\t\t\t\t\t\t<img width=\"300\" height=\"105\" src=\"https:\/\/guvenpackaging.com\/en\/wp-content\/uploads\/2020\/10\/orbus-300x105.jpg\" class=\"attachment-medium size-medium\" alt=\"\" loading=\"lazy\" srcset=\"https:\/\/guvenpackaging.com\/en\/wp-content\/uploads\/2020\/10\/orbus-300x105.jpg 300w, https:\/\/guvenpackaging.com\/en\/wp-content\/uploads\/2020\/10\/orbus-768x268.jpg 768w, https:\/\/guvenpackaging.com\/en\/wp-content\/uploads\/2020\/10\/orbus.jpg 819w\" sizes=\"(max-width: 300px) 100vw, 300px\" \/>\t\t\t\t\t\t\t\t\t\t\t<\/div>\n\t\t\t\t<\/div>\n\t\t\t\t<\/div>\n\t\t\t\t\t\t<\/div>\n\t\t\t\t\t<\/div>\n\t\t<\/div>\n\t\t\t\t\t\t\t\t<\/div>\n\t\t\t\t\t<\/div>\n\t\t<\/section>\n\t\t\t\t\t\t<\/div>\n\t\t\t\t\t<\/div>\n\t\t<\/div>\n\t\t\t\t\t\t\t\t<\/div>\n\t\t\t\t\t<\/div>\n\t\t<\/section>\n\t\t\t\t\t\t<\/div>\n\t\t\t\t\t\t<\/div>\n\t\t\t\t\t<\/div>\n\t\t","protected":false},"excerpt":{"rendered":"<p>GUVEN PACKAGING ORBUS HDPE Glove Groups GUVEN PACKAGING Fields of Use ORBUS HDPE Glove groups &#8211; Made of 100% Original HDPE material. &#8211; It is suitable for contact with food. &#8211; Disposable &#8211; Compatible with either hand. &#8211; It is used in Food, Health, Hygiene and Cleaning applications. &#8211; Blocked and perforated production is available.<\/p>\n","protected":false},"author":1,"featured_media":0,"parent":0,"menu_order":0,"comment_status":"closed","ping_status":"closed","template":"template\/full-width-template.php","meta":[],"yoast_head":"<!-- This site is optimized with the Yoast SEO plugin v17.8 - https:\/\/yoast.com\/wordpress\/plugins\/seo\/ -->\n<title>ORBUS HDPE Glove Groups - Guven Packaging<\/title>\n<meta name=\"robots\" content=\"index, follow, max-snippet:-1, max-image-preview:large, max-video-preview:-1\" \/>\n<link rel=\"canonical\" href=\"https:\/\/guvenpackaging.com\/en\/orbus-hdpe-glove-groups\/\" \/>\n<meta property=\"og:locale\" content=\"tr_TR\" \/>\n<meta property=\"og:type\" content=\"article\" \/>\n<meta property=\"og:title\" content=\"ORBUS HDPE Glove Groups - Guven Packaging\" \/>\n<meta property=\"og:description\" content=\"GUVEN PACKAGING ORBUS HDPE Glove Groups GUVEN PACKAGING Fields of Use ORBUS HDPE Glove groups &#8211; Made of 100% Original HDPE material. &#8211; It is suitable for contact with food. &#8211; Disposable &#8211; Compatible with either hand. &#8211; It is used in Food, Health, Hygiene and Cleaning applications. &#8211; Blocked and perforated production is available.\" \/>\n<meta property=\"og:url\" content=\"https:\/\/guvenpackaging.com\/en\/orbus-hdpe-glove-groups\/\" \/>\n<meta property=\"og:site_name\" content=\"Guven Packaging\" \/>\n<meta property=\"article:modified_time\" content=\"2024-04-24T08:46:07+00:00\" \/>\n<meta property=\"og:image\" content=\"https:\/\/guvenpackaging.com\/en\/wp-content\/uploads\/2020\/10\/pe_2.jpg\" \/>\n<meta name=\"twitter:card\" content=\"summary_large_image\" \/>\n<meta name=\"twitter:label1\" content=\"Tahmini okuma s\u00fcresi\" \/>\n\t<meta name=\"twitter:data1\" content=\"2 dakika\" \/>\n<script type=\"application\/ld+json\" class=\"yoast-schema-graph\">{\"@context\":\"https:\/\/schema.org\",\"@graph\":[{\"@type\":\"WebSite\",\"@id\":\"https:\/\/guvenpackaging.com\/en\/#website\",\"url\":\"https:\/\/guvenpackaging.com\/en\/\",\"name\":\"Guven Packaging\",\"description\":\"G\\u00fcc\\u00fcm\\u00fcz\\u00fc De\\u011fi\\u015fimden Al\\u0131r\\u0131z\",\"potentialAction\":[{\"@type\":\"SearchAction\",\"target\":{\"@type\":\"EntryPoint\",\"urlTemplate\":\"https:\/\/guvenpackaging.com\/en\/?s={search_term_string}\"},\"query-input\":\"required name=search_term_string\"}],\"inLanguage\":\"tr\"},{\"@type\":\"ImageObject\",\"@id\":\"https:\/\/guvenpackaging.com\/en\/orbus-hdpe-glove-groups\/#primaryimage\",\"inLanguage\":\"tr\",\"url\":\"https:\/\/guvenpackaging.com\/en\/wp-content\/uploads\/2020\/10\/pe_2.jpg\",\"contentUrl\":\"https:\/\/guvenpackaging.com\/en\/wp-content\/uploads\/2020\/10\/pe_2.jpg\",\"width\":500,\"height\":500},{\"@type\":\"WebPage\",\"@id\":\"https:\/\/guvenpackaging.com\/en\/orbus-hdpe-glove-groups\/#webpage\",\"url\":\"https:\/\/guvenpackaging.com\/en\/orbus-hdpe-glove-groups\/\",\"name\":\"ORBUS HDPE Glove Groups - Guven Packaging\",\"isPartOf\":{\"@id\":\"https:\/\/guvenpackaging.com\/en\/#website\"},\"primaryImageOfPage\":{\"@id\":\"https:\/\/guvenpackaging.com\/en\/orbus-hdpe-glove-groups\/#primaryimage\"},\"datePublished\":\"2020-10-05T15:55:58+00:00\",\"dateModified\":\"2024-04-24T08:46:07+00:00\",\"breadcrumb\":{\"@id\":\"https:\/\/guvenpackaging.com\/en\/orbus-hdpe-glove-groups\/#breadcrumb\"},\"inLanguage\":\"tr\",\"potentialAction\":[{\"@type\":\"ReadAction\",\"target\":[\"https:\/\/guvenpackaging.com\/en\/orbus-hdpe-glove-groups\/\"]}]},{\"@type\":\"BreadcrumbList\",\"@id\":\"https:\/\/guvenpackaging.com\/en\/orbus-hdpe-glove-groups\/#breadcrumb\",\"itemListElement\":[{\"@type\":\"ListItem\",\"position\":1,\"name\":\"Anasayfa\",\"item\":\"https:\/\/guvenpackaging.com\/en\/\"},{\"@type\":\"ListItem\",\"position\":2,\"name\":\"ORBUS HDPE Glove Groups\"}]}]}<\/script>\n<!-- \/ Yoast SEO plugin. -->","yoast_head_json":{"title":"ORBUS HDPE Glove Groups - Guven Packaging","robots":{"index":"index","follow":"follow","max-snippet":"max-snippet:-1","max-image-preview":"max-image-preview:large","max-video-preview":"max-video-preview:-1"},"canonical":"https:\/\/guvenpackaging.com\/en\/orbus-hdpe-glove-groups\/","og_locale":"tr_TR","og_type":"article","og_title":"ORBUS HDPE Glove Groups - Guven Packaging","og_description":"GUVEN PACKAGING ORBUS HDPE Glove Groups GUVEN PACKAGING Fields of Use ORBUS HDPE Glove groups &#8211; Made of 100% Original HDPE material. &#8211; It is suitable for contact with food. &#8211; Disposable &#8211; Compatible with either hand. &#8211; It is used in Food, Health, Hygiene and Cleaning applications. &#8211; Blocked and perforated production is available.","og_url":"https:\/\/guvenpackaging.com\/en\/orbus-hdpe-glove-groups\/","og_site_name":"Guven Packaging","article_modified_time":"2024-04-24T08:46:07+00:00","og_image":[{"url":"https:\/\/guvenpackaging.com\/en\/wp-content\/uploads\/2020\/10\/pe_2.jpg"}],"twitter_card":"summary_large_image","twitter_misc":{"Tahmini okuma s\u00fcresi":"2 dakika"},"schema":{"@context":"https:\/\/schema.org","@graph":[{"@type":"WebSite","@id":"https:\/\/guvenpackaging.com\/en\/#website","url":"https:\/\/guvenpackaging.com\/en\/","name":"Guven Packaging","description":"G\u00fcc\u00fcm\u00fcz\u00fc De\u011fi\u015fimden Al\u0131r\u0131z","potentialAction":[{"@type":"SearchAction","target":{"@type":"EntryPoint","urlTemplate":"https:\/\/guvenpackaging.com\/en\/?s={search_term_string}"},"query-input":"required name=search_term_string"}],"inLanguage":"tr"},{"@type":"ImageObject","@id":"https:\/\/guvenpackaging.com\/en\/orbus-hdpe-glove-groups\/#primaryimage","inLanguage":"tr","url":"https:\/\/guvenpackaging.com\/en\/wp-content\/uploads\/2020\/10\/pe_2.jpg","contentUrl":"https:\/\/guvenpackaging.com\/en\/wp-content\/uploads\/2020\/10\/pe_2.jpg","width":500,"height":500},{"@type":"WebPage","@id":"https:\/\/guvenpackaging.com\/en\/orbus-hdpe-glove-groups\/#webpage","url":"https:\/\/guvenpackaging.com\/en\/orbus-hdpe-glove-groups\/","name":"ORBUS HDPE Glove Groups - Guven Packaging","isPartOf":{"@id":"https:\/\/guvenpackaging.com\/en\/#website"},"primaryImageOfPage":{"@id":"https:\/\/guvenpackaging.com\/en\/orbus-hdpe-glove-groups\/#primaryimage"},"datePublished":"2020-10-05T15:55:58+00:00","dateModified":"2024-04-24T08:46:07+00:00","breadcrumb":{"@id":"https:\/\/guvenpackaging.com\/en\/orbus-hdpe-glove-groups\/#breadcrumb"},"inLanguage":"tr","potentialAction":[{"@type":"ReadAction","target":["https:\/\/guvenpackaging.com\/en\/orbus-hdpe-glove-groups\/"]}]},{"@type":"BreadcrumbList","@id":"https:\/\/guvenpackaging.com\/en\/orbus-hdpe-glove-groups\/#breadcrumb","itemListElement":[{"@type":"ListItem","position":1,"name":"Anasayfa","item":"https:\/\/guvenpackaging.com\/en\/"},{"@type":"ListItem","position":2,"name":"ORBUS HDPE Glove Groups"}]}]}},"_links":{"self":[{"href":"https:\/\/guvenpackaging.com\/en\/wp-json\/wp\/v2\/pages\/6553"}],"collection":[{"href":"https:\/\/guvenpackaging.com\/en\/wp-json\/wp\/v2\/pages"}],"about":[{"href":"https:\/\/guvenpackaging.com\/en\/wp-json\/wp\/v2\/types\/page"}],"author":[{"embeddable":true,"href":"https:\/\/guvenpackaging.com\/en\/wp-json\/wp\/v2\/users\/1"}],"replies":[{"embeddable":true,"href":"https:\/\/guvenpackaging.com\/en\/wp-json\/wp\/v2\/comments?post=6553"}],"version-history":[{"count":16,"href":"https:\/\/guvenpackaging.com\/en\/wp-json\/wp\/v2\/pages\/6553\/revisions"}],"predecessor-version":[{"id":7666,"href":"https:\/\/guvenpackaging.com\/en\/wp-json\/wp\/v2\/pages\/6553\/revisions\/7666"}],"wp:attachment":[{"href":"https:\/\/guvenpackaging.com\/en\/wp-json\/wp\/v2\/media?parent=6553"}],"curies":[{"name":"wp","href":"https:\/\/api.w.org\/{rel}","templated":true}]}}