{"id":6534,"date":"2020-09-30T14:27:01","date_gmt":"2020-09-30T11:27:01","guid":{"rendered":"https:\/\/guvenpackaging.com\/en\/?page_id=6534"},"modified":"2021-03-29T10:06:52","modified_gmt":"2021-03-29T07:06:52","slug":"why-us","status":"publish","type":"page","link":"https:\/\/guvenpackaging.com\/en\/why-us\/","title":{"rendered":"Why Us"},"content":{"rendered":"\t\t<div data-elementor-type=\"wp-page\" data-elementor-id=\"6534\" class=\"elementor elementor-6534\" data-elementor-settings=\"[]\">\n\t\t\t\t\t\t<div class=\"elementor-inner\">\n\t\t\t\t\t\t\t<div class=\"elementor-section-wrap\">\n\t\t\t\t\t\t\t<section class=\"elementor-section elementor-top-section elementor-element elementor-element-5687239 elementor-section-boxed elementor-section-height-default elementor-section-height-default\" data-id=\"5687239\" data-element_type=\"section\" data-settings=\"{&quot;ekit_has_onepagescroll_dot&quot;:&quot;yes&quot;}\">\n\t\t\t\t\t\t<div class=\"elementor-container elementor-column-gap-default\">\n\t\t\t\t\t\t\t<div class=\"elementor-row\">\n\t\t\t\t\t<div class=\"elementor-column elementor-col-100 elementor-top-column elementor-element elementor-element-082b996\" data-id=\"082b996\" data-element_type=\"column\">\n\t\t\t<div class=\"elementor-column-wrap elementor-element-populated\">\n\t\t\t\t\t\t\t<div class=\"elementor-widget-wrap\">\n\t\t\t\t\t\t<div class=\"elementor-element elementor-element-6168dda elementor-widget elementor-widget-html\" data-id=\"6168dda\" data-element_type=\"widget\" data-widget_type=\"html.default\">\n\t\t\t\t<div class=\"elementor-widget-container\">\n\t\t\t <div class=\"_df_book df-container df-loading \" id=\"df_6533\"  title=\"neden-biz\" _slug=\"neden-biz\" wpoptions=\"true\" thumb=\"https:\/\/guvenpackaging.com\/en\/wp-content\/uploads\/2021\/06\/0-scaled.jpg\" thumbtype=\"bg\" ><\/div><script data-cfasync=\"false\">var option_df_6533 = {\"outline\":[],\"backgroundColor\":\"#ffffff\",\"forceFit\":\"true\",\"autoEnableOutline\":\"false\",\"autoEnableThumbnail\":\"false\",\"overwritePDFOutline\":\"false\",\"direction\":\"1\",\"pageSize\":\"1\",\"pageMode\":\"1\",\"singlePageMode\":\"2\",\"controlsPosition\":\"top\",\"maxTextureSize\":\"2048\",\"source\":[\"https:\\\/\\\/guvenpackaging.com\\\/en\\\/wp-content\\\/uploads\\\/2021\\\/06\\\/0-scaled.jpg\",\"https:\\\/\\\/guvenpackaging.com\\\/en\\\/wp-content\\\/uploads\\\/2021\\\/06\\\/1-scaled.jpg\",\"https:\\\/\\\/guvenpackaging.com\\\/en\\\/wp-content\\\/uploads\\\/2021\\\/06\\\/2-scaled.jpg\",\"https:\\\/\\\/guvenpackaging.com\\\/en\\\/wp-content\\\/uploads\\\/2021\\\/06\\\/3-scaled.jpg\",\"https:\\\/\\\/guvenpackaging.com\\\/en\\\/wp-content\\\/uploads\\\/2021\\\/06\\\/4-scaled.jpg\",\"https:\\\/\\\/guvenpackaging.com\\\/en\\\/wp-content\\\/uploads\\\/2021\\\/06\\\/5-scaled.jpg\"],\"wpOptions\":\"true\",\"links\":[]}; if(window.DFLIP && DFLIP.parseBooks){DFLIP.parseBooks();}<\/script> \t\t<\/div>\n\t\t\t\t<\/div>\n\t\t\t\t\t\t<\/div>\n\t\t\t\t\t<\/div>\n\t\t<\/div>\n\t\t\t\t\t\t\t\t<\/div>\n\t\t\t\t\t<\/div>\n\t\t<\/section>\n\t\t\t\t\t\t<\/div>\n\t\t\t\t\t\t<\/div>\n\t\t\t\t\t<\/div>\n\t\t","protected":false},"excerpt":{"rendered":"","protected":false},"author":1,"featured_media":0,"parent":0,"menu_order":0,"comment_status":"closed","ping_status":"closed","template":"template\/full-width-template.php","meta":[],"yoast_head":"<!-- This site is optimized with the Yoast SEO plugin v17.8 - https:\/\/yoast.com\/wordpress\/plugins\/seo\/ -->\n<title>Why Us - Guven Packaging<\/title>\n<meta name=\"robots\" content=\"index, follow, max-snippet:-1, max-image-preview:large, max-video-preview:-1\" \/>\n<link rel=\"canonical\" href=\"https:\/\/guvenpackaging.com\/en\/why-us\/\" \/>\n<meta property=\"og:locale\" content=\"tr_TR\" \/>\n<meta property=\"og:type\" content=\"article\" \/>\n<meta property=\"og:title\" content=\"Why Us - Guven Packaging\" \/>\n<meta property=\"og:url\" content=\"https:\/\/guvenpackaging.com\/en\/why-us\/\" \/>\n<meta property=\"og:site_name\" content=\"Guven Packaging\" \/>\n<meta property=\"article:modified_time\" content=\"2021-03-29T07:06:52+00:00\" \/>\n<meta name=\"twitter:card\" content=\"summary_large_image\" \/>\n<script type=\"application\/ld+json\" class=\"yoast-schema-graph\">{\"@context\":\"https:\/\/schema.org\",\"@graph\":[{\"@type\":\"WebSite\",\"@id\":\"https:\/\/guvenpackaging.com\/en\/#website\",\"url\":\"https:\/\/guvenpackaging.com\/en\/\",\"name\":\"Guven Packaging\",\"description\":\"G\\u00fcc\\u00fcm\\u00fcz\\u00fc De\\u011fi\\u015fimden Al\\u0131r\\u0131z\",\"potentialAction\":[{\"@type\":\"SearchAction\",\"target\":{\"@type\":\"EntryPoint\",\"urlTemplate\":\"https:\/\/guvenpackaging.com\/en\/?s={search_term_string}\"},\"query-input\":\"required name=search_term_string\"}],\"inLanguage\":\"tr\"},{\"@type\":\"WebPage\",\"@id\":\"https:\/\/guvenpackaging.com\/en\/why-us\/#webpage\",\"url\":\"https:\/\/guvenpackaging.com\/en\/why-us\/\",\"name\":\"Why Us - Guven Packaging\",\"isPartOf\":{\"@id\":\"https:\/\/guvenpackaging.com\/en\/#website\"},\"datePublished\":\"2020-09-30T11:27:01+00:00\",\"dateModified\":\"2021-03-29T07:06:52+00:00\",\"breadcrumb\":{\"@id\":\"https:\/\/guvenpackaging.com\/en\/why-us\/#breadcrumb\"},\"inLanguage\":\"tr\",\"potentialAction\":[{\"@type\":\"ReadAction\",\"target\":[\"https:\/\/guvenpackaging.com\/en\/why-us\/\"]}]},{\"@type\":\"BreadcrumbList\",\"@id\":\"https:\/\/guvenpackaging.com\/en\/why-us\/#breadcrumb\",\"itemListElement\":[{\"@type\":\"ListItem\",\"position\":1,\"name\":\"Anasayfa\",\"item\":\"https:\/\/guvenpackaging.com\/en\/\"},{\"@type\":\"ListItem\",\"position\":2,\"name\":\"Why Us\"}]}]}<\/script>\n<!-- \/ Yoast SEO plugin. -->","yoast_head_json":{"title":"Why Us - Guven Packaging","robots":{"index":"index","follow":"follow","max-snippet":"max-snippet:-1","max-image-preview":"max-image-preview:large","max-video-preview":"max-video-preview:-1"},"canonical":"https:\/\/guvenpackaging.com\/en\/why-us\/","og_locale":"tr_TR","og_type":"article","og_title":"Why Us - Guven Packaging","og_url":"https:\/\/guvenpackaging.com\/en\/why-us\/","og_site_name":"Guven Packaging","article_modified_time":"2021-03-29T07:06:52+00:00","twitter_card":"summary_large_image","schema":{"@context":"https:\/\/schema.org","@graph":[{"@type":"WebSite","@id":"https:\/\/guvenpackaging.com\/en\/#website","url":"https:\/\/guvenpackaging.com\/en\/","name":"Guven Packaging","description":"G\u00fcc\u00fcm\u00fcz\u00fc De\u011fi\u015fimden Al\u0131r\u0131z","potentialAction":[{"@type":"SearchAction","target":{"@type":"EntryPoint","urlTemplate":"https:\/\/guvenpackaging.com\/en\/?s={search_term_string}"},"query-input":"required name=search_term_string"}],"inLanguage":"tr"},{"@type":"WebPage","@id":"https:\/\/guvenpackaging.com\/en\/why-us\/#webpage","url":"https:\/\/guvenpackaging.com\/en\/why-us\/","name":"Why Us - Guven Packaging","isPartOf":{"@id":"https:\/\/guvenpackaging.com\/en\/#website"},"datePublished":"2020-09-30T11:27:01+00:00","dateModified":"2021-03-29T07:06:52+00:00","breadcrumb":{"@id":"https:\/\/guvenpackaging.com\/en\/why-us\/#breadcrumb"},"inLanguage":"tr","potentialAction":[{"@type":"ReadAction","target":["https:\/\/guvenpackaging.com\/en\/why-us\/"]}]},{"@type":"BreadcrumbList","@id":"https:\/\/guvenpackaging.com\/en\/why-us\/#breadcrumb","itemListElement":[{"@type":"ListItem","position":1,"name":"Anasayfa","item":"https:\/\/guvenpackaging.com\/en\/"},{"@type":"ListItem","position":2,"name":"Why Us"}]}]}},"_links":{"self":[{"href":"https:\/\/guvenpackaging.com\/en\/wp-json\/wp\/v2\/pages\/6534"}],"collection":[{"href":"https:\/\/guvenpackaging.com\/en\/wp-json\/wp\/v2\/pages"}],"about":[{"href":"https:\/\/guvenpackaging.com\/en\/wp-json\/wp\/v2\/types\/page"}],"author":[{"embeddable":true,"href":"https:\/\/guvenpackaging.com\/en\/wp-json\/wp\/v2\/users\/1"}],"replies":[{"embeddable":true,"href":"https:\/\/guvenpackaging.com\/en\/wp-json\/wp\/v2\/comments?post=6534"}],"version-history":[{"count":1,"href":"https:\/\/guvenpackaging.com\/en\/wp-json\/wp\/v2\/pages\/6534\/revisions"}],"predecessor-version":[{"id":6761,"href":"https:\/\/guvenpackaging.com\/en\/wp-json\/wp\/v2\/pages\/6534\/revisions\/6761"}],"wp:attachment":[{"href":"https:\/\/guvenpackaging.com\/en\/wp-json\/wp\/v2\/media?parent=6534"}],"curies":[{"name":"wp","href":"https:\/\/api.w.org\/{rel}","templated":true}]}}