{"id":6517,"date":"2020-09-29T22:10:42","date_gmt":"2020-09-29T19:10:42","guid":{"rendered":"https:\/\/guvenpackaging.com\/en\/?page_id=6517"},"modified":"2024-04-04T16:05:48","modified_gmt":"2024-04-04T13:05:48","slug":"strapping-group","status":"publish","type":"page","link":"https:\/\/guvenpackaging.com\/en\/strapping-group\/","title":{"rendered":"Strapping Group"},"content":{"rendered":"\t\t<div data-elementor-type=\"wp-page\" data-elementor-id=\"6517\" class=\"elementor elementor-6517\" data-elementor-settings=\"[]\">\n\t\t\t\t\t\t<div class=\"elementor-inner\">\n\t\t\t\t\t\t\t<div class=\"elementor-section-wrap\">\n\t\t\t\t\t\t\t<section class=\"elementor-section elementor-top-section elementor-element elementor-element-ac71899 elementor-section-boxed elementor-section-height-default elementor-section-height-default\" data-id=\"ac71899\" data-element_type=\"section\" data-settings=\"{&quot;background_background&quot;:&quot;classic&quot;,&quot;ekit_has_onepagescroll_dot&quot;:&quot;yes&quot;}\">\n\t\t\t\t\t\t<div class=\"elementor-container elementor-column-gap-default\">\n\t\t\t\t\t\t\t<div class=\"elementor-row\">\n\t\t\t\t\t<div class=\"elementor-column elementor-col-100 elementor-top-column elementor-element elementor-element-90cafcb\" data-id=\"90cafcb\" data-element_type=\"column\">\n\t\t\t<div class=\"elementor-column-wrap elementor-element-populated\">\n\t\t\t\t\t\t\t<div class=\"elementor-widget-wrap\">\n\t\t\t\t\t\t<div class=\"elementor-element elementor-element-b69383b elementor-widget elementor-widget-elementskit-heading\" data-id=\"b69383b\" data-element_type=\"widget\" data-widget_type=\"elementskit-heading.default\">\n\t\t\t\t<div class=\"elementor-widget-container\">\n\t\t\t<div class=\"ekit-wid-con\" ><div class=\"ekit-heading elementskit-section-title-wraper text_center   ekit_heading_tablet-   ekit_heading_mobile-\"><h3 class=\"elementskit-section-subtitle  \">GUVEN PACKAGING<\/h3><h2 class=\"ekit-heading--title elementskit-section-title \">\n\t\t\t\t\t<span>Strapping<\/span> Group \n\t\t\t\t<\/h2><\/div><\/div>\t\t<\/div>\n\t\t\t\t<\/div>\n\t\t\t\t\t\t<\/div>\n\t\t\t\t\t<\/div>\n\t\t<\/div>\n\t\t\t\t\t\t\t\t<\/div>\n\t\t\t\t\t<\/div>\n\t\t<\/section>\n\t\t\t\t<section class=\"elementor-section elementor-top-section elementor-element elementor-element-2577978 elementor-section-full_width elementor-section-height-default elementor-section-height-default\" data-id=\"2577978\" data-element_type=\"section\" data-settings=\"{&quot;ekit_has_onepagescroll_dot&quot;:&quot;yes&quot;}\">\n\t\t\t\t\t\t<div class=\"elementor-container elementor-column-gap-default\">\n\t\t\t\t\t\t\t<div class=\"elementor-row\">\n\t\t\t\t\t<div class=\"elementor-column elementor-col-100 elementor-top-column elementor-element elementor-element-50f0979\" data-id=\"50f0979\" data-element_type=\"column\">\n\t\t\t<div class=\"elementor-column-wrap elementor-element-populated\">\n\t\t\t\t\t\t\t<div class=\"elementor-widget-wrap\">\n\t\t\t\t\t\t<section class=\"elementor-section elementor-inner-section elementor-element elementor-element-0289acf elementor-section-boxed elementor-section-height-default elementor-section-height-default\" data-id=\"0289acf\" data-element_type=\"section\" data-settings=\"{&quot;ekit_has_onepagescroll_dot&quot;:&quot;yes&quot;}\">\n\t\t\t\t\t\t<div class=\"elementor-container elementor-column-gap-default\">\n\t\t\t\t\t\t\t<div class=\"elementor-row\">\n\t\t\t\t\t<div class=\"elementor-column elementor-col-33 elementor-inner-column elementor-element elementor-element-e5cd13f\" data-id=\"e5cd13f\" data-element_type=\"column\">\n\t\t\t<div class=\"elementor-column-wrap elementor-element-populated\">\n\t\t\t\t\t\t\t<div class=\"elementor-widget-wrap\">\n\t\t\t\t\t\t<div class=\"elementor-element elementor-element-6254115 elementor-widget elementor-widget-image\" data-id=\"6254115\" data-element_type=\"widget\" data-widget_type=\"image.default\">\n\t\t\t\t<div class=\"elementor-widget-container\">\n\t\t\t\t\t<div class=\"elementor-image\">\n\t\t\t\t\t\t\t\t\t\t<img width=\"500\" height=\"500\" src=\"https:\/\/guvenpackaging.com\/en\/wp-content\/uploads\/2020\/09\/cember_4.jpg\" class=\"attachment-full size-full\" alt=\"\" loading=\"lazy\" srcset=\"https:\/\/guvenpackaging.com\/en\/wp-content\/uploads\/2020\/09\/cember_4.jpg 500w, https:\/\/guvenpackaging.com\/en\/wp-content\/uploads\/2020\/09\/cember_4-300x300.jpg 300w, https:\/\/guvenpackaging.com\/en\/wp-content\/uploads\/2020\/09\/cember_4-150x150.jpg 150w, https:\/\/guvenpackaging.com\/en\/wp-content\/uploads\/2020\/09\/cember_4-250x250.jpg 250w\" sizes=\"(max-width: 500px) 100vw, 500px\" \/>\t\t\t\t\t\t\t\t\t\t\t<\/div>\n\t\t\t\t<\/div>\n\t\t\t\t<\/div>\n\t\t\t\t\t\t<\/div>\n\t\t\t\t\t<\/div>\n\t\t<\/div>\n\t\t\t\t<div class=\"elementor-column elementor-col-33 elementor-inner-column elementor-element elementor-element-809885a\" data-id=\"809885a\" data-element_type=\"column\">\n\t\t\t<div class=\"elementor-column-wrap elementor-element-populated\">\n\t\t\t\t\t\t\t<div class=\"elementor-widget-wrap\">\n\t\t\t\t\t\t<div class=\"elementor-element elementor-element-73734a3 elementor-widget elementor-widget-image\" data-id=\"73734a3\" data-element_type=\"widget\" data-widget_type=\"image.default\">\n\t\t\t\t<div class=\"elementor-widget-container\">\n\t\t\t\t\t<div class=\"elementor-image\">\n\t\t\t\t\t\t\t\t\t\t<img width=\"500\" height=\"500\" src=\"https:\/\/guvenpackaging.com\/en\/wp-content\/uploads\/2020\/09\/cember.jpg\" class=\"attachment-large size-large\" alt=\"\" loading=\"lazy\" srcset=\"https:\/\/guvenpackaging.com\/en\/wp-content\/uploads\/2020\/09\/cember.jpg 500w, https:\/\/guvenpackaging.com\/en\/wp-content\/uploads\/2020\/09\/cember-300x300.jpg 300w, https:\/\/guvenpackaging.com\/en\/wp-content\/uploads\/2020\/09\/cember-150x150.jpg 150w, https:\/\/guvenpackaging.com\/en\/wp-content\/uploads\/2020\/09\/cember-250x250.jpg 250w\" sizes=\"(max-width: 500px) 100vw, 500px\" \/>\t\t\t\t\t\t\t\t\t\t\t<\/div>\n\t\t\t\t<\/div>\n\t\t\t\t<\/div>\n\t\t\t\t\t\t<\/div>\n\t\t\t\t\t<\/div>\n\t\t<\/div>\n\t\t\t\t<div class=\"elementor-column elementor-col-33 elementor-inner-column elementor-element elementor-element-4629b68\" data-id=\"4629b68\" data-element_type=\"column\">\n\t\t\t<div class=\"elementor-column-wrap elementor-element-populated\">\n\t\t\t\t\t\t\t<div class=\"elementor-widget-wrap\">\n\t\t\t\t\t\t<div class=\"elementor-element elementor-element-7d85986 elementor-widget elementor-widget-image\" data-id=\"7d85986\" data-element_type=\"widget\" data-widget_type=\"image.default\">\n\t\t\t\t<div class=\"elementor-widget-container\">\n\t\t\t\t\t<div class=\"elementor-image\">\n\t\t\t\t\t\t\t\t\t\t<img width=\"500\" height=\"500\" src=\"https:\/\/guvenpackaging.com\/en\/wp-content\/uploads\/2020\/10\/cember_new.png\" class=\"attachment-large size-large\" alt=\"\" loading=\"lazy\" srcset=\"https:\/\/guvenpackaging.com\/en\/wp-content\/uploads\/2020\/10\/cember_new.png 500w, https:\/\/guvenpackaging.com\/en\/wp-content\/uploads\/2020\/10\/cember_new-300x300.png 300w, https:\/\/guvenpackaging.com\/en\/wp-content\/uploads\/2020\/10\/cember_new-150x150.png 150w, https:\/\/guvenpackaging.com\/en\/wp-content\/uploads\/2020\/10\/cember_new-250x250.png 250w\" sizes=\"(max-width: 500px) 100vw, 500px\" \/>\t\t\t\t\t\t\t\t\t\t\t<\/div>\n\t\t\t\t<\/div>\n\t\t\t\t<\/div>\n\t\t\t\t\t\t<\/div>\n\t\t\t\t\t<\/div>\n\t\t<\/div>\n\t\t\t\t\t\t\t\t<\/div>\n\t\t\t\t\t<\/div>\n\t\t<\/section>\n\t\t\t\t\t\t<\/div>\n\t\t\t\t\t<\/div>\n\t\t<\/div>\n\t\t\t\t\t\t\t\t<\/div>\n\t\t\t\t\t<\/div>\n\t\t<\/section>\n\t\t\t\t<section class=\"elementor-section elementor-top-section elementor-element elementor-element-61c0bad elementor-section-boxed elementor-section-height-default elementor-section-height-default\" data-id=\"61c0bad\" data-element_type=\"section\" data-settings=\"{&quot;ekit_has_onepagescroll_dot&quot;:&quot;yes&quot;}\">\n\t\t\t\t\t\t<div class=\"elementor-container elementor-column-gap-default\">\n\t\t\t\t\t\t\t<div class=\"elementor-row\">\n\t\t\t\t\t<div class=\"elementor-column elementor-col-100 elementor-top-column elementor-element elementor-element-65007e4\" data-id=\"65007e4\" data-element_type=\"column\">\n\t\t\t<div class=\"elementor-column-wrap elementor-element-populated\">\n\t\t\t\t\t\t\t<div class=\"elementor-widget-wrap\">\n\t\t\t\t\t\t<div class=\"elementor-element elementor-element-8e6c349 elementor-widget elementor-widget-elementskit-heading\" data-id=\"8e6c349\" data-element_type=\"widget\" data-widget_type=\"elementskit-heading.default\">\n\t\t\t\t<div class=\"elementor-widget-container\">\n\t\t\t<div class=\"ekit-wid-con\" ><div class=\"ekit-heading elementskit-section-title-wraper text_left   ekit_heading_tablet-   ekit_heading_mobile-\"><h3 class=\"elementskit-section-subtitle  \">GUVEN PACKAGING<\/h3><h2 class=\"ekit-heading--title elementskit-section-title \">\n\t\t\t\t\t Fields of Use \n\t\t\t\t<\/h2>\t\t\t\t<div class='ekit-heading__description'>\n\t\t\t\t\t<p>Sector-based Field of Use of Our Products<\/p>\n\t\t\t\t<\/div>\n\t\t\t<\/div><\/div>\t\t<\/div>\n\t\t\t\t<\/div>\n\t\t\t\t\t\t<\/div>\n\t\t\t\t\t<\/div>\n\t\t<\/div>\n\t\t\t\t\t\t\t\t<\/div>\n\t\t\t\t\t<\/div>\n\t\t<\/section>\n\t\t\t\t<section class=\"elementor-section elementor-top-section elementor-element elementor-element-4104989 elementor-section-boxed elementor-section-height-default elementor-section-height-default\" data-id=\"4104989\" data-element_type=\"section\" data-settings=\"{&quot;ekit_has_onepagescroll_dot&quot;:&quot;yes&quot;}\">\n\t\t\t\t\t\t<div class=\"elementor-container elementor-column-gap-default\">\n\t\t\t\t\t\t\t<div class=\"elementor-row\">\n\t\t\t\t\t<div class=\"elementor-column elementor-col-100 elementor-top-column elementor-element elementor-element-8d43c92\" data-id=\"8d43c92\" data-element_type=\"column\">\n\t\t\t<div class=\"elementor-column-wrap elementor-element-populated\">\n\t\t\t\t\t\t\t<div class=\"elementor-widget-wrap\">\n\t\t\t\t\t\t<div class=\"elementor-element elementor-element-dac2e67 ekit-image-accordion-horizontal ekit-image-accordion-click elementor-widget elementor-widget-elementskit-image-accordion\" data-id=\"dac2e67\" data-element_type=\"widget\" data-widget_type=\"elementskit-image-accordion.default\">\n\t\t\t\t<div class=\"elementor-widget-container\">\n\t\t\t<div class=\"ekit-wid-con\" >        <div class=\"ekit-image-accordion elementskit-image-accordion-wraper\">\n                        <input type=\"radio\" name=\"ekit_ia_dac2e67\" id=\"ekit_ia_dac2e67_0\" class=\"elementskit-single-image-accordion--input\"  hidden>\n            <label for=\"ekit_ia_dac2e67_0\" class=\"elementskit-single-image-accordion ekit-image-accordion-item\" style=\"background-image: url(https:\/\/guvenpackaging.com\/en\/wp-content\/uploads\/2020\/09\/cember-1.jpg)\">\n                <span class=\"elementskit-accordion-content\">\n                                       <span class=\"elementskit-accordion-title-wraper\">\n                        <span class=\"elementskit-accordion-title \">\n                        \n                        Building\n                                                <\/span>\n                    <\/span>\n                                    <\/span>\n            <\/label>\n                        <input type=\"radio\" name=\"ekit_ia_dac2e67\" id=\"ekit_ia_dac2e67_1\" class=\"elementskit-single-image-accordion--input\"  hidden>\n            <label for=\"ekit_ia_dac2e67_1\" class=\"elementskit-single-image-accordion ekit-image-accordion-item\" style=\"background-image: url(https:\/\/guvenpackaging.com\/en\/wp-content\/uploads\/2020\/09\/shutterstock_56237254.jpg)\">\n                <span class=\"elementskit-accordion-content\">\n                                       <span class=\"elementskit-accordion-title-wraper\">\n                        <span class=\"elementskit-accordion-title \">\n                        \n                        Heavy Load Pallets\n                                                <\/span>\n                    <\/span>\n                                    <\/span>\n            <\/label>\n                        <input type=\"radio\" name=\"ekit_ia_dac2e67\" id=\"ekit_ia_dac2e67_2\" class=\"elementskit-single-image-accordion--input\"  hidden>\n            <label for=\"ekit_ia_dac2e67_2\" class=\"elementskit-single-image-accordion ekit-image-accordion-item\" style=\"background-image: url(https:\/\/guvenpackaging.com\/en\/wp-content\/uploads\/2020\/09\/shutterstock_1316831786.jpg)\">\n                <span class=\"elementskit-accordion-content\">\n                                       <span class=\"elementskit-accordion-title-wraper\">\n                        <span class=\"elementskit-accordion-title \">\n                        \n                        Household appliances\n                                                <\/span>\n                    <\/span>\n                                    <\/span>\n            <\/label>\n                    <\/div>\n    <\/div>\t\t<\/div>\n\t\t\t\t<\/div>\n\t\t\t\t\t\t<\/div>\n\t\t\t\t\t<\/div>\n\t\t<\/div>\n\t\t\t\t\t\t\t\t<\/div>\n\t\t\t\t\t<\/div>\n\t\t<\/section>\n\t\t\t\t\t\t<\/div>\n\t\t\t\t\t\t<\/div>\n\t\t\t\t\t<\/div>\n\t\t","protected":false},"excerpt":{"rendered":"<p>GUVEN PACKAGING Strapping Group GUVEN PACKAGING Fields of Use Sector-based Field of Use of Our Products Building Heavy Load Pallets Household appliances<\/p>\n","protected":false},"author":1,"featured_media":0,"parent":0,"menu_order":0,"comment_status":"closed","ping_status":"closed","template":"template\/full-width-template.php","meta":[],"yoast_head":"<!-- This site is optimized with the Yoast SEO plugin v17.8 - https:\/\/yoast.com\/wordpress\/plugins\/seo\/ -->\n<title>Strapping Group - Guven Packaging<\/title>\n<meta name=\"robots\" content=\"index, follow, max-snippet:-1, max-image-preview:large, max-video-preview:-1\" \/>\n<link rel=\"canonical\" href=\"https:\/\/guvenpackaging.com\/en\/strapping-group\/\" \/>\n<meta property=\"og:locale\" content=\"tr_TR\" \/>\n<meta property=\"og:type\" content=\"article\" \/>\n<meta property=\"og:title\" content=\"Strapping Group - Guven Packaging\" \/>\n<meta property=\"og:description\" content=\"GUVEN PACKAGING Strapping Group GUVEN PACKAGING Fields of Use Sector-based Field of Use of Our Products Building Heavy Load Pallets Household appliances\" \/>\n<meta property=\"og:url\" content=\"https:\/\/guvenpackaging.com\/en\/strapping-group\/\" \/>\n<meta property=\"og:site_name\" content=\"Guven Packaging\" \/>\n<meta property=\"article:modified_time\" content=\"2024-04-04T13:05:48+00:00\" \/>\n<meta property=\"og:image\" content=\"https:\/\/guvenpackaging.com\/en\/wp-content\/uploads\/2020\/09\/cember_4.jpg\" \/>\n<meta name=\"twitter:card\" content=\"summary_large_image\" \/>\n<meta name=\"twitter:label1\" content=\"Tahmini okuma s\u00fcresi\" \/>\n\t<meta name=\"twitter:data1\" content=\"1 dakika\" \/>\n<script type=\"application\/ld+json\" class=\"yoast-schema-graph\">{\"@context\":\"https:\/\/schema.org\",\"@graph\":[{\"@type\":\"WebSite\",\"@id\":\"https:\/\/guvenpackaging.com\/en\/#website\",\"url\":\"https:\/\/guvenpackaging.com\/en\/\",\"name\":\"Guven Packaging\",\"description\":\"G\\u00fcc\\u00fcm\\u00fcz\\u00fc De\\u011fi\\u015fimden Al\\u0131r\\u0131z\",\"potentialAction\":[{\"@type\":\"SearchAction\",\"target\":{\"@type\":\"EntryPoint\",\"urlTemplate\":\"https:\/\/guvenpackaging.com\/en\/?s={search_term_string}\"},\"query-input\":\"required name=search_term_string\"}],\"inLanguage\":\"tr\"},{\"@type\":\"ImageObject\",\"@id\":\"https:\/\/guvenpackaging.com\/en\/strapping-group\/#primaryimage\",\"inLanguage\":\"tr\",\"url\":\"https:\/\/guvenpackaging.com\/en\/wp-content\/uploads\/2020\/09\/cember_4.jpg\",\"contentUrl\":\"https:\/\/guvenpackaging.com\/en\/wp-content\/uploads\/2020\/09\/cember_4.jpg\",\"width\":500,\"height\":500},{\"@type\":\"WebPage\",\"@id\":\"https:\/\/guvenpackaging.com\/en\/strapping-group\/#webpage\",\"url\":\"https:\/\/guvenpackaging.com\/en\/strapping-group\/\",\"name\":\"Strapping Group - Guven Packaging\",\"isPartOf\":{\"@id\":\"https:\/\/guvenpackaging.com\/en\/#website\"},\"primaryImageOfPage\":{\"@id\":\"https:\/\/guvenpackaging.com\/en\/strapping-group\/#primaryimage\"},\"datePublished\":\"2020-09-29T19:10:42+00:00\",\"dateModified\":\"2024-04-04T13:05:48+00:00\",\"breadcrumb\":{\"@id\":\"https:\/\/guvenpackaging.com\/en\/strapping-group\/#breadcrumb\"},\"inLanguage\":\"tr\",\"potentialAction\":[{\"@type\":\"ReadAction\",\"target\":[\"https:\/\/guvenpackaging.com\/en\/strapping-group\/\"]}]},{\"@type\":\"BreadcrumbList\",\"@id\":\"https:\/\/guvenpackaging.com\/en\/strapping-group\/#breadcrumb\",\"itemListElement\":[{\"@type\":\"ListItem\",\"position\":1,\"name\":\"Anasayfa\",\"item\":\"https:\/\/guvenpackaging.com\/en\/\"},{\"@type\":\"ListItem\",\"position\":2,\"name\":\"Strapping Group\"}]}]}<\/script>\n<!-- \/ Yoast SEO plugin. -->","yoast_head_json":{"title":"Strapping Group - Guven Packaging","robots":{"index":"index","follow":"follow","max-snippet":"max-snippet:-1","max-image-preview":"max-image-preview:large","max-video-preview":"max-video-preview:-1"},"canonical":"https:\/\/guvenpackaging.com\/en\/strapping-group\/","og_locale":"tr_TR","og_type":"article","og_title":"Strapping Group - Guven Packaging","og_description":"GUVEN PACKAGING Strapping Group GUVEN PACKAGING Fields of Use Sector-based Field of Use of Our Products Building Heavy Load Pallets Household appliances","og_url":"https:\/\/guvenpackaging.com\/en\/strapping-group\/","og_site_name":"Guven Packaging","article_modified_time":"2024-04-04T13:05:48+00:00","og_image":[{"url":"https:\/\/guvenpackaging.com\/en\/wp-content\/uploads\/2020\/09\/cember_4.jpg"}],"twitter_card":"summary_large_image","twitter_misc":{"Tahmini okuma s\u00fcresi":"1 dakika"},"schema":{"@context":"https:\/\/schema.org","@graph":[{"@type":"WebSite","@id":"https:\/\/guvenpackaging.com\/en\/#website","url":"https:\/\/guvenpackaging.com\/en\/","name":"Guven Packaging","description":"G\u00fcc\u00fcm\u00fcz\u00fc De\u011fi\u015fimden Al\u0131r\u0131z","potentialAction":[{"@type":"SearchAction","target":{"@type":"EntryPoint","urlTemplate":"https:\/\/guvenpackaging.com\/en\/?s={search_term_string}"},"query-input":"required name=search_term_string"}],"inLanguage":"tr"},{"@type":"ImageObject","@id":"https:\/\/guvenpackaging.com\/en\/strapping-group\/#primaryimage","inLanguage":"tr","url":"https:\/\/guvenpackaging.com\/en\/wp-content\/uploads\/2020\/09\/cember_4.jpg","contentUrl":"https:\/\/guvenpackaging.com\/en\/wp-content\/uploads\/2020\/09\/cember_4.jpg","width":500,"height":500},{"@type":"WebPage","@id":"https:\/\/guvenpackaging.com\/en\/strapping-group\/#webpage","url":"https:\/\/guvenpackaging.com\/en\/strapping-group\/","name":"Strapping Group - Guven Packaging","isPartOf":{"@id":"https:\/\/guvenpackaging.com\/en\/#website"},"primaryImageOfPage":{"@id":"https:\/\/guvenpackaging.com\/en\/strapping-group\/#primaryimage"},"datePublished":"2020-09-29T19:10:42+00:00","dateModified":"2024-04-04T13:05:48+00:00","breadcrumb":{"@id":"https:\/\/guvenpackaging.com\/en\/strapping-group\/#breadcrumb"},"inLanguage":"tr","potentialAction":[{"@type":"ReadAction","target":["https:\/\/guvenpackaging.com\/en\/strapping-group\/"]}]},{"@type":"BreadcrumbList","@id":"https:\/\/guvenpackaging.com\/en\/strapping-group\/#breadcrumb","itemListElement":[{"@type":"ListItem","position":1,"name":"Anasayfa","item":"https:\/\/guvenpackaging.com\/en\/"},{"@type":"ListItem","position":2,"name":"Strapping Group"}]}]}},"_links":{"self":[{"href":"https:\/\/guvenpackaging.com\/en\/wp-json\/wp\/v2\/pages\/6517"}],"collection":[{"href":"https:\/\/guvenpackaging.com\/en\/wp-json\/wp\/v2\/pages"}],"about":[{"href":"https:\/\/guvenpackaging.com\/en\/wp-json\/wp\/v2\/types\/page"}],"author":[{"embeddable":true,"href":"https:\/\/guvenpackaging.com\/en\/wp-json\/wp\/v2\/users\/1"}],"replies":[{"embeddable":true,"href":"https:\/\/guvenpackaging.com\/en\/wp-json\/wp\/v2\/comments?post=6517"}],"version-history":[{"count":10,"href":"https:\/\/guvenpackaging.com\/en\/wp-json\/wp\/v2\/pages\/6517\/revisions"}],"predecessor-version":[{"id":7455,"href":"https:\/\/guvenpackaging.com\/en\/wp-json\/wp\/v2\/pages\/6517\/revisions\/7455"}],"wp:attachment":[{"href":"https:\/\/guvenpackaging.com\/en\/wp-json\/wp\/v2\/media?parent=6517"}],"curies":[{"name":"wp","href":"https:\/\/api.w.org\/{rel}","templated":true}]}}