{"id":6473,"date":"2020-09-29T21:11:01","date_gmt":"2020-09-29T18:11:01","guid":{"rendered":"https:\/\/guvenpackaging.com\/en\/?page_id=6473"},"modified":"2024-04-25T09:39:40","modified_gmt":"2024-04-25T06:39:40","slug":"pe-shring-film","status":"publish","type":"page","link":"https:\/\/guvenpackaging.com\/en\/pe-shring-film\/","title":{"rendered":"PE Shrink Film"},"content":{"rendered":"\t\t<div data-elementor-type=\"wp-page\" data-elementor-id=\"6473\" class=\"elementor elementor-6473\" data-elementor-settings=\"[]\">\n\t\t\t\t\t\t<div class=\"elementor-inner\">\n\t\t\t\t\t\t\t<div class=\"elementor-section-wrap\">\n\t\t\t\t\t\t\t<section class=\"elementor-section elementor-top-section elementor-element elementor-element-7bfe820 elementor-section-boxed elementor-section-height-default elementor-section-height-default\" data-id=\"7bfe820\" data-element_type=\"section\" data-settings=\"{&quot;background_background&quot;:&quot;classic&quot;,&quot;ekit_has_onepagescroll_dot&quot;:&quot;yes&quot;}\">\n\t\t\t\t\t\t<div class=\"elementor-container elementor-column-gap-default\">\n\t\t\t\t\t\t\t<div class=\"elementor-row\">\n\t\t\t\t\t<div class=\"elementor-column elementor-col-100 elementor-top-column elementor-element elementor-element-82a0c14\" data-id=\"82a0c14\" data-element_type=\"column\">\n\t\t\t<div class=\"elementor-column-wrap elementor-element-populated\">\n\t\t\t\t\t\t\t<div class=\"elementor-widget-wrap\">\n\t\t\t\t\t\t<div class=\"elementor-element elementor-element-fccee6c elementor-widget elementor-widget-elementskit-heading\" data-id=\"fccee6c\" data-element_type=\"widget\" data-widget_type=\"elementskit-heading.default\">\n\t\t\t\t<div class=\"elementor-widget-container\">\n\t\t\t<div class=\"ekit-wid-con\" ><div class=\"ekit-heading elementskit-section-title-wraper text_center   ekit_heading_tablet-   ekit_heading_mobile-\"><h3 class=\"elementskit-section-subtitle  \">GUVEN PACKAGING<\/h3><h2 class=\"ekit-heading--title elementskit-section-title \">\n\t\t\t\t\tPE <span>Shrink<\/span> Film\n\t\t\t\t<\/h2><\/div><\/div>\t\t<\/div>\n\t\t\t\t<\/div>\n\t\t\t\t\t\t<\/div>\n\t\t\t\t\t<\/div>\n\t\t<\/div>\n\t\t\t\t\t\t\t\t<\/div>\n\t\t\t\t\t<\/div>\n\t\t<\/section>\n\t\t\t\t<section class=\"elementor-section elementor-top-section elementor-element elementor-element-6fdeda7 elementor-section-full_width elementor-section-height-default elementor-section-height-default\" data-id=\"6fdeda7\" data-element_type=\"section\" data-settings=\"{&quot;ekit_has_onepagescroll_dot&quot;:&quot;yes&quot;}\">\n\t\t\t\t\t\t<div class=\"elementor-container elementor-column-gap-default\">\n\t\t\t\t\t\t\t<div class=\"elementor-row\">\n\t\t\t\t\t<div class=\"elementor-column elementor-col-100 elementor-top-column elementor-element elementor-element-f2fb0f1\" data-id=\"f2fb0f1\" data-element_type=\"column\">\n\t\t\t<div class=\"elementor-column-wrap\">\n\t\t\t\t\t\t\t<div class=\"elementor-widget-wrap\">\n\t\t\t\t\t\t\t\t<\/div>\n\t\t\t\t\t<\/div>\n\t\t<\/div>\n\t\t\t\t\t\t\t\t<\/div>\n\t\t\t\t\t<\/div>\n\t\t<\/section>\n\t\t\t\t<section class=\"elementor-section elementor-top-section elementor-element elementor-element-5b57caf elementor-section-full_width elementor-section-height-default elementor-section-height-default\" data-id=\"5b57caf\" data-element_type=\"section\" data-settings=\"{&quot;ekit_has_onepagescroll_dot&quot;:&quot;yes&quot;}\">\n\t\t\t\t\t\t<div class=\"elementor-container elementor-column-gap-default\">\n\t\t\t\t\t\t\t<div class=\"elementor-row\">\n\t\t\t\t\t<div class=\"elementor-column elementor-col-100 elementor-top-column elementor-element elementor-element-c783cd0\" data-id=\"c783cd0\" data-element_type=\"column\">\n\t\t\t<div class=\"elementor-column-wrap elementor-element-populated\">\n\t\t\t\t\t\t\t<div class=\"elementor-widget-wrap\">\n\t\t\t\t\t\t<section class=\"elementor-section elementor-inner-section elementor-element elementor-element-f7c2dcd elementor-section-boxed elementor-section-height-default elementor-section-height-default\" data-id=\"f7c2dcd\" data-element_type=\"section\" data-settings=\"{&quot;ekit_has_onepagescroll_dot&quot;:&quot;yes&quot;}\">\n\t\t\t\t\t\t<div class=\"elementor-container elementor-column-gap-default\">\n\t\t\t\t\t\t\t<div class=\"elementor-row\">\n\t\t\t\t\t<div class=\"elementor-column elementor-col-33 elementor-inner-column elementor-element elementor-element-e9c2c5b\" data-id=\"e9c2c5b\" data-element_type=\"column\">\n\t\t\t<div class=\"elementor-column-wrap elementor-element-populated\">\n\t\t\t\t\t\t\t<div class=\"elementor-widget-wrap\">\n\t\t\t\t\t\t<div class=\"elementor-element elementor-element-06cec03 elementor-widget elementor-widget-image\" data-id=\"06cec03\" data-element_type=\"widget\" data-widget_type=\"image.default\">\n\t\t\t\t<div class=\"elementor-widget-container\">\n\t\t\t\t\t<div class=\"elementor-image\">\n\t\t\t\t\t\t\t\t\t\t<img src=\"https:\/\/guvenpackaging.com\/wp-content\/uploads\/2024\/03\/Guven9_v2.jpg\" title=\"\" alt=\"\" \/>\t\t\t\t\t\t\t\t\t\t\t<\/div>\n\t\t\t\t<\/div>\n\t\t\t\t<\/div>\n\t\t\t\t\t\t<\/div>\n\t\t\t\t\t<\/div>\n\t\t<\/div>\n\t\t\t\t<div class=\"elementor-column elementor-col-33 elementor-inner-column elementor-element elementor-element-4585b15\" data-id=\"4585b15\" data-element_type=\"column\">\n\t\t\t<div class=\"elementor-column-wrap elementor-element-populated\">\n\t\t\t\t\t\t\t<div class=\"elementor-widget-wrap\">\n\t\t\t\t\t\t<div class=\"elementor-element elementor-element-a9bbc7d elementor-widget elementor-widget-image\" data-id=\"a9bbc7d\" data-element_type=\"widget\" data-widget_type=\"image.default\">\n\t\t\t\t<div class=\"elementor-widget-container\">\n\t\t\t\t\t<div class=\"elementor-image\">\n\t\t\t\t\t\t\t\t\t\t<img src=\"https:\/\/guvenpackaging.com\/wp-content\/uploads\/2024\/03\/guvenp.jpg\" title=\"\" alt=\"\" \/>\t\t\t\t\t\t\t\t\t\t\t<\/div>\n\t\t\t\t<\/div>\n\t\t\t\t<\/div>\n\t\t\t\t\t\t<\/div>\n\t\t\t\t\t<\/div>\n\t\t<\/div>\n\t\t\t\t<div class=\"elementor-column elementor-col-33 elementor-inner-column elementor-element elementor-element-52fcc17\" data-id=\"52fcc17\" data-element_type=\"column\">\n\t\t\t<div class=\"elementor-column-wrap elementor-element-populated\">\n\t\t\t\t\t\t\t<div class=\"elementor-widget-wrap\">\n\t\t\t\t\t\t<div class=\"elementor-element elementor-element-e931b22 elementor-widget elementor-widget-image\" data-id=\"e931b22\" data-element_type=\"widget\" data-widget_type=\"image.default\">\n\t\t\t\t<div class=\"elementor-widget-container\">\n\t\t\t\t\t<div class=\"elementor-image\">\n\t\t\t\t\t\t\t\t\t\t<img width=\"377\" height=\"331\" src=\"https:\/\/guvenpackaging.com\/en\/wp-content\/uploads\/2024\/04\/12guven.png\" class=\"attachment-large size-large\" alt=\"\" loading=\"lazy\" srcset=\"https:\/\/guvenpackaging.com\/en\/wp-content\/uploads\/2024\/04\/12guven.png 377w, https:\/\/guvenpackaging.com\/en\/wp-content\/uploads\/2024\/04\/12guven-300x263.png 300w\" sizes=\"(max-width: 377px) 100vw, 377px\" \/>\t\t\t\t\t\t\t\t\t\t\t<\/div>\n\t\t\t\t<\/div>\n\t\t\t\t<\/div>\n\t\t\t\t\t\t<\/div>\n\t\t\t\t\t<\/div>\n\t\t<\/div>\n\t\t\t\t\t\t\t\t<\/div>\n\t\t\t\t\t<\/div>\n\t\t<\/section>\n\t\t\t\t\t\t<\/div>\n\t\t\t\t\t<\/div>\n\t\t<\/div>\n\t\t\t\t\t\t\t\t<\/div>\n\t\t\t\t\t<\/div>\n\t\t<\/section>\n\t\t\t\t<section class=\"elementor-section elementor-top-section elementor-element elementor-element-267d92f elementor-section-boxed elementor-section-height-default elementor-section-height-default\" data-id=\"267d92f\" data-element_type=\"section\" data-settings=\"{&quot;ekit_has_onepagescroll_dot&quot;:&quot;yes&quot;}\">\n\t\t\t\t\t\t<div class=\"elementor-container elementor-column-gap-default\">\n\t\t\t\t\t\t\t<div class=\"elementor-row\">\n\t\t\t\t\t<div class=\"elementor-column elementor-col-100 elementor-top-column elementor-element elementor-element-5c94af2\" data-id=\"5c94af2\" data-element_type=\"column\">\n\t\t\t<div class=\"elementor-column-wrap elementor-element-populated\">\n\t\t\t\t\t\t\t<div class=\"elementor-widget-wrap\">\n\t\t\t\t\t\t<div class=\"elementor-element elementor-element-b81711d elementor-widget elementor-widget-elementskit-heading\" data-id=\"b81711d\" data-element_type=\"widget\" data-widget_type=\"elementskit-heading.default\">\n\t\t\t\t<div class=\"elementor-widget-container\">\n\t\t\t<div class=\"ekit-wid-con\" ><div class=\"ekit-heading elementskit-section-title-wraper text_left   ekit_heading_tablet-   ekit_heading_mobile-\"><h3 class=\"elementskit-section-subtitle  \">GUVEN PACKAGING<\/h3><h2 class=\"ekit-heading--title elementskit-section-title \">\n\t\t\t\t\t Fields of Use \n\t\t\t\t<\/h2>\t\t\t\t<div class='ekit-heading__description'>\n\t\t\t\t\t<div class=\"ekit-heading__description\">\n<p>Sector-based Field of Use of Our Products<\/p>\n<\/div>\n\t\t\t\t<\/div>\n\t\t\t<\/div><\/div>\t\t<\/div>\n\t\t\t\t<\/div>\n\t\t\t\t\t\t<\/div>\n\t\t\t\t\t<\/div>\n\t\t<\/div>\n\t\t\t\t\t\t\t\t<\/div>\n\t\t\t\t\t<\/div>\n\t\t<\/section>\n\t\t\t\t<section class=\"elementor-section elementor-top-section elementor-element elementor-element-8cf372b elementor-section-full_width elementor-section-height-default elementor-section-height-default\" data-id=\"8cf372b\" data-element_type=\"section\" data-settings=\"{&quot;ekit_has_onepagescroll_dot&quot;:&quot;yes&quot;}\">\n\t\t\t\t\t\t<div class=\"elementor-container elementor-column-gap-default\">\n\t\t\t\t\t\t\t<div class=\"elementor-row\">\n\t\t\t\t\t<div class=\"elementor-column elementor-col-100 elementor-top-column elementor-element elementor-element-c5d23d4\" data-id=\"c5d23d4\" data-element_type=\"column\">\n\t\t\t<div class=\"elementor-column-wrap elementor-element-populated\">\n\t\t\t\t\t\t\t<div class=\"elementor-widget-wrap\">\n\t\t\t\t\t\t<div class=\"elementor-element elementor-element-4fa281f ekit-image-accordion-horizontal ekit-image-accordion-click elementor-widget elementor-widget-elementskit-image-accordion\" data-id=\"4fa281f\" data-element_type=\"widget\" data-widget_type=\"elementskit-image-accordion.default\">\n\t\t\t\t<div class=\"elementor-widget-container\">\n\t\t\t<div class=\"ekit-wid-con\" >        <div class=\"ekit-image-accordion elementskit-image-accordion-wraper\">\n                        <input type=\"radio\" name=\"ekit_ia_4fa281f\" id=\"ekit_ia_4fa281f_0\" class=\"elementskit-single-image-accordion--input\"  hidden>\n            <label for=\"ekit_ia_4fa281f_0\" class=\"elementskit-single-image-accordion ekit-image-accordion-item\" style=\"background-image: url(https:\/\/guvenpackaging.com\/en\/wp-content\/uploads\/2020\/09\/shutterstock_213844237.jpg)\">\n                <span class=\"elementskit-accordion-content\">\n                                       <span class=\"elementskit-accordion-title-wraper\">\n                        <span class=\"elementskit-accordion-title \">\n                        \n                        Water\n                                                <\/span>\n                    <\/span>\n                                    <\/span>\n            <\/label>\n                        <input type=\"radio\" name=\"ekit_ia_4fa281f\" id=\"ekit_ia_4fa281f_1\" class=\"elementskit-single-image-accordion--input\"  hidden>\n            <label for=\"ekit_ia_4fa281f_1\" class=\"elementskit-single-image-accordion ekit-image-accordion-item\" style=\"background-image: url(https:\/\/guvenpackaging.com\/en\/wp-content\/uploads\/2020\/09\/shutterstock_617687435.jpg)\">\n                <span class=\"elementskit-accordion-content\">\n                                       <span class=\"elementskit-accordion-title-wraper\">\n                        <span class=\"elementskit-accordion-title \">\n                        \n                        Other Beverage Groups\n                                                <\/span>\n                    <\/span>\n                                    <\/span>\n            <\/label>\n                        <input type=\"radio\" name=\"ekit_ia_4fa281f\" id=\"ekit_ia_4fa281f_2\" class=\"elementskit-single-image-accordion--input\"  hidden>\n            <label for=\"ekit_ia_4fa281f_2\" class=\"elementskit-single-image-accordion ekit-image-accordion-item\" style=\"background-image: url(https:\/\/guvenpackaging.com\/en\/wp-content\/uploads\/2024\/04\/Guven7_v2-1024x1024-1.jpg)\">\n                <span class=\"elementskit-accordion-content\">\n                                       <span class=\"elementskit-accordion-title-wraper\">\n                        <span class=\"elementskit-accordion-title \">\n                        \n                        Canning Groups\n                                                <\/span>\n                    <\/span>\n                                    <\/span>\n            <\/label>\n                    <\/div>\n    <\/div>\t\t<\/div>\n\t\t\t\t<\/div>\n\t\t\t\t\t\t<\/div>\n\t\t\t\t\t<\/div>\n\t\t<\/div>\n\t\t\t\t\t\t\t\t<\/div>\n\t\t\t\t\t<\/div>\n\t\t<\/section>\n\t\t\t\t<section class=\"elementor-section elementor-top-section elementor-element elementor-element-a3fcb30 elementor-section-full_width elementor-section-height-default elementor-section-height-default\" data-id=\"a3fcb30\" data-element_type=\"section\" data-settings=\"{&quot;ekit_has_onepagescroll_dot&quot;:&quot;yes&quot;}\">\n\t\t\t\t\t\t<div class=\"elementor-container elementor-column-gap-default\">\n\t\t\t\t\t\t\t<div class=\"elementor-row\">\n\t\t\t\t\t<div class=\"elementor-column elementor-col-100 elementor-top-column elementor-element elementor-element-6988140\" data-id=\"6988140\" data-element_type=\"column\">\n\t\t\t<div class=\"elementor-column-wrap elementor-element-populated\">\n\t\t\t\t\t\t\t<div class=\"elementor-widget-wrap\">\n\t\t\t\t\t\t<div class=\"elementor-element elementor-element-0178af4 elementor-widget-divider--separator-type-pattern elementor-widget-divider--view-line elementor-widget elementor-widget-divider\" data-id=\"0178af4\" data-element_type=\"widget\" data-widget_type=\"divider.default\">\n\t\t\t\t<div class=\"elementor-widget-container\">\n\t\t\t\t\t<div class=\"elementor-divider\" style=\"--divider-pattern-url: url(&quot;data:image\/svg+xml,%3Csvg xmlns=&#039;http:\/\/www.w3.org\/2000\/svg&#039; preserveAspectRatio=&#039;none&#039; overflow=&#039;visible&#039; height=&#039;100%&#039; viewBox=&#039;0 0 24 24&#039; fill=&#039;none&#039; stroke=&#039;black&#039; stroke-width=&#039;1&#039; stroke-linecap=&#039;square&#039; stroke-miterlimit=&#039;10&#039;%3E%3Cpolyline points=&#039;0,18 12,6 24,18 &#039;\/%3E%3C\/svg%3E&quot;);\">\n\t\t\t<span class=\"elementor-divider-separator\">\n\t\t\t\t\t\t<\/span>\n\t\t<\/div>\n\t\t\t\t<\/div>\n\t\t\t\t<\/div>\n\t\t\t\t\t\t<\/div>\n\t\t\t\t\t<\/div>\n\t\t<\/div>\n\t\t\t\t\t\t\t\t<\/div>\n\t\t\t\t\t<\/div>\n\t\t<\/section>\n\t\t\t\t<section class=\"elementor-section elementor-top-section elementor-element elementor-element-364ff40 elementor-section-content-middle elementor-section-boxed elementor-section-height-default elementor-section-height-default\" data-id=\"364ff40\" data-element_type=\"section\" data-settings=\"{&quot;ekit_has_onepagescroll_dot&quot;:&quot;yes&quot;}\">\n\t\t\t\t\t\t<div class=\"elementor-container elementor-column-gap-default\">\n\t\t\t\t\t\t\t<div class=\"elementor-row\">\n\t\t\t\t\t<div class=\"elementor-column elementor-col-100 elementor-top-column elementor-element elementor-element-4fff638\" data-id=\"4fff638\" data-element_type=\"column\">\n\t\t\t<div class=\"elementor-column-wrap elementor-element-populated\">\n\t\t\t\t\t\t\t<div class=\"elementor-widget-wrap\">\n\t\t\t\t\t\t<section class=\"elementor-section elementor-inner-section elementor-element elementor-element-347bd90 elementor-section-content-top elementor-section-boxed elementor-section-height-default elementor-section-height-default\" data-id=\"347bd90\" data-element_type=\"section\" data-settings=\"{&quot;ekit_has_onepagescroll_dot&quot;:&quot;yes&quot;}\">\n\t\t\t\t\t\t<div class=\"elementor-container elementor-column-gap-no\">\n\t\t\t\t\t\t\t<div class=\"elementor-row\">\n\t\t\t\t\t<div class=\"elementor-column elementor-col-100 elementor-inner-column elementor-element elementor-element-ee448fa\" data-id=\"ee448fa\" data-element_type=\"column\">\n\t\t\t<div class=\"elementor-column-wrap elementor-element-populated\">\n\t\t\t\t\t\t\t<div class=\"elementor-widget-wrap\">\n\t\t\t\t\t\t<div class=\"elementor-element elementor-element-d80d1bd elementor-widget elementor-widget-elementskit-heading\" data-id=\"d80d1bd\" data-element_type=\"widget\" data-widget_type=\"elementskit-heading.default\">\n\t\t\t\t<div class=\"elementor-widget-container\">\n\t\t\t<div class=\"ekit-wid-con\" ><div class=\"ekit-heading elementskit-section-title-wraper text_left   ekit_heading_tablet-   ekit_heading_mobile-\"><h3 class=\"elementskit-section-subtitle  \">GUVEN PACKAGING<\/h3><h2 class=\"ekit-heading--title elementskit-section-title \">\n\t\t\t\t\t Product features \n\t\t\t\t<\/h2><\/div><\/div>\t\t<\/div>\n\t\t\t\t<\/div>\n\t\t\t\t<div class=\"elementor-element elementor-element-fff4500 about-dance-top ekit-equal-height-disable elementor-widget elementor-widget-elementskit-icon-box\" data-id=\"fff4500\" data-element_type=\"widget\" data-widget_type=\"elementskit-icon-box.default\">\n\t\t\t\t<div class=\"elementor-widget-container\">\n\t\t\t<div class=\"ekit-wid-con\" >        <!-- link opening -->\n                <!-- end link opening -->\n\n        <div class=\"elementskit-infobox text-left text-left icon-lef-right-aligin elementor-animation- media  \">\n                            <div class=\"elementskit-box-header\">\n                <div class=\"elementskit-info-box-icon text-center\">\n                    <img src=\"https:\/\/guvenpackaging.com\/en\/wp-content\/uploads\/2019\/07\/icon-21.png\" alt=\"PE Shrink  Film\">\n                <\/div>\n          <\/div>\n                <div class=\"box-body\">\n                            <h3 class=\"elementskit-info-box-title\">\n                    PE Shrink  Film                <\/h3>\n                                    <p>Shrink Film is a type of packaging made by shrinking nylon to wrap the products with heat treatment in all products that can be packaged.<br><br>\n\nIt is an ideal and economical packaging method that can be applied easily. In addition to being economical, it is the first choice of all users because it offers different options. Shring Films are heat treated together with the goods and tightly wraps them according to its shape. It prevents the goods from being scattered, damaged by rain, dust and sun and provides ease of transportation.<br><br>\n\nThey are suitable for recycling. It is used in sectors such as white goods, electronic goods, ceramics, glass, beverages, metal, food, raw materials, packaging, etc. It is produced in rolls or bags according to the places of use and production lines.<br><br>\n\nIt is produced from LDPE. It is used for wrapping, protecting and dividing heavy products into units. It is usually seen in beverage departments in grocery stores. It is more flexible and thicker than other films. Since it is durable in hot and cold weather, it provides the advantage of storage and conservation. It is produced in the range of 20 cm - 250 cm, 15 micron and 200 micron thickness.\n<br>\n<br>\n\u201cGUVEN Packaging can produce shrink films containing up to 30% recycled raw materials.\u201d <\/p>\n                                <\/div>\n        \n        \n                <\/div>\n        <\/div>\t\t<\/div>\n\t\t\t\t<\/div>\n\t\t\t\t\t\t<\/div>\n\t\t\t\t\t<\/div>\n\t\t<\/div>\n\t\t\t\t\t\t\t\t<\/div>\n\t\t\t\t\t<\/div>\n\t\t<\/section>\n\t\t\t\t\t\t<\/div>\n\t\t\t\t\t<\/div>\n\t\t<\/div>\n\t\t\t\t\t\t\t\t<\/div>\n\t\t\t\t\t<\/div>\n\t\t<\/section>\n\t\t\t\t\t\t<\/div>\n\t\t\t\t\t\t<\/div>\n\t\t\t\t\t<\/div>\n\t\t","protected":false},"excerpt":{"rendered":"<p>GUVEN PACKAGING PE Shrink Film GUVEN PACKAGING Fields of Use Sector-based Field of Use of Our Products Water Other Beverage Groups Canning Groups GUVEN PACKAGING Product features PE Shrink Film Shrink Film is a type of packaging made by shrinking nylon to wrap the products with heat treatment in all products that can be packaged. [&hellip;]<\/p>\n","protected":false},"author":1,"featured_media":0,"parent":0,"menu_order":0,"comment_status":"closed","ping_status":"closed","template":"template\/full-width-template.php","meta":[],"yoast_head":"<!-- This site is optimized with the Yoast SEO plugin v17.8 - https:\/\/yoast.com\/wordpress\/plugins\/seo\/ -->\n<title>PE Shrink Film - Guven Packaging<\/title>\n<meta name=\"robots\" content=\"index, follow, max-snippet:-1, max-image-preview:large, max-video-preview:-1\" \/>\n<link rel=\"canonical\" href=\"https:\/\/guvenpackaging.com\/en\/pe-shring-film\/\" \/>\n<meta property=\"og:locale\" content=\"tr_TR\" \/>\n<meta property=\"og:type\" content=\"article\" \/>\n<meta property=\"og:title\" content=\"PE Shrink Film - Guven Packaging\" \/>\n<meta property=\"og:description\" content=\"GUVEN PACKAGING PE Shrink Film GUVEN PACKAGING Fields of Use Sector-based Field of Use of Our Products Water Other Beverage Groups Canning Groups GUVEN PACKAGING Product features PE Shrink Film Shrink Film is a type of packaging made by shrinking nylon to wrap the products with heat treatment in all products that can be packaged. [&hellip;]\" \/>\n<meta property=\"og:url\" content=\"https:\/\/guvenpackaging.com\/en\/pe-shring-film\/\" \/>\n<meta property=\"og:site_name\" content=\"Guven Packaging\" \/>\n<meta property=\"article:modified_time\" content=\"2024-04-25T06:39:40+00:00\" \/>\n<meta property=\"og:image\" content=\"https:\/\/guvenpackaging.com\/wp-content\/uploads\/2024\/03\/Guven9_v2.jpg\" \/>\n<meta name=\"twitter:card\" content=\"summary_large_image\" \/>\n<meta name=\"twitter:label1\" content=\"Tahmini okuma s\u00fcresi\" \/>\n\t<meta name=\"twitter:data1\" content=\"3 dakika\" \/>\n<script type=\"application\/ld+json\" class=\"yoast-schema-graph\">{\"@context\":\"https:\/\/schema.org\",\"@graph\":[{\"@type\":\"WebSite\",\"@id\":\"https:\/\/guvenpackaging.com\/en\/#website\",\"url\":\"https:\/\/guvenpackaging.com\/en\/\",\"name\":\"Guven Packaging\",\"description\":\"G\\u00fcc\\u00fcm\\u00fcz\\u00fc De\\u011fi\\u015fimden Al\\u0131r\\u0131z\",\"potentialAction\":[{\"@type\":\"SearchAction\",\"target\":{\"@type\":\"EntryPoint\",\"urlTemplate\":\"https:\/\/guvenpackaging.com\/en\/?s={search_term_string}\"},\"query-input\":\"required name=search_term_string\"}],\"inLanguage\":\"tr\"},{\"@type\":\"ImageObject\",\"@id\":\"https:\/\/guvenpackaging.com\/en\/pe-shring-film\/#primaryimage\",\"inLanguage\":\"tr\",\"url\":\"https:\/\/guvenpackaging.com\/wp-content\/uploads\/2024\/03\/Guven9_v2.jpg\",\"contentUrl\":\"https:\/\/guvenpackaging.com\/wp-content\/uploads\/2024\/03\/Guven9_v2.jpg\"},{\"@type\":\"WebPage\",\"@id\":\"https:\/\/guvenpackaging.com\/en\/pe-shring-film\/#webpage\",\"url\":\"https:\/\/guvenpackaging.com\/en\/pe-shring-film\/\",\"name\":\"PE Shrink Film - Guven Packaging\",\"isPartOf\":{\"@id\":\"https:\/\/guvenpackaging.com\/en\/#website\"},\"primaryImageOfPage\":{\"@id\":\"https:\/\/guvenpackaging.com\/en\/pe-shring-film\/#primaryimage\"},\"datePublished\":\"2020-09-29T18:11:01+00:00\",\"dateModified\":\"2024-04-25T06:39:40+00:00\",\"breadcrumb\":{\"@id\":\"https:\/\/guvenpackaging.com\/en\/pe-shring-film\/#breadcrumb\"},\"inLanguage\":\"tr\",\"potentialAction\":[{\"@type\":\"ReadAction\",\"target\":[\"https:\/\/guvenpackaging.com\/en\/pe-shring-film\/\"]}]},{\"@type\":\"BreadcrumbList\",\"@id\":\"https:\/\/guvenpackaging.com\/en\/pe-shring-film\/#breadcrumb\",\"itemListElement\":[{\"@type\":\"ListItem\",\"position\":1,\"name\":\"Anasayfa\",\"item\":\"https:\/\/guvenpackaging.com\/en\/\"},{\"@type\":\"ListItem\",\"position\":2,\"name\":\"PE Shrink Film\"}]}]}<\/script>\n<!-- \/ Yoast SEO plugin. -->","yoast_head_json":{"title":"PE Shrink Film - Guven Packaging","robots":{"index":"index","follow":"follow","max-snippet":"max-snippet:-1","max-image-preview":"max-image-preview:large","max-video-preview":"max-video-preview:-1"},"canonical":"https:\/\/guvenpackaging.com\/en\/pe-shring-film\/","og_locale":"tr_TR","og_type":"article","og_title":"PE Shrink Film - Guven Packaging","og_description":"GUVEN PACKAGING PE Shrink Film GUVEN PACKAGING Fields of Use Sector-based Field of Use of Our Products Water Other Beverage Groups Canning Groups GUVEN PACKAGING Product features PE Shrink Film Shrink Film is a type of packaging made by shrinking nylon to wrap the products with heat treatment in all products that can be packaged. [&hellip;]","og_url":"https:\/\/guvenpackaging.com\/en\/pe-shring-film\/","og_site_name":"Guven Packaging","article_modified_time":"2024-04-25T06:39:40+00:00","og_image":[{"url":"https:\/\/guvenpackaging.com\/wp-content\/uploads\/2024\/03\/Guven9_v2.jpg"}],"twitter_card":"summary_large_image","twitter_misc":{"Tahmini okuma s\u00fcresi":"3 dakika"},"schema":{"@context":"https:\/\/schema.org","@graph":[{"@type":"WebSite","@id":"https:\/\/guvenpackaging.com\/en\/#website","url":"https:\/\/guvenpackaging.com\/en\/","name":"Guven Packaging","description":"G\u00fcc\u00fcm\u00fcz\u00fc De\u011fi\u015fimden Al\u0131r\u0131z","potentialAction":[{"@type":"SearchAction","target":{"@type":"EntryPoint","urlTemplate":"https:\/\/guvenpackaging.com\/en\/?s={search_term_string}"},"query-input":"required name=search_term_string"}],"inLanguage":"tr"},{"@type":"ImageObject","@id":"https:\/\/guvenpackaging.com\/en\/pe-shring-film\/#primaryimage","inLanguage":"tr","url":"https:\/\/guvenpackaging.com\/wp-content\/uploads\/2024\/03\/Guven9_v2.jpg","contentUrl":"https:\/\/guvenpackaging.com\/wp-content\/uploads\/2024\/03\/Guven9_v2.jpg"},{"@type":"WebPage","@id":"https:\/\/guvenpackaging.com\/en\/pe-shring-film\/#webpage","url":"https:\/\/guvenpackaging.com\/en\/pe-shring-film\/","name":"PE Shrink Film - Guven Packaging","isPartOf":{"@id":"https:\/\/guvenpackaging.com\/en\/#website"},"primaryImageOfPage":{"@id":"https:\/\/guvenpackaging.com\/en\/pe-shring-film\/#primaryimage"},"datePublished":"2020-09-29T18:11:01+00:00","dateModified":"2024-04-25T06:39:40+00:00","breadcrumb":{"@id":"https:\/\/guvenpackaging.com\/en\/pe-shring-film\/#breadcrumb"},"inLanguage":"tr","potentialAction":[{"@type":"ReadAction","target":["https:\/\/guvenpackaging.com\/en\/pe-shring-film\/"]}]},{"@type":"BreadcrumbList","@id":"https:\/\/guvenpackaging.com\/en\/pe-shring-film\/#breadcrumb","itemListElement":[{"@type":"ListItem","position":1,"name":"Anasayfa","item":"https:\/\/guvenpackaging.com\/en\/"},{"@type":"ListItem","position":2,"name":"PE Shrink Film"}]}]}},"_links":{"self":[{"href":"https:\/\/guvenpackaging.com\/en\/wp-json\/wp\/v2\/pages\/6473"}],"collection":[{"href":"https:\/\/guvenpackaging.com\/en\/wp-json\/wp\/v2\/pages"}],"about":[{"href":"https:\/\/guvenpackaging.com\/en\/wp-json\/wp\/v2\/types\/page"}],"author":[{"embeddable":true,"href":"https:\/\/guvenpackaging.com\/en\/wp-json\/wp\/v2\/users\/1"}],"replies":[{"embeddable":true,"href":"https:\/\/guvenpackaging.com\/en\/wp-json\/wp\/v2\/comments?post=6473"}],"version-history":[{"count":40,"href":"https:\/\/guvenpackaging.com\/en\/wp-json\/wp\/v2\/pages\/6473\/revisions"}],"predecessor-version":[{"id":7795,"href":"https:\/\/guvenpackaging.com\/en\/wp-json\/wp\/v2\/pages\/6473\/revisions\/7795"}],"wp:attachment":[{"href":"https:\/\/guvenpackaging.com\/en\/wp-json\/wp\/v2\/media?parent=6473"}],"curies":[{"name":"wp","href":"https:\/\/api.w.org\/{rel}","templated":true}]}}