{"id":6371,"date":"2020-09-22T10:12:12","date_gmt":"2020-09-22T07:12:12","guid":{"rendered":"https:\/\/guvenpackaging.com\/en\/?page_id=6371"},"modified":"2024-04-25T14:58:45","modified_gmt":"2024-04-25T11:58:45","slug":"human-resources","status":"publish","type":"page","link":"https:\/\/guvenpackaging.com\/en\/human-resources\/","title":{"rendered":"Human Resources"},"content":{"rendered":"\t\t<div data-elementor-type=\"wp-page\" data-elementor-id=\"6371\" class=\"elementor elementor-6371\" data-elementor-settings=\"[]\">\n\t\t\t\t\t\t<div class=\"elementor-inner\">\n\t\t\t\t\t\t\t<div class=\"elementor-section-wrap\">\n\t\t\t\t\t\t\t<section class=\"elementor-section elementor-top-section elementor-element elementor-element-311a33d elementor-section-boxed elementor-section-height-default elementor-section-height-default\" data-id=\"311a33d\" data-element_type=\"section\" data-settings=\"{&quot;ekit_has_onepagescroll_dot&quot;:&quot;yes&quot;}\">\n\t\t\t\t\t\t<div class=\"elementor-container elementor-column-gap-default\">\n\t\t\t\t\t\t\t<div class=\"elementor-row\">\n\t\t\t\t\t<div class=\"elementor-column elementor-col-100 elementor-top-column elementor-element elementor-element-0037894\" data-id=\"0037894\" data-element_type=\"column\">\n\t\t\t<div class=\"elementor-column-wrap elementor-element-populated\">\n\t\t\t\t\t\t\t<div class=\"elementor-widget-wrap\">\n\t\t\t\t\t\t<section class=\"elementor-section elementor-inner-section elementor-element elementor-element-e399b09 elementor-section-boxed elementor-section-height-default elementor-section-height-default\" data-id=\"e399b09\" data-element_type=\"section\" data-settings=\"{&quot;ekit_has_onepagescroll_dot&quot;:&quot;yes&quot;}\">\n\t\t\t\t\t\t<div class=\"elementor-container elementor-column-gap-default\">\n\t\t\t\t\t\t\t<div class=\"elementor-row\">\n\t\t\t\t\t<div class=\"elementor-column elementor-col-33 elementor-inner-column elementor-element elementor-element-8045bed\" data-id=\"8045bed\" data-element_type=\"column\">\n\t\t\t<div class=\"elementor-column-wrap elementor-element-populated\">\n\t\t\t\t\t\t\t<div class=\"elementor-widget-wrap\">\n\t\t\t\t\t\t<div class=\"elementor-element elementor-element-5876d90 elementor-widget elementor-widget-image\" data-id=\"5876d90\" data-element_type=\"widget\" data-widget_type=\"image.default\">\n\t\t\t\t<div class=\"elementor-widget-container\">\n\t\t\t\t\t<div class=\"elementor-image\">\n\t\t\t\t\t\t\t\t\t\t<img width=\"800\" height=\"534\" src=\"https:\/\/guvenpackaging.com\/en\/wp-content\/uploads\/2024\/04\/guven-1024x683-1.jpg\" class=\"attachment-large size-large\" alt=\"\" loading=\"lazy\" srcset=\"https:\/\/guvenpackaging.com\/en\/wp-content\/uploads\/2024\/04\/guven-1024x683-1.jpg 1024w, https:\/\/guvenpackaging.com\/en\/wp-content\/uploads\/2024\/04\/guven-1024x683-1-300x200.jpg 300w, https:\/\/guvenpackaging.com\/en\/wp-content\/uploads\/2024\/04\/guven-1024x683-1-768x512.jpg 768w\" sizes=\"(max-width: 800px) 100vw, 800px\" \/>\t\t\t\t\t\t\t\t\t\t\t<\/div>\n\t\t\t\t<\/div>\n\t\t\t\t<\/div>\n\t\t\t\t<div class=\"elementor-element elementor-element-495b638 elementor-absolute elementor-hidden-phone elementor-widget elementor-widget-text-editor\" data-id=\"495b638\" data-element_type=\"widget\" data-settings=\"{&quot;_position&quot;:&quot;absolute&quot;}\" data-widget_type=\"text-editor.default\">\n\t\t\t\t<div class=\"elementor-widget-container\">\n\t\t\t\t\t<div class=\"elementor-text-editor elementor-clearfix\">We take our strength from change.<\/div>\n\t\t\t\t<\/div>\n\t\t\t\t<\/div>\n\t\t\t\t<div class=\"elementor-element elementor-element-767c781 elementor-absolute elementor-hidden-phone elementor-view-default elementor-widget elementor-widget-icon\" data-id=\"767c781\" data-element_type=\"widget\" data-settings=\"{&quot;_position&quot;:&quot;absolute&quot;}\" data-widget_type=\"icon.default\">\n\t\t\t\t<div class=\"elementor-widget-container\">\n\t\t\t\t\t<div class=\"elementor-icon-wrapper\">\n\t\t\t<div class=\"elementor-icon\">\n\t\t\t<i aria-hidden=\"true\" class=\"fas fa-quote-left\"><\/i>\t\t\t<\/div>\n\t\t<\/div>\n\t\t\t\t<\/div>\n\t\t\t\t<\/div>\n\t\t\t\t\t\t<\/div>\n\t\t\t\t\t<\/div>\n\t\t<\/div>\n\t\t\t\t<div class=\"elementor-column elementor-col-33 elementor-inner-column elementor-element elementor-element-75cb91f\" data-id=\"75cb91f\" data-element_type=\"column\">\n\t\t\t<div class=\"elementor-column-wrap\">\n\t\t\t\t\t\t\t<div class=\"elementor-widget-wrap\">\n\t\t\t\t\t\t\t\t<\/div>\n\t\t\t\t\t<\/div>\n\t\t<\/div>\n\t\t\t\t<div class=\"elementor-column elementor-col-33 elementor-inner-column elementor-element elementor-element-03cd0e7\" data-id=\"03cd0e7\" data-element_type=\"column\">\n\t\t\t<div class=\"elementor-column-wrap elementor-element-populated\">\n\t\t\t\t\t\t\t<div class=\"elementor-widget-wrap\">\n\t\t\t\t\t\t<div class=\"elementor-element elementor-element-a8f08e9 elementor-widget elementor-widget-elementskit-heading\" data-id=\"a8f08e9\" data-element_type=\"widget\" data-widget_type=\"elementskit-heading.default\">\n\t\t\t\t<div class=\"elementor-widget-container\">\n\t\t\t<div class=\"ekit-wid-con\" ><div class=\"ekit-heading elementskit-section-title-wraper text_left   ekit_heading_tablet-   ekit_heading_mobile-\"><span class=\"elementskit-section-subtitle  \">HUMAN RESOURCES<\/span><h2 class=\"ekit-heading--title elementskit-section-title \">\n\t\t\t\t\tGUVEN PACKAGING\n\t\t\t\t<\/h2>\t\t\t\t<div class='ekit-heading__description'>\n\t\t\t\t\t<p>Our human resources policy is based on the motto \"The most important company value is our employees\":<\/p>\n<p>-G\u00dcVEN AMBALAJ is a certified supplier committed to promoting equality and inclusion in the workplace and society.<\/p>\n<p>- To create processes that will reveal the potential of each of our employees by seeing that they have talent.<br \/>- To support our employees with the philosophy of continuous training and development.<\/p>\n<p>- To have an employee profile that cares about society and ethical values.<\/p>\n<p>- To prioritize anti-discrimination and equal opportunity philosophy in all our processes.<\/p>\n\t\t\t\t<\/div>\n\t\t\t<\/div><\/div>\t\t<\/div>\n\t\t\t\t<\/div>\n\t\t\t\t\t\t<\/div>\n\t\t\t\t\t<\/div>\n\t\t<\/div>\n\t\t\t\t\t\t\t\t<\/div>\n\t\t\t\t\t<\/div>\n\t\t<\/section>\n\t\t\t\t\t\t<\/div>\n\t\t\t\t\t<\/div>\n\t\t<\/div>\n\t\t\t\t\t\t\t\t<\/div>\n\t\t\t\t\t<\/div>\n\t\t<\/section>\n\t\t\t\t<section class=\"elementor-section elementor-top-section elementor-element elementor-element-b8909e6 elementor-section-boxed elementor-section-height-default elementor-section-height-default\" data-id=\"b8909e6\" data-element_type=\"section\" data-settings=\"{&quot;ekit_has_onepagescroll_dot&quot;:&quot;yes&quot;}\">\n\t\t\t\t\t\t<div class=\"elementor-container elementor-column-gap-default\">\n\t\t\t\t\t\t\t<div class=\"elementor-row\">\n\t\t\t\t\t<div class=\"elementor-column elementor-col-100 elementor-top-column elementor-element elementor-element-4e204ba\" data-id=\"4e204ba\" data-element_type=\"column\">\n\t\t\t<div class=\"elementor-column-wrap elementor-element-populated\">\n\t\t\t\t\t\t\t<div class=\"elementor-widget-wrap\">\n\t\t\t\t\t\t<div class=\"elementor-element elementor-element-87abe3a elementor-widget elementor-widget-elementskit-heading\" data-id=\"87abe3a\" data-element_type=\"widget\" data-widget_type=\"elementskit-heading.default\">\n\t\t\t\t<div class=\"elementor-widget-container\">\n\t\t\t<div class=\"ekit-wid-con\" ><div class=\"ekit-heading elementskit-section-title-wraper text_left   ekit_heading_tablet-   ekit_heading_mobile-\"><h2 class=\"ekit-heading--title elementskit-section-title \">\n\t\t\t\t\tSelection and Placement\n\t\t\t\t<\/h2>\t\t\t\t<div class='ekit-heading__description'>\n\t\t\t\t\t<p>The basic philosophy of the recruitment process at GUVEN PACKAGING is to \u201cchoose the right person for the right job\u201d. Candidates can apply through the GUVEN PACKAGING website. Any application made to GUVEN PACKAGING is evaluated confidentially in line with the competence, qualifications and abilities required by the job.<\/p>\n<p>\u00a0<\/p>\n<p>In the selection of candidates, people with a good education and high qualifications, who can take initiative, are creative and who can easily adapt to the corporate culture are preferred.<\/p>\n\t\t\t\t<\/div>\n\t\t\t<\/div><\/div>\t\t<\/div>\n\t\t\t\t<\/div>\n\t\t\t\t<div class=\"elementor-element elementor-element-d238649 elementor-widget elementor-widget-elementskit-heading\" data-id=\"d238649\" data-element_type=\"widget\" data-widget_type=\"elementskit-heading.default\">\n\t\t\t\t<div class=\"elementor-widget-container\">\n\t\t\t<div class=\"ekit-wid-con\" ><div class=\"ekit-heading elementskit-section-title-wraper text_left   ekit_heading_tablet-   ekit_heading_mobile-\"><h2 class=\"ekit-heading--title elementskit-section-title \">\n\t\t\t\t\tTraining\n\t\t\t\t<\/h2>\t\t\t\t<div class='ekit-heading__description'>\n\t\t\t\t\t<p>The main goal of training activities in GUVEN PACKAGING; To establish a conscious company culture on hygiene, environment, health and work safety, guided by quality assurance, and to ensure that every employee is a part of this culture.<\/p>\n<p>\u00a0<\/p>\n<p>We believe that we can maintain our leadership in the sector with the personal development and motivation of our qualified employees. For this reason, we continue to invest in human resources, which we believe will add value to our company since the first day we were founded.<\/p>\n<p>\u00a0<\/p>\n<p>The most important secret of our success is the company culture we have. We have a dynamic structure and our newly recruited employees can easily adapt thanks to our widespread orientation programs. With our simple and horizontal organizational structure, we support all our employees, encourage them and invite them to take responsibility.<\/p>\n\t\t\t\t<\/div>\n\t\t\t<\/div><\/div>\t\t<\/div>\n\t\t\t\t<\/div>\n\t\t\t\t<div class=\"elementor-element elementor-element-5c4cf2c elementor-widget elementor-widget-elementskit-heading\" data-id=\"5c4cf2c\" data-element_type=\"widget\" data-widget_type=\"elementskit-heading.default\">\n\t\t\t\t<div class=\"elementor-widget-container\">\n\t\t\t<div class=\"ekit-wid-con\" ><div class=\"ekit-heading elementskit-section-title-wraper text_left   ekit_heading_tablet-   ekit_heading_mobile-\"><h2 class=\"ekit-heading--title elementskit-section-title \">\n\t\t\t\t\tInternship\n\t\t\t\t<\/h2>\t\t\t\t<div class='ekit-heading__description'>\n\t\t\t\t\t<p>As GUVEN PACKAGING, we offer internship opportunities to high school and university students every year. We provide internship opportunities by evaluating personal applications after the interview process.<\/p>\n\t\t\t\t<\/div>\n\t\t\t<\/div><\/div>\t\t<\/div>\n\t\t\t\t<\/div>\n\t\t\t\t<div class=\"elementor-element elementor-element-b6b948c elementor-widget elementor-widget-elementskit-heading\" data-id=\"b6b948c\" data-element_type=\"widget\" data-widget_type=\"elementskit-heading.default\">\n\t\t\t\t<div class=\"elementor-widget-container\">\n\t\t\t<div class=\"ekit-wid-con\" ><div class=\"ekit-heading elementskit-section-title-wraper text_left   ekit_heading_tablet-   ekit_heading_mobile-\"><h2 class=\"ekit-heading--title elementskit-section-title \">\n\t\t\t\t\tApplication\n\t\t\t\t<\/h2>\t\t\t\t<div class='ekit-heading__description'>\n\t\t\t\t\t<p>You can send a detailed CV for your job applications to info@guvenpackaging.com<\/p>\n\t\t\t\t<\/div>\n\t\t\t<\/div><\/div>\t\t<\/div>\n\t\t\t\t<\/div>\n\t\t\t\t\t\t<\/div>\n\t\t\t\t\t<\/div>\n\t\t<\/div>\n\t\t\t\t\t\t\t\t<\/div>\n\t\t\t\t\t<\/div>\n\t\t<\/section>\n\t\t\t\t\t\t<\/div>\n\t\t\t\t\t\t<\/div>\n\t\t\t\t\t<\/div>\n\t\t","protected":false},"excerpt":{"rendered":"<p>We take our strength from change. HUMAN RESOURCES GUVEN PACKAGING Our human resources policy is based on the motto &#8220;The most important company value is our employees&#8221;: -G\u00dcVEN AMBALAJ is a certified supplier committed to promoting equality and inclusion in the workplace and society. &#8211; To create processes that will reveal the potential of each [&hellip;]<\/p>\n","protected":false},"author":1,"featured_media":0,"parent":0,"menu_order":0,"comment_status":"closed","ping_status":"closed","template":"template\/full-width-template.php","meta":[],"yoast_head":"<!-- This site is optimized with the Yoast SEO plugin v17.8 - https:\/\/yoast.com\/wordpress\/plugins\/seo\/ -->\n<title>Human Resources - Guven Packaging<\/title>\n<meta name=\"robots\" content=\"index, follow, max-snippet:-1, max-image-preview:large, max-video-preview:-1\" \/>\n<link rel=\"canonical\" href=\"https:\/\/guvenpackaging.com\/en\/human-resources\/\" \/>\n<meta property=\"og:locale\" content=\"tr_TR\" \/>\n<meta property=\"og:type\" content=\"article\" \/>\n<meta property=\"og:title\" content=\"Human Resources - Guven Packaging\" \/>\n<meta property=\"og:description\" content=\"We take our strength from change. HUMAN RESOURCES GUVEN PACKAGING Our human resources policy is based on the motto &#8220;The most important company value is our employees&#8221;: -G\u00dcVEN AMBALAJ is a certified supplier committed to promoting equality and inclusion in the workplace and society. &#8211; To create processes that will reveal the potential of each [&hellip;]\" \/>\n<meta property=\"og:url\" content=\"https:\/\/guvenpackaging.com\/en\/human-resources\/\" \/>\n<meta property=\"og:site_name\" content=\"Guven Packaging\" \/>\n<meta property=\"article:modified_time\" content=\"2024-04-25T11:58:45+00:00\" \/>\n<meta property=\"og:image\" content=\"https:\/\/guvenpackaging.com\/en\/wp-content\/uploads\/2024\/04\/guven-1024x683-1.jpg\" \/>\n<meta name=\"twitter:card\" content=\"summary_large_image\" \/>\n<meta name=\"twitter:label1\" content=\"Tahmini okuma s\u00fcresi\" \/>\n\t<meta name=\"twitter:data1\" content=\"3 dakika\" \/>\n<script type=\"application\/ld+json\" class=\"yoast-schema-graph\">{\"@context\":\"https:\/\/schema.org\",\"@graph\":[{\"@type\":\"WebSite\",\"@id\":\"https:\/\/guvenpackaging.com\/en\/#website\",\"url\":\"https:\/\/guvenpackaging.com\/en\/\",\"name\":\"Guven Packaging\",\"description\":\"G\\u00fcc\\u00fcm\\u00fcz\\u00fc De\\u011fi\\u015fimden Al\\u0131r\\u0131z\",\"potentialAction\":[{\"@type\":\"SearchAction\",\"target\":{\"@type\":\"EntryPoint\",\"urlTemplate\":\"https:\/\/guvenpackaging.com\/en\/?s={search_term_string}\"},\"query-input\":\"required name=search_term_string\"}],\"inLanguage\":\"tr\"},{\"@type\":\"ImageObject\",\"@id\":\"https:\/\/guvenpackaging.com\/en\/human-resources\/#primaryimage\",\"inLanguage\":\"tr\",\"url\":\"https:\/\/guvenpackaging.com\/en\/wp-content\/uploads\/2024\/04\/guven-1024x683-1.jpg\",\"contentUrl\":\"https:\/\/guvenpackaging.com\/en\/wp-content\/uploads\/2024\/04\/guven-1024x683-1.jpg\",\"width\":1024,\"height\":683},{\"@type\":\"WebPage\",\"@id\":\"https:\/\/guvenpackaging.com\/en\/human-resources\/#webpage\",\"url\":\"https:\/\/guvenpackaging.com\/en\/human-resources\/\",\"name\":\"Human Resources - Guven Packaging\",\"isPartOf\":{\"@id\":\"https:\/\/guvenpackaging.com\/en\/#website\"},\"primaryImageOfPage\":{\"@id\":\"https:\/\/guvenpackaging.com\/en\/human-resources\/#primaryimage\"},\"datePublished\":\"2020-09-22T07:12:12+00:00\",\"dateModified\":\"2024-04-25T11:58:45+00:00\",\"breadcrumb\":{\"@id\":\"https:\/\/guvenpackaging.com\/en\/human-resources\/#breadcrumb\"},\"inLanguage\":\"tr\",\"potentialAction\":[{\"@type\":\"ReadAction\",\"target\":[\"https:\/\/guvenpackaging.com\/en\/human-resources\/\"]}]},{\"@type\":\"BreadcrumbList\",\"@id\":\"https:\/\/guvenpackaging.com\/en\/human-resources\/#breadcrumb\",\"itemListElement\":[{\"@type\":\"ListItem\",\"position\":1,\"name\":\"Anasayfa\",\"item\":\"https:\/\/guvenpackaging.com\/en\/\"},{\"@type\":\"ListItem\",\"position\":2,\"name\":\"Human Resources\"}]}]}<\/script>\n<!-- \/ Yoast SEO plugin. -->","yoast_head_json":{"title":"Human Resources - Guven Packaging","robots":{"index":"index","follow":"follow","max-snippet":"max-snippet:-1","max-image-preview":"max-image-preview:large","max-video-preview":"max-video-preview:-1"},"canonical":"https:\/\/guvenpackaging.com\/en\/human-resources\/","og_locale":"tr_TR","og_type":"article","og_title":"Human Resources - Guven Packaging","og_description":"We take our strength from change. HUMAN RESOURCES GUVEN PACKAGING Our human resources policy is based on the motto &#8220;The most important company value is our employees&#8221;: -G\u00dcVEN AMBALAJ is a certified supplier committed to promoting equality and inclusion in the workplace and society. &#8211; To create processes that will reveal the potential of each [&hellip;]","og_url":"https:\/\/guvenpackaging.com\/en\/human-resources\/","og_site_name":"Guven Packaging","article_modified_time":"2024-04-25T11:58:45+00:00","og_image":[{"url":"https:\/\/guvenpackaging.com\/en\/wp-content\/uploads\/2024\/04\/guven-1024x683-1.jpg"}],"twitter_card":"summary_large_image","twitter_misc":{"Tahmini okuma s\u00fcresi":"3 dakika"},"schema":{"@context":"https:\/\/schema.org","@graph":[{"@type":"WebSite","@id":"https:\/\/guvenpackaging.com\/en\/#website","url":"https:\/\/guvenpackaging.com\/en\/","name":"Guven Packaging","description":"G\u00fcc\u00fcm\u00fcz\u00fc De\u011fi\u015fimden Al\u0131r\u0131z","potentialAction":[{"@type":"SearchAction","target":{"@type":"EntryPoint","urlTemplate":"https:\/\/guvenpackaging.com\/en\/?s={search_term_string}"},"query-input":"required name=search_term_string"}],"inLanguage":"tr"},{"@type":"ImageObject","@id":"https:\/\/guvenpackaging.com\/en\/human-resources\/#primaryimage","inLanguage":"tr","url":"https:\/\/guvenpackaging.com\/en\/wp-content\/uploads\/2024\/04\/guven-1024x683-1.jpg","contentUrl":"https:\/\/guvenpackaging.com\/en\/wp-content\/uploads\/2024\/04\/guven-1024x683-1.jpg","width":1024,"height":683},{"@type":"WebPage","@id":"https:\/\/guvenpackaging.com\/en\/human-resources\/#webpage","url":"https:\/\/guvenpackaging.com\/en\/human-resources\/","name":"Human Resources - Guven Packaging","isPartOf":{"@id":"https:\/\/guvenpackaging.com\/en\/#website"},"primaryImageOfPage":{"@id":"https:\/\/guvenpackaging.com\/en\/human-resources\/#primaryimage"},"datePublished":"2020-09-22T07:12:12+00:00","dateModified":"2024-04-25T11:58:45+00:00","breadcrumb":{"@id":"https:\/\/guvenpackaging.com\/en\/human-resources\/#breadcrumb"},"inLanguage":"tr","potentialAction":[{"@type":"ReadAction","target":["https:\/\/guvenpackaging.com\/en\/human-resources\/"]}]},{"@type":"BreadcrumbList","@id":"https:\/\/guvenpackaging.com\/en\/human-resources\/#breadcrumb","itemListElement":[{"@type":"ListItem","position":1,"name":"Anasayfa","item":"https:\/\/guvenpackaging.com\/en\/"},{"@type":"ListItem","position":2,"name":"Human Resources"}]}]}},"_links":{"self":[{"href":"https:\/\/guvenpackaging.com\/en\/wp-json\/wp\/v2\/pages\/6371"}],"collection":[{"href":"https:\/\/guvenpackaging.com\/en\/wp-json\/wp\/v2\/pages"}],"about":[{"href":"https:\/\/guvenpackaging.com\/en\/wp-json\/wp\/v2\/types\/page"}],"author":[{"embeddable":true,"href":"https:\/\/guvenpackaging.com\/en\/wp-json\/wp\/v2\/users\/1"}],"replies":[{"embeddable":true,"href":"https:\/\/guvenpackaging.com\/en\/wp-json\/wp\/v2\/comments?post=6371"}],"version-history":[{"count":16,"href":"https:\/\/guvenpackaging.com\/en\/wp-json\/wp\/v2\/pages\/6371\/revisions"}],"predecessor-version":[{"id":7803,"href":"https:\/\/guvenpackaging.com\/en\/wp-json\/wp\/v2\/pages\/6371\/revisions\/7803"}],"wp:attachment":[{"href":"https:\/\/guvenpackaging.com\/en\/wp-json\/wp\/v2\/media?parent=6371"}],"curies":[{"name":"wp","href":"https:\/\/api.w.org\/{rel}","templated":true}]}}