{"id":6696,"date":"2021-01-29T13:51:24","date_gmt":"2021-01-29T10:51:24","guid":{"rendered":"https:\/\/guvenpackaging.com\/ar\/?page_id=6696"},"modified":"2021-01-29T13:54:18","modified_gmt":"2021-01-29T10:54:18","slug":"cerez-politikamiz","status":"publish","type":"page","link":"https:\/\/guvenpackaging.com\/ar\/cerez-politikamiz\/","title":{"rendered":"\u00c7erez Politikam\u0131z"},"content":{"rendered":"\t\t<div data-elementor-type=\"wp-page\" data-elementor-id=\"6696\" class=\"elementor elementor-6696\" data-elementor-settings=\"[]\">\n\t\t\t\t\t\t<div class=\"elementor-inner\">\n\t\t\t\t\t\t\t<div class=\"elementor-section-wrap\">\n\t\t\t\t\t\t\t<section class=\"elementor-section elementor-top-section elementor-element elementor-element-55995be elementor-section-boxed elementor-section-height-default elementor-section-height-default\" data-id=\"55995be\" data-element_type=\"section\">\n\t\t\t\t\t\t<div class=\"elementor-container elementor-column-gap-default\">\n\t\t\t\t\t\t\t<div class=\"elementor-row\">\n\t\t\t\t\t<div class=\"elementor-column elementor-col-100 elementor-top-column elementor-element elementor-element-f13ad0e\" data-id=\"f13ad0e\" data-element_type=\"column\">\n\t\t\t<div class=\"elementor-column-wrap elementor-element-populated\">\n\t\t\t\t\t\t\t<div class=\"elementor-widget-wrap\">\n\t\t\t\t\t\t<div class=\"elementor-element elementor-element-1ad8aa0 elementor-widget elementor-widget-heading\" data-id=\"1ad8aa0\" data-element_type=\"widget\" data-widget_type=\"heading.default\">\n\t\t\t\t<div class=\"elementor-widget-container\">\n\t\t\t<h2 class=\"elementor-heading-title elementor-size-default\">\u00c7erez Politikam\u0131z<\/h2>\t\t<\/div>\n\t\t\t\t<\/div>\n\t\t\t\t\t\t<\/div>\n\t\t\t\t\t<\/div>\n\t\t<\/div>\n\t\t\t\t\t\t\t\t<\/div>\n\t\t\t\t\t<\/div>\n\t\t<\/section>\n\t\t\t\t<section class=\"elementor-section elementor-top-section elementor-element elementor-element-2062b6e elementor-section-boxed elementor-section-height-default elementor-section-height-default\" data-id=\"2062b6e\" data-element_type=\"section\">\n\t\t\t\t\t\t<div class=\"elementor-container elementor-column-gap-default\">\n\t\t\t\t\t\t\t<div class=\"elementor-row\">\n\t\t\t\t\t<div class=\"elementor-column elementor-col-100 elementor-top-column elementor-element elementor-element-f088fee\" data-id=\"f088fee\" data-element_type=\"column\">\n\t\t\t<div class=\"elementor-column-wrap elementor-element-populated\">\n\t\t\t\t\t\t\t<div class=\"elementor-widget-wrap\">\n\t\t\t\t\t\t<div class=\"elementor-element elementor-element-e1f2f5a elementor-widget elementor-widget-text-editor\" data-id=\"e1f2f5a\" data-element_type=\"widget\" data-widget_type=\"text-editor.default\">\n\t\t\t\t<div class=\"elementor-widget-container\">\n\t\t\t\t\t\t\t\t<div class=\"elementor-text-editor elementor-clearfix\">\n\t\t\t\t\t<p>Bu web sayfas\u0131 \u00e7erezler ve Google analytics web analiz arac\u0131n\u0131 kullan\u0131yor. Sayfalar\u0131m\u0131z\u0131 ziyaret etti\u011finizde bunu kabul etmi\u015f say\u0131l\u0131rs\u0131n\u0131z. Gizlilik politikam\u0131zla ilgili bilgilere buradan ula\u015fabilirsiniz.<\/p><p>\u00c7erezler, ziyaret etti\u011finiz bir web sitesi taraf\u0131ndan bilgisayar, tablet ve mobil cihazlar\u0131n\u0131zda depolanan verilerdir.<\/p><p>\u00c7erezler, modern web sitelerinin d\u00fczg\u00fcn \u00e7al\u0131\u015fmas\u0131 i\u00e7in gereklidir. Bilgisayar\u0131n\u0131za zarar veremez. \u00c7erezler k\u00fc\u00e7\u00fck dosyalard\u0131r. Ayr\u0131ca \u00e7erezler, ki\u015fisel bilgileriniz (ad, e-posta adresi, telefon numaras\u0131 gibi) de dahil olmak \u00fczere bir\u00e7ok farkl\u0131 bilgi i\u00e7erebilir. Web sunucunuz taraf\u0131ndan eri\u015filebilir durumdad\u0131r.<\/p><p>Hizmetlerin iyile\u015ftirilmesi i\u00e7in web siteleri taraf\u0131ndan \u00e7erezler kullan\u0131l\u0131r. Ziyaret\u00e7i ve ziyaret say\u0131s\u0131, sitede harcanan s\u00fcre, sitede t\u0131klanan sayfalar veya ziyaret\u00e7inin bulundu\u011fu yerler vb. web sitesine yap\u0131lan ziyaretler hakk\u0131nda veri toplama gibi i\u015flemleri bar\u0131nd\u0131r\u0131r.<\/p><p>\u00c7erezler, internet deneyiminizi daha etkile\u015fimli hale getirme g\u00f6revindedir. S\u0131k ziyaret etti\u011finiz sitelerdeki tercihlerinizi hat\u0131rlar. \u0130\u00e7erik ki\u015fiselle\u015ftirme ve reklamlar\u0131n da yer ald\u0131\u011f\u0131 baz\u0131 \u00e7erezler kullan\u0131l\u0131r. Bu \u00e7erezler, hedefli medya ve geli\u015ftirilmi\u015f analiz \u00e7erezleridir. \u00c7evrimi\u00e7i g\u00f6rd\u00fc\u011f\u00fcn\u00fcz reklamlar, ilgi alanlar\u0131n\u0131zla ba\u011flant\u0131l\u0131 olarak kar\u015f\u0131n\u0131za \u00e7\u0131kar.<\/p><p>\u00c7erezleri saklama ve g\u00f6nderme i\u015flemleri tamamen g\u00f6r\u00fcnmez bir \u015fekilde ger\u00e7ekle\u015fir. Ancak taray\u0131c\u0131 ayarlar\u0131n\u0131z\u0131 de\u011fi\u015ftirerek \u00e7erez depolama isteklerini onaylamaya veya reddetmeye kendiniz karar verebilir, taray\u0131c\u0131n\u0131z\u0131 kapatt\u0131\u011f\u0131n\u0131zda otomatik olarak \u00e7erezleri silebilirsiniz.<\/p>\t\t\t\t\t<\/div>\n\t\t\t\t\t\t<\/div>\n\t\t\t\t<\/div>\n\t\t\t\t\t\t<\/div>\n\t\t\t\t\t<\/div>\n\t\t<\/div>\n\t\t\t\t\t\t\t\t<\/div>\n\t\t\t\t\t<\/div>\n\t\t<\/section>\n\t\t\t\t\t\t<\/div>\n\t\t\t\t\t\t<\/div>\n\t\t\t\t\t<\/div>\n\t\t","protected":false},"excerpt":{"rendered":"<p>\u00c7erez Politikam\u0131z Bu web sayfas\u0131 \u00e7erezler ve Google analytics web analiz arac\u0131n\u0131 kullan\u0131yor. Sayfalar\u0131m\u0131z\u0131 ziyaret etti\u011finizde bunu kabul etmi\u015f say\u0131l\u0131rs\u0131n\u0131z. Gizlilik politikam\u0131zla ilgili bilgilere buradan ula\u015fabilirsiniz. \u00c7erezler, ziyaret etti\u011finiz bir web sitesi taraf\u0131ndan bilgisayar, tablet ve mobil cihazlar\u0131n\u0131zda depolanan verilerdir. \u00c7erezler, modern web sitelerinin d\u00fczg\u00fcn \u00e7al\u0131\u015fmas\u0131 i\u00e7in gereklidir. Bilgisayar\u0131n\u0131za zarar veremez. \u00c7erezler k\u00fc\u00e7\u00fck dosyalard\u0131r. Ayr\u0131ca [&hellip;]<\/p>\n","protected":false},"author":1,"featured_media":0,"parent":0,"menu_order":0,"comment_status":"closed","ping_status":"closed","template":"elementor_header_footer","meta":[],"_links":{"self":[{"href":"https:\/\/guvenpackaging.com\/ar\/wp-json\/wp\/v2\/pages\/6696"}],"collection":[{"href":"https:\/\/guvenpackaging.com\/ar\/wp-json\/wp\/v2\/pages"}],"about":[{"href":"https:\/\/guvenpackaging.com\/ar\/wp-json\/wp\/v2\/types\/page"}],"author":[{"embeddable":true,"href":"https:\/\/guvenpackaging.com\/ar\/wp-json\/wp\/v2\/users\/1"}],"replies":[{"embeddable":true,"href":"https:\/\/guvenpackaging.com\/ar\/wp-json\/wp\/v2\/comments?post=6696"}],"version-history":[{"count":5,"href":"https:\/\/guvenpackaging.com\/ar\/wp-json\/wp\/v2\/pages\/6696\/revisions"}],"predecessor-version":[{"id":6703,"href":"https:\/\/guvenpackaging.com\/ar\/wp-json\/wp\/v2\/pages\/6696\/revisions\/6703"}],"wp:attachment":[{"href":"https:\/\/guvenpackaging.com\/ar\/wp-json\/wp\/v2\/media?parent=6696"}],"curies":[{"name":"wp","href":"https:\/\/api.w.org\/{rel}","templated":true}]}}