{"id":6473,"date":"2020-09-29T21:11:01","date_gmt":"2020-09-29T18:11:01","guid":{"rendered":"https:\/\/guvenpackaging.com\/ar\/?page_id=6473"},"modified":"2021-06-07T09:54:38","modified_gmt":"2021-06-07T06:54:38","slug":"%d8%a8%d9%88%d9%84%d9%8a-%d8%a7%d8%ab%d9%8a%d9%84%d9%8a%d9%86-%d8%a7%d9%84%d9%81%d9%8a%d9%84%d9%85-%d8%b4%d8%b1%d9%8a%d9%86%d9%83-%d8%a7%d9%84%d9%85%d8%aa%d9%82%d9%84%d8%b5","status":"publish","type":"page","link":"https:\/\/guvenpackaging.com\/ar\/%d8%a8%d9%88%d9%84%d9%8a-%d8%a7%d8%ab%d9%8a%d9%84%d9%8a%d9%86-%d8%a7%d9%84%d9%81%d9%8a%d9%84%d9%85-%d8%b4%d8%b1%d9%8a%d9%86%d9%83-%d8%a7%d9%84%d9%85%d8%aa%d9%82%d9%84%d8%b5\/","title":{"rendered":"\u0628\u0648\u0644\u064a \u0627\u062b\u064a\u0644\u064a\u0646 \u0627\u0644\u0641\u064a\u0644\u0645 \u0634\u0631\u064a\u0646\u0643 \u0627\u0644\u0645\u062a\u0642\u0644\u0635"},"content":{"rendered":"\t\t<div data-elementor-type=\"wp-page\" data-elementor-id=\"6473\" class=\"elementor elementor-6473\" data-elementor-settings=\"[]\">\n\t\t\t\t\t\t<div class=\"elementor-inner\">\n\t\t\t\t\t\t\t<div class=\"elementor-section-wrap\">\n\t\t\t\t\t\t\t<section class=\"elementor-section elementor-top-section elementor-element elementor-element-7bfe820 elementor-section-boxed elementor-section-height-default elementor-section-height-default\" data-id=\"7bfe820\" data-element_type=\"section\" data-settings=\"{&quot;background_background&quot;:&quot;classic&quot;}\">\n\t\t\t\t\t\t<div class=\"elementor-container elementor-column-gap-default\">\n\t\t\t\t\t\t\t<div class=\"elementor-row\">\n\t\t\t\t\t<div class=\"elementor-column elementor-col-100 elementor-top-column elementor-element elementor-element-82a0c14\" data-id=\"82a0c14\" data-element_type=\"column\">\n\t\t\t<div class=\"elementor-column-wrap elementor-element-populated\">\n\t\t\t\t\t\t\t<div class=\"elementor-widget-wrap\">\n\t\t\t\t\t\t<div class=\"elementor-element elementor-element-fccee6c elementor-widget elementor-widget-elementskit-heading\" data-id=\"fccee6c\" data-element_type=\"widget\" data-widget_type=\"elementskit-heading.default\">\n\t\t\t\t<div class=\"elementor-widget-container\">\n\t\t\t<div class=\"ekit-wid-con\" ><div class=\"ekit-heading elementskit-section-title-wraper text_center   ekit_heading_tablet-   ekit_heading_mobile-\"><h3 class=\"elementskit-section-subtitle  \">GUVEN PACKAGING<\/h3><h2 class=\"ekit-heading--title elementskit-section-title \">\n\t\t\t\t\t\u0628\u0648\u0644\u064a \u0627\u062b\u064a\u0644\u064a\u0646 \u0627\u0644\u0641\u064a\u0644\u0645 \u0634\u0631\u064a\u0646\u0643 \u0627\u0644\u0645\u062a\u0642\u0644\u0635\n\t\t\t\t<\/h2><\/div><\/div>\t\t<\/div>\n\t\t\t\t<\/div>\n\t\t\t\t\t\t<\/div>\n\t\t\t\t\t<\/div>\n\t\t<\/div>\n\t\t\t\t\t\t\t\t<\/div>\n\t\t\t\t\t<\/div>\n\t\t<\/section>\n\t\t\t\t<section class=\"elementor-section elementor-top-section elementor-element elementor-element-6fdeda7 elementor-section-full_width elementor-section-height-default elementor-section-height-default\" data-id=\"6fdeda7\" data-element_type=\"section\">\n\t\t\t\t\t\t<div class=\"elementor-container elementor-column-gap-default\">\n\t\t\t\t\t\t\t<div class=\"elementor-row\">\n\t\t\t\t\t<div class=\"elementor-column elementor-col-100 elementor-top-column elementor-element elementor-element-f2fb0f1\" data-id=\"f2fb0f1\" data-element_type=\"column\">\n\t\t\t<div class=\"elementor-column-wrap elementor-element-populated\">\n\t\t\t\t\t\t\t<div class=\"elementor-widget-wrap\">\n\t\t\t\t\t\t<section class=\"elementor-section elementor-inner-section elementor-element elementor-element-417ed86 elementor-section-boxed elementor-section-height-default elementor-section-height-default\" data-id=\"417ed86\" data-element_type=\"section\">\n\t\t\t\t\t\t<div class=\"elementor-container elementor-column-gap-default\">\n\t\t\t\t\t\t\t<div class=\"elementor-row\">\n\t\t\t\t\t<div class=\"elementor-column elementor-col-50 elementor-inner-column elementor-element elementor-element-cc4cd8e\" data-id=\"cc4cd8e\" data-element_type=\"column\">\n\t\t\t<div class=\"elementor-column-wrap elementor-element-populated\">\n\t\t\t\t\t\t\t<div class=\"elementor-widget-wrap\">\n\t\t\t\t\t\t<div class=\"elementor-element elementor-element-beb6088 elementor-widget elementor-widget-image\" data-id=\"beb6088\" data-element_type=\"widget\" data-widget_type=\"image.default\">\n\t\t\t\t<div class=\"elementor-widget-container\">\n\t\t\t\t\t\t\t\t<div class=\"elementor-image\">\n\t\t\t\t\t\t\t\t\t\t\t\t<img width=\"739\" height=\"360\" src=\"https:\/\/guvenpackaging.com\/ar\/wp-content\/uploads\/2020\/10\/blow_extruder_wide.jpg\" class=\"attachment-full size-full\" alt=\"\" loading=\"lazy\" srcset=\"https:\/\/guvenpackaging.com\/ar\/wp-content\/uploads\/2020\/10\/blow_extruder_wide.jpg 739w, https:\/\/guvenpackaging.com\/ar\/wp-content\/uploads\/2020\/10\/blow_extruder_wide-300x146.jpg 300w\" sizes=\"(max-width: 739px) 100vw, 739px\" \/>\t\t\t\t\t\t\t\t\t\t\t\t\t\t<\/div>\n\t\t\t\t\t\t<\/div>\n\t\t\t\t<\/div>\n\t\t\t\t\t\t<\/div>\n\t\t\t\t\t<\/div>\n\t\t<\/div>\n\t\t\t\t<div class=\"elementor-column elementor-col-50 elementor-inner-column elementor-element elementor-element-f0607e2\" data-id=\"f0607e2\" data-element_type=\"column\">\n\t\t\t<div class=\"elementor-column-wrap elementor-element-populated\">\n\t\t\t\t\t\t\t<div class=\"elementor-widget-wrap\">\n\t\t\t\t\t\t<div class=\"elementor-element elementor-element-2dbcf89 elementor-widget elementor-widget-image\" data-id=\"2dbcf89\" data-element_type=\"widget\" data-widget_type=\"image.default\">\n\t\t\t\t<div class=\"elementor-widget-container\">\n\t\t\t\t\t\t\t\t<div class=\"elementor-image\">\n\t\t\t\t\t\t\t\t\t\t\t\t<img width=\"500\" height=\"500\" src=\"https:\/\/guvenpackaging.com\/ar\/wp-content\/uploads\/2020\/09\/uygulama_1.jpg\" class=\"attachment-large size-large\" alt=\"\" loading=\"lazy\" srcset=\"https:\/\/guvenpackaging.com\/ar\/wp-content\/uploads\/2020\/09\/uygulama_1.jpg 500w, https:\/\/guvenpackaging.com\/ar\/wp-content\/uploads\/2020\/09\/uygulama_1-300x300.jpg 300w, https:\/\/guvenpackaging.com\/ar\/wp-content\/uploads\/2020\/09\/uygulama_1-150x150.jpg 150w, https:\/\/guvenpackaging.com\/ar\/wp-content\/uploads\/2020\/09\/uygulama_1-250x250.jpg 250w\" sizes=\"(max-width: 500px) 100vw, 500px\" \/>\t\t\t\t\t\t\t\t\t\t\t\t\t\t<\/div>\n\t\t\t\t\t\t<\/div>\n\t\t\t\t<\/div>\n\t\t\t\t\t\t<\/div>\n\t\t\t\t\t<\/div>\n\t\t<\/div>\n\t\t\t\t\t\t\t\t<\/div>\n\t\t\t\t\t<\/div>\n\t\t<\/section>\n\t\t\t\t\t\t<\/div>\n\t\t\t\t\t<\/div>\n\t\t<\/div>\n\t\t\t\t\t\t\t\t<\/div>\n\t\t\t\t\t<\/div>\n\t\t<\/section>\n\t\t\t\t<section class=\"elementor-section elementor-top-section elementor-element elementor-element-267d92f elementor-section-boxed elementor-section-height-default elementor-section-height-default\" data-id=\"267d92f\" data-element_type=\"section\">\n\t\t\t\t\t\t<div class=\"elementor-container elementor-column-gap-default\">\n\t\t\t\t\t\t\t<div class=\"elementor-row\">\n\t\t\t\t\t<div class=\"elementor-column elementor-col-100 elementor-top-column elementor-element elementor-element-5c94af2\" data-id=\"5c94af2\" data-element_type=\"column\">\n\t\t\t<div class=\"elementor-column-wrap elementor-element-populated\">\n\t\t\t\t\t\t\t<div class=\"elementor-widget-wrap\">\n\t\t\t\t\t\t<div class=\"elementor-element elementor-element-b81711d elementor-widget elementor-widget-elementskit-heading\" data-id=\"b81711d\" data-element_type=\"widget\" data-widget_type=\"elementskit-heading.default\">\n\t\t\t\t<div class=\"elementor-widget-container\">\n\t\t\t<div class=\"ekit-wid-con\" ><div class=\"ekit-heading elementskit-section-title-wraper text_left   ekit_heading_tablet-   ekit_heading_mobile-\"><h3 class=\"elementskit-section-subtitle  \">GUVEN PACKAGING<\/h3><h2 class=\"ekit-heading--title elementskit-section-title \">\n\t\t\t\t\t\u0627\u0644\u0627\u0633\u062a\u062e\u062f\u0627\u0645\u0627\u062a \n\t\t\t\t<\/h2>\t\t\t\t<div class='ekit-heading__description'>\n\t\t\t\t\t<p>\u0628\u0639\u0636 \u0645\u062c\u0627\u0644\u0627\u062a \u0627\u0633\u062a\u062e\u062f\u0627\u0645 \u0645\u0646\u062a\u062c\u0627\u062a\u0646\u0627 \u062d\u0633\u0628 \u0627\u0644\u0642\u0637\u0627\u0639\u0627\u062a.<\/p>\n\t\t\t\t<\/div>\n\t\t\t<\/div><\/div>\t\t<\/div>\n\t\t\t\t<\/div>\n\t\t\t\t\t\t<\/div>\n\t\t\t\t\t<\/div>\n\t\t<\/div>\n\t\t\t\t\t\t\t\t<\/div>\n\t\t\t\t\t<\/div>\n\t\t<\/section>\n\t\t\t\t<section class=\"elementor-section elementor-top-section elementor-element elementor-element-8cf372b elementor-section-full_width elementor-section-height-default elementor-section-height-default\" data-id=\"8cf372b\" data-element_type=\"section\">\n\t\t\t\t\t\t<div class=\"elementor-container elementor-column-gap-default\">\n\t\t\t\t\t\t\t<div class=\"elementor-row\">\n\t\t\t\t\t<div class=\"elementor-column elementor-col-100 elementor-top-column elementor-element elementor-element-c5d23d4\" data-id=\"c5d23d4\" data-element_type=\"column\">\n\t\t\t<div class=\"elementor-column-wrap elementor-element-populated\">\n\t\t\t\t\t\t\t<div class=\"elementor-widget-wrap\">\n\t\t\t\t\t\t<div class=\"elementor-element elementor-element-4fa281f ekit-image-accordion-horizontal ekit-image-accordion-click elementor-widget elementor-widget-elementskit-image-accordion\" data-id=\"4fa281f\" data-element_type=\"widget\" data-widget_type=\"elementskit-image-accordion.default\">\n\t\t\t\t<div class=\"elementor-widget-container\">\n\t\t\t<div class=\"ekit-wid-con\" >        <div class=\"ekit-image-accordion elementskit-image-accordion-wraper\">\n                        <input type=\"radio\" name=\"ekit_ia_4fa281f\" id=\"ekit_ia_4fa281f_0\" class=\"elementskit-single-image-accordion--input\"  hidden>\n            <label for=\"ekit_ia_4fa281f_0\" class=\"elementskit-single-image-accordion ekit-image-accordion-item\" style=\"background-image: url(https:\/\/guvenpackaging.com\/ar\/wp-content\/uploads\/2020\/09\/shutterstock_213844237.jpg)\">\n                <span class=\"elementskit-accordion-content\">\n                                       <span class=\"elementskit-accordion-title-wraper\">\n                        <span class=\"elementskit-accordion-title \">\n                        \n                        Su\n                                                <\/span>\n                    <\/span>\n                                    <\/span>\n            <\/label>\n                        <input type=\"radio\" name=\"ekit_ia_4fa281f\" id=\"ekit_ia_4fa281f_1\" class=\"elementskit-single-image-accordion--input\"  hidden>\n            <label for=\"ekit_ia_4fa281f_1\" class=\"elementskit-single-image-accordion ekit-image-accordion-item\" style=\"background-image: url(https:\/\/guvenpackaging.com\/ar\/wp-content\/uploads\/2020\/09\/shutterstock_617687435.jpg)\">\n                <span class=\"elementskit-accordion-content\">\n                                       <span class=\"elementskit-accordion-title-wraper\">\n                        <span class=\"elementskit-accordion-title \">\n                        \n                        Di\u011fer \u0130\u00e7ecek Gruplar\u0131\n                                                <\/span>\n                    <\/span>\n                                    <\/span>\n            <\/label>\n                        <input type=\"radio\" name=\"ekit_ia_4fa281f\" id=\"ekit_ia_4fa281f_2\" class=\"elementskit-single-image-accordion--input\"  hidden>\n            <label for=\"ekit_ia_4fa281f_2\" class=\"elementskit-single-image-accordion ekit-image-accordion-item\" style=\"background-image: url(https:\/\/guvenpackaging.com\/ar\/wp-content\/uploads\/2020\/09\/shutterstock_1012197685.jpg)\">\n                <span class=\"elementskit-accordion-content\">\n                                       <span class=\"elementskit-accordion-title-wraper\">\n                        <span class=\"elementskit-accordion-title \">\n                        \n                        Konserve Gruplar\u0131\n                                                <\/span>\n                    <\/span>\n                                    <\/span>\n            <\/label>\n                    <\/div>\n    <\/div>\t\t<\/div>\n\t\t\t\t<\/div>\n\t\t\t\t\t\t<\/div>\n\t\t\t\t\t<\/div>\n\t\t<\/div>\n\t\t\t\t\t\t\t\t<\/div>\n\t\t\t\t\t<\/div>\n\t\t<\/section>\n\t\t\t\t<section class=\"elementor-section elementor-top-section elementor-element elementor-element-a3fcb30 elementor-section-full_width elementor-section-height-default elementor-section-height-default\" data-id=\"a3fcb30\" data-element_type=\"section\">\n\t\t\t\t\t\t<div class=\"elementor-container elementor-column-gap-default\">\n\t\t\t\t\t\t\t<div class=\"elementor-row\">\n\t\t\t\t\t<div class=\"elementor-column elementor-col-100 elementor-top-column elementor-element elementor-element-6988140\" data-id=\"6988140\" data-element_type=\"column\">\n\t\t\t<div class=\"elementor-column-wrap elementor-element-populated\">\n\t\t\t\t\t\t\t<div class=\"elementor-widget-wrap\">\n\t\t\t\t\t\t<div class=\"elementor-element elementor-element-0178af4 elementor-widget-divider--separator-type-pattern elementor-widget-divider--view-line elementor-widget elementor-widget-divider\" data-id=\"0178af4\" data-element_type=\"widget\" data-widget_type=\"divider.default\">\n\t\t\t\t<div class=\"elementor-widget-container\">\n\t\t\t\t\t<div class=\"elementor-divider\" style=\"--divider-pattern-url: url(&quot;data:image\/svg+xml,%3Csvg xmlns=&#039;http:\/\/www.w3.org\/2000\/svg&#039; preserveAspectRatio=&#039;none&#039; overflow=&#039;visible&#039; height=&#039;100%&#039; viewBox=&#039;0 0 24 24&#039; fill=&#039;none&#039; stroke=&#039;black&#039; stroke-width=&#039;1&#039; stroke-linecap=&#039;square&#039; stroke-miterlimit=&#039;10&#039;%3E%3Cpolyline points=&#039;0,18 12,6 24,18 &#039;\/%3E%3C\/svg%3E&quot;);\">\n\t\t\t<span class=\"elementor-divider-separator\">\n\t\t\t\t\t\t<\/span>\n\t\t<\/div>\n\t\t\t\t<\/div>\n\t\t\t\t<\/div>\n\t\t\t\t\t\t<\/div>\n\t\t\t\t\t<\/div>\n\t\t<\/div>\n\t\t\t\t\t\t\t\t<\/div>\n\t\t\t\t\t<\/div>\n\t\t<\/section>\n\t\t\t\t<section class=\"elementor-section elementor-top-section elementor-element elementor-element-364ff40 elementor-section-content-middle elementor-section-boxed elementor-section-height-default elementor-section-height-default\" data-id=\"364ff40\" data-element_type=\"section\">\n\t\t\t\t\t\t<div class=\"elementor-container elementor-column-gap-default\">\n\t\t\t\t\t\t\t<div class=\"elementor-row\">\n\t\t\t\t\t<div class=\"elementor-column elementor-col-100 elementor-top-column elementor-element elementor-element-4fff638\" data-id=\"4fff638\" data-element_type=\"column\">\n\t\t\t<div class=\"elementor-column-wrap elementor-element-populated\">\n\t\t\t\t\t\t\t<div class=\"elementor-widget-wrap\">\n\t\t\t\t\t\t<section class=\"elementor-section elementor-inner-section elementor-element elementor-element-347bd90 elementor-section-content-top elementor-section-boxed elementor-section-height-default elementor-section-height-default\" data-id=\"347bd90\" data-element_type=\"section\">\n\t\t\t\t\t\t<div class=\"elementor-container elementor-column-gap-no\">\n\t\t\t\t\t\t\t<div class=\"elementor-row\">\n\t\t\t\t\t<div class=\"elementor-column elementor-col-100 elementor-inner-column elementor-element elementor-element-ee448fa\" data-id=\"ee448fa\" data-element_type=\"column\">\n\t\t\t<div class=\"elementor-column-wrap elementor-element-populated\">\n\t\t\t\t\t\t\t<div class=\"elementor-widget-wrap\">\n\t\t\t\t\t\t<div class=\"elementor-element elementor-element-d80d1bd elementor-widget elementor-widget-elementskit-heading\" data-id=\"d80d1bd\" data-element_type=\"widget\" data-widget_type=\"elementskit-heading.default\">\n\t\t\t\t<div class=\"elementor-widget-container\">\n\t\t\t<div class=\"ekit-wid-con\" ><div class=\"ekit-heading elementskit-section-title-wraper text_left   ekit_heading_tablet-   ekit_heading_mobile-\"><h3 class=\"elementskit-section-subtitle  \">GUVEN PACKAGING<\/h3><h2 class=\"ekit-heading--title elementskit-section-title \">\n\t\t\t\t\t\u062e\u0635\u0627\u0626\u0635 \u0627\u0644\u0645\u0646\u062a\u062c\n\t\t\t\t<\/h2><\/div><\/div>\t\t<\/div>\n\t\t\t\t<\/div>\n\t\t\t\t<div class=\"elementor-element elementor-element-fff4500 about-dance-top ekit-equal-height-disable elementor-widget elementor-widget-elementskit-icon-box\" data-id=\"fff4500\" data-element_type=\"widget\" data-widget_type=\"elementskit-icon-box.default\">\n\t\t\t\t<div class=\"elementor-widget-container\">\n\t\t\t<div class=\"ekit-wid-con\" >        <!-- link opening -->\n                <!-- end link opening -->\n\n        <div class=\"elementskit-infobox text-left text-left icon-lef-right-aligin elementor-animation- media  \">\n                            <div class=\"elementskit-box-header\">\n                <div class=\"elementskit-info-box-icon text-center\">\n                    <img src=\"https:\/\/guvenpackaging.com\/ar\/wp-content\/uploads\/2019\/07\/icon-21.png\" alt=\"\u0628\u0648\u0644\u064a \u0627\u062b\u064a\u0644\u064a\u0646 \u0627\u0644\u0641\u064a\u0644\u0645 \u0634\u0631\u064a\u0646\u0643 \u0627\u0644\u0645\u062a\u0642\u0644\u0635\">\n                <\/div>\n          <\/div>\n                <div class=\"box-body\">\n                            <h3 class=\"elementskit-info-box-title\">\n                    \u0628\u0648\u0644\u064a \u0627\u062b\u064a\u0644\u064a\u0646 \u0627\u0644\u0641\u064a\u0644\u0645 \u0634\u0631\u064a\u0646\u0643 \u0627\u0644\u0645\u062a\u0642\u0644\u0635                <\/h3>\n                                    <p>\u064a\u0644\u0645 \u0634\u0631\u064a\u0646\u0643 \u0627\u0644\u0645\u062a\u0642\u0644\u0635 \u0647\u0648 \u0641\u064a\u0644\u0645 \u0645\u0646 \u0646\u0648\u0639 \u0627\u0644\u062a\u0639\u0628\u0626\u0629 \u064a\u062a\u0645 \u062a\u0635\u0646\u064a\u0639\u0647 \u0639\u0646 \u0637\u0631\u064a\u0642 \u0627\u0644\u0646\u0627\u064a\u0644\u0648\u0646 \u0648\u0644\u0641 \u0627\u0644\u0645\u0646\u062a\u062c\u0627\u062a \u0628\u0627\u0644\u0645\u0639\u0627\u0644\u062c\u0629 \u0627\u0644\u062d\u0631\u0627\u0631\u064a\u0629.\n<br><br>\n\n\u0627\u0644\u0639\u0645\u0644 \u0645\u0639 \u0641\u064a\u0644\u0645 \u0627\u0644\u062a\u0642\u0644\u064a\u0635 \u0627\u0644\u0634\u0631\u064a\u0646\u0643 \u0647\u0648 \u0639\u0645\u0644 \u0645\u062b\u0627\u0644\u064a \u0648\u0627\u0642\u062a\u0635\u0627\u062f\u064a \u064a\u0645\u0643\u0646 \u062a\u0637\u0628\u064a\u0642\u0647\u0627 \u0628\u0633\u0647\u0648\u0644\u0629. \n\u0639\u0646 \u0637\u0631\u064a\u0642 \u0627\u0644\u0645\u0639\u0627\u0644\u062c\u0629 \u0627\u0644\u062d\u0631\u0627\u0631\u064a\u0629 \u0648\u062a\u0644\u0641 \u0628\u0634\u0643\u0644 \u0645\u062d\u0643\u0645 \u0639\u0644\u0649 \u0627\u0644\u0645\u0646\u062a\u062c\u0627\u062a \u0648\u064a\u0636\u0645\u0646 \u0639\u062f\u0645 \u062a\u0644\u0641\u0647\u0627 \u0645\u0646 \u0627\u0644\u0645\u0637\u0631 \u0648\u0627\u0644\u063a\u0628\u0627\u0631 \u0648\u0627\u0644\u0634\u0645\u0633 \u0643\u0645\u0627 \u064a\u0648\u0641\u0631 \u0633\u0647\u0648\u0644\u0629 \u0627\u0644\u0646\u0642\u0644.\n\n<br><br>\n\u0645\u0646\u0627\u0633\u0628\u0629 \u0648\u0635\u062f\u064a\u0642\u0629 \u0644\u0644\u0628\u064a\u0626\u0629 \u064a\u0645\u0643\u0646 \u0627\u0639\u0627\u062f\u0629 \u062a\u062f\u0648\u064a\u0631\u0647\u0627 \u0648\u064a\u062a\u0645 \u062a\u0637\u0628\u064a\u0642\u0647\u0627 \u0639\u0644\u0649 \u0627\u0644\u0627\u062c\u0647\u0632\u0629 \u0627\u0644\u0627\u0644\u0643\u062a\u0631\u0648\u0646\u064a\u0629 \u0648\u0627\u0644\u0633\u064a\u0631\u0627\u0645\u064a\u0643 \u0648\u0627\u0644\u0632\u062c\u0627\u062c \u0648\u0627\u0644\u0645\u0634\u0631\u0648\u0628\u0627\u062a \u0648\u0627\u0644\u0645\u0639\u0627\u062f\u062a \u0648\u0627\u0644\u0645\u0648\u0627\u062f \u0627\u0644\u062e\u0627\u0645 \u0648\u0627\u0644\u062a\u063a\u0644\u064a\u0641 \u064a\u062a\u0645 \u062a\u0634\u0643\u064a\u0644\u0647\u0627 \u0639\u0644\u0649 \u0634\u0643\u0644 \u0628\u0643\u0631\u0627\u062a \u0648\u0644\u0641\u0627\u062a \u062d\u0633\u0628 \u0627\u0644\u0637\u0644\u0628 \u0627\u0648 \u0644\u062a\u0643\u0648\u0646 \u0645\u0646\u0627\u0633\u0628\u0629 \u0644\u0644\u0627\u0644\u0627\u062a.\n<br><br>\n\u0645\u0646 LDPE\u0648\u064a\u062a\u0645 \u0627\u0646\u062a\u0627\u062c\u0647 \u0645\u0646 \u064a\u062a\u0645 \u0627\u0633\u062a\u062e\u062f\u0627\u0645\u0647 \u0644\u062a\u063a\u0644\u064a\u0641 \u0627\u0644\u0645\u0646\u062a\u062c\u0627\u062a \u0627\u0644\u062b\u0642\u064a\u0644\u0629 \u0648\u062d\u0645\u0627\u064a\u062a\u0647\u0627 \u0648\u062a\u0642\u0633\u064a\u0645\u0647\u0627 \u0625\u0644\u0649 \u0648\u062d\u062f\u0627\u062a. \u0639\u0627\u062f\u0629 \u0645\u0627 \u062a\u0638\u0647\u0631 \u0641\u064a \u0623\u0642\u0633\u0627\u0645 \u0627\u0644\u0645\u0634\u0631\u0648\u0628\u0627\u062a \u0641\u064a \u0645\u062d\u0644\u0627\u062a \u0627\u0644\u0628\u0642\u0627\u0644\u0629. \u0625\u0646\u0647 \u0623\u0643\u062b\u0631 \u0645\u0631\u0648\u0646\u0629 \u0648\u0633\u0645\u0643\u064b\u0627 \u0645\u0646 \u0627\u0644\u0623\u0641\u0644\u0627\u0645 \u0627\u0644\u0623\u062e\u0631\u0649. \u0646\u0638\u0631\u064b\u0627 \u0644\u0623\u0646\u0647 \u0645\u062a\u064a\u0646 \u0641\u064a \u0627\u0644\u0637\u0642\u0633 \u0627\u0644\u062d\u0627\u0631 \u0648\u0627\u0644\u0628\u0627\u0631\u062f\u060c \u0641\u0625\u0646\u0647 \u064a\u0648\u0641\u0631 \u0645\u064a\u0632\u0629 \u0627\u0644\u062a\u062e\u0632\u064a\u0646 \u0648\u0627\u0644\u062a\u062e\u0632\u064a\u0646. \u064a\u062a\u0645 \u0625\u0646\u062a\u0627\u062c\u0647 \u0641\u064a \u062d\u062f\u0648\u062f 20 \u0633\u0645 - 250 \u0633\u0645- 15 \u0645\u064a\u0643\u0631\u0648\u0646 \u0648\u0633\u0645\u0643 200 \u0645\u064a\u0643\u0631\u0648\u0646.\n <\/p>\n                                <\/div>\n        \n        \n                <\/div>\n        <\/div>\t\t<\/div>\n\t\t\t\t<\/div>\n\t\t\t\t\t\t<\/div>\n\t\t\t\t\t<\/div>\n\t\t<\/div>\n\t\t\t\t\t\t\t\t<\/div>\n\t\t\t\t\t<\/div>\n\t\t<\/section>\n\t\t\t\t\t\t<\/div>\n\t\t\t\t\t<\/div>\n\t\t<\/div>\n\t\t\t\t\t\t\t\t<\/div>\n\t\t\t\t\t<\/div>\n\t\t<\/section>\n\t\t\t\t\t\t<\/div>\n\t\t\t\t\t\t<\/div>\n\t\t\t\t\t<\/div>\n\t\t","protected":false},"excerpt":{"rendered":"<p>GUVEN PACKAGING \u0628\u0648\u0644\u064a \u0627\u062b\u064a\u0644\u064a\u0646 \u0627\u0644\u0641\u064a\u0644\u0645 \u0634\u0631\u064a\u0646\u0643 \u0627\u0644\u0645\u062a\u0642\u0644\u0635 GUVEN PACKAGING \u0627\u0644\u0627\u0633\u062a\u062e\u062f\u0627\u0645\u0627\u062a \u0628\u0639\u0636 \u0645\u062c\u0627\u0644\u0627\u062a \u0627\u0633\u062a\u062e\u062f\u0627\u0645 \u0645\u0646\u062a\u062c\u0627\u062a\u0646\u0627 \u062d\u0633\u0628 \u0627\u0644\u0642\u0637\u0627\u0639\u0627\u062a. Su Di\u011fer \u0130\u00e7ecek Gruplar\u0131 Konserve Gruplar\u0131 GUVEN PACKAGING \u062e\u0635\u0627\u0626\u0635 \u0627\u0644\u0645\u0646\u062a\u062c \u0628\u0648\u0644\u064a \u0627\u062b\u064a\u0644\u064a\u0646 \u0627\u0644\u0641\u064a\u0644\u0645 \u0634\u0631\u064a\u0646\u0643 \u0627\u0644\u0645\u062a\u0642\u0644\u0635 \u064a\u0644\u0645 \u0634\u0631\u064a\u0646\u0643 \u0627\u0644\u0645\u062a\u0642\u0644\u0635 \u0647\u0648 \u0641\u064a\u0644\u0645 \u0645\u0646 \u0646\u0648\u0639 \u0627\u0644\u062a\u0639\u0628\u0626\u0629 \u064a\u062a\u0645 \u062a\u0635\u0646\u064a\u0639\u0647 \u0639\u0646 \u0637\u0631\u064a\u0642 \u0627\u0644\u0646\u0627\u064a\u0644\u0648\u0646 \u0648\u0644\u0641 \u0627\u0644\u0645\u0646\u062a\u062c\u0627\u062a \u0628\u0627\u0644\u0645\u0639\u0627\u0644\u062c\u0629 \u0627\u0644\u062d\u0631\u0627\u0631\u064a\u0629. \u0627\u0644\u0639\u0645\u0644 \u0645\u0639 \u0641\u064a\u0644\u0645 \u0627\u0644\u062a\u0642\u0644\u064a\u0635 \u0627\u0644\u0634\u0631\u064a\u0646\u0643 \u0647\u0648 \u0639\u0645\u0644 [&hellip;]<\/p>\n","protected":false},"author":1,"featured_media":0,"parent":0,"menu_order":0,"comment_status":"closed","ping_status":"closed","template":"template\/full-width-template.php","meta":[],"_links":{"self":[{"href":"https:\/\/guvenpackaging.com\/ar\/wp-json\/wp\/v2\/pages\/6473"}],"collection":[{"href":"https:\/\/guvenpackaging.com\/ar\/wp-json\/wp\/v2\/pages"}],"about":[{"href":"https:\/\/guvenpackaging.com\/ar\/wp-json\/wp\/v2\/types\/page"}],"author":[{"embeddable":true,"href":"https:\/\/guvenpackaging.com\/ar\/wp-json\/wp\/v2\/users\/1"}],"replies":[{"embeddable":true,"href":"https:\/\/guvenpackaging.com\/ar\/wp-json\/wp\/v2\/comments?post=6473"}],"version-history":[{"count":6,"href":"https:\/\/guvenpackaging.com\/ar\/wp-json\/wp\/v2\/pages\/6473\/revisions"}],"predecessor-version":[{"id":6763,"href":"https:\/\/guvenpackaging.com\/ar\/wp-json\/wp\/v2\/pages\/6473\/revisions\/6763"}],"wp:attachment":[{"href":"https:\/\/guvenpackaging.com\/ar\/wp-json\/wp\/v2\/media?parent=6473"}],"curies":[{"name":"wp","href":"https:\/\/api.w.org\/{rel}","templated":true}]}}