{"id":6464,"date":"2020-09-29T13:43:19","date_gmt":"2020-09-29T10:43:19","guid":{"rendered":"https:\/\/guvenpackaging.com\/ar\/?page_id=6464"},"modified":"2021-06-07T09:49:44","modified_gmt":"2021-06-07T06:49:44","slug":"%d8%a7%d9%84%d8%b4%d8%b1%d9%8a%d8%b7-%d8%a7%d9%84%d9%84%d8%a7%d8%b5%d9%82-%d8%a7%d9%83%d8%b1%d9%84%d9%8a%d9%83","status":"publish","type":"page","link":"https:\/\/guvenpackaging.com\/ar\/%d8%a7%d9%84%d8%b4%d8%b1%d9%8a%d8%b7-%d8%a7%d9%84%d9%84%d8%a7%d8%b5%d9%82-%d8%a7%d9%83%d8%b1%d9%84%d9%8a%d9%83\/","title":{"rendered":"\u0627\u0644\u0634\u0631\u064a\u0637 \u0627\u0644\u0644\u0627\u0635\u0642 \u0627\u0643\u0631\u0644\u064a\u0643"},"content":{"rendered":"\t\t<div data-elementor-type=\"wp-page\" data-elementor-id=\"6464\" class=\"elementor elementor-6464\" data-elementor-settings=\"[]\">\n\t\t\t\t\t\t<div class=\"elementor-inner\">\n\t\t\t\t\t\t\t<div class=\"elementor-section-wrap\">\n\t\t\t\t\t\t\t<section class=\"elementor-section elementor-top-section elementor-element elementor-element-7cfa0e6 elementor-section-boxed elementor-section-height-default elementor-section-height-default\" data-id=\"7cfa0e6\" data-element_type=\"section\" data-settings=\"{&quot;background_background&quot;:&quot;classic&quot;}\">\n\t\t\t\t\t\t<div class=\"elementor-container elementor-column-gap-default\">\n\t\t\t\t\t\t\t<div class=\"elementor-row\">\n\t\t\t\t\t<div class=\"elementor-column elementor-col-100 elementor-top-column elementor-element elementor-element-a048878\" data-id=\"a048878\" data-element_type=\"column\">\n\t\t\t<div class=\"elementor-column-wrap elementor-element-populated\">\n\t\t\t\t\t\t\t<div class=\"elementor-widget-wrap\">\n\t\t\t\t\t\t<div class=\"elementor-element elementor-element-af01a16 elementor-widget elementor-widget-elementskit-heading\" data-id=\"af01a16\" data-element_type=\"widget\" data-widget_type=\"elementskit-heading.default\">\n\t\t\t\t<div class=\"elementor-widget-container\">\n\t\t\t<div class=\"ekit-wid-con\" ><div class=\"ekit-heading elementskit-section-title-wraper text_center   ekit_heading_tablet-   ekit_heading_mobile-\"><h3 class=\"elementskit-section-subtitle  \">GUVEN PACKAGING<\/h3><h2 class=\"ekit-heading--title elementskit-section-title \">\n\t\t\t\t\t\u0627\u0644\u0634\u0631\u064a\u0637 \u0627\u0644\u0644\u0627\u0635\u0642 \u0627\u0643\u0631\u0644\u064a\u0643\n\t\t\t\t<\/h2><\/div><\/div>\t\t<\/div>\n\t\t\t\t<\/div>\n\t\t\t\t\t\t<\/div>\n\t\t\t\t\t<\/div>\n\t\t<\/div>\n\t\t\t\t\t\t\t\t<\/div>\n\t\t\t\t\t<\/div>\n\t\t<\/section>\n\t\t\t\t<section class=\"elementor-section elementor-top-section elementor-element elementor-element-6c65c46 elementor-section-full_width elementor-section-height-default elementor-section-height-default\" data-id=\"6c65c46\" data-element_type=\"section\">\n\t\t\t\t\t\t<div class=\"elementor-container elementor-column-gap-no\">\n\t\t\t\t\t\t\t<div class=\"elementor-row\">\n\t\t\t\t\t<div class=\"elementor-column elementor-col-100 elementor-top-column elementor-element elementor-element-d9da943\" data-id=\"d9da943\" data-element_type=\"column\">\n\t\t\t<div class=\"elementor-column-wrap elementor-element-populated\">\n\t\t\t\t\t\t\t<div class=\"elementor-widget-wrap\">\n\t\t\t\t\t\t<div class=\"elementor-element elementor-element-9d63ebe ekit-image-accordion-horizontal ekit-image-accordion-click elementor-widget elementor-widget-elementskit-image-accordion\" data-id=\"9d63ebe\" data-element_type=\"widget\" data-widget_type=\"elementskit-image-accordion.default\">\n\t\t\t\t<div class=\"elementor-widget-container\">\n\t\t\t<div class=\"ekit-wid-con\" >        <div class=\"ekit-image-accordion elementskit-image-accordion-wraper\">\n                        <input type=\"radio\" name=\"ekit_ia_9d63ebe\" id=\"ekit_ia_9d63ebe_0\" class=\"elementskit-single-image-accordion--input\"  hidden>\n            <label for=\"ekit_ia_9d63ebe_0\" class=\"elementskit-single-image-accordion ekit-image-accordion-item\" style=\"background-image: url(https:\/\/guvenpackaging.com\/ar\/wp-content\/uploads\/2020\/07\/17.jpg)\">\n                <span class=\"elementskit-accordion-content\">\n                                       <span class=\"elementskit-accordion-title-wraper\">\n                        <span class=\"elementskit-accordion-title \">\n                        \n                        Akrilik Koli Bantlar\u0131\n                                                <\/span>\n                    <\/span>\n                                    <\/span>\n            <\/label>\n                        <input type=\"radio\" name=\"ekit_ia_9d63ebe\" id=\"ekit_ia_9d63ebe_1\" class=\"elementskit-single-image-accordion--input\"  hidden>\n            <label for=\"ekit_ia_9d63ebe_1\" class=\"elementskit-single-image-accordion ekit-image-accordion-item\" style=\"background-image: url(https:\/\/guvenpackaging.com\/ar\/wp-content\/uploads\/2020\/07\/20.jpg)\">\n                <span class=\"elementskit-accordion-content\">\n                                       <span class=\"elementskit-accordion-title-wraper\">\n                        <span class=\"elementskit-accordion-title \">\n                        \n                        Akrilik Koli Bantlar\u0131\n                                                <\/span>\n                    <\/span>\n                                    <\/span>\n            <\/label>\n                        <input type=\"radio\" name=\"ekit_ia_9d63ebe\" id=\"ekit_ia_9d63ebe_2\" class=\"elementskit-single-image-accordion--input\"  hidden>\n            <label for=\"ekit_ia_9d63ebe_2\" class=\"elementskit-single-image-accordion ekit-image-accordion-item\" style=\"background-image: url(https:\/\/guvenpackaging.com\/ar\/wp-content\/uploads\/2020\/07\/8.jpg)\">\n                <span class=\"elementskit-accordion-content\">\n                                       <span class=\"elementskit-accordion-title-wraper\">\n                        <span class=\"elementskit-accordion-title \">\n                        \n                        Akrilik Koli Bantlar\u0131\n                                                <\/span>\n                    <\/span>\n                                    <\/span>\n            <\/label>\n                    <\/div>\n    <\/div>\t\t<\/div>\n\t\t\t\t<\/div>\n\t\t\t\t\t\t<\/div>\n\t\t\t\t\t<\/div>\n\t\t<\/div>\n\t\t\t\t\t\t\t\t<\/div>\n\t\t\t\t\t<\/div>\n\t\t<\/section>\n\t\t\t\t<section class=\"elementor-section elementor-top-section elementor-element elementor-element-3d3207b elementor-section-boxed elementor-section-height-default elementor-section-height-default\" data-id=\"3d3207b\" data-element_type=\"section\">\n\t\t\t\t\t\t<div class=\"elementor-container elementor-column-gap-default\">\n\t\t\t\t\t\t\t<div class=\"elementor-row\">\n\t\t\t\t\t<div class=\"elementor-column elementor-col-100 elementor-top-column elementor-element elementor-element-2dd02e3\" data-id=\"2dd02e3\" data-element_type=\"column\">\n\t\t\t<div class=\"elementor-column-wrap elementor-element-populated\">\n\t\t\t\t\t\t\t<div class=\"elementor-widget-wrap\">\n\t\t\t\t\t\t<div class=\"elementor-element elementor-element-b7d894c elementor-widget elementor-widget-elementskit-heading\" data-id=\"b7d894c\" data-element_type=\"widget\" data-widget_type=\"elementskit-heading.default\">\n\t\t\t\t<div class=\"elementor-widget-container\">\n\t\t\t<div class=\"ekit-wid-con\" ><div class=\"ekit-heading elementskit-section-title-wraper text_left   ekit_heading_tablet-   ekit_heading_mobile-\"><h3 class=\"elementskit-section-subtitle  \">GUVEN PACKAGING<\/h3><h2 class=\"ekit-heading--title elementskit-section-title \">\n\t\t\t\t\t\u0627\u0644\u062a\u0641\u0627\u0635\u064a\u0644\n\t\t\t\t<\/h2><\/div><\/div>\t\t<\/div>\n\t\t\t\t<\/div>\n\t\t\t\t\t\t<\/div>\n\t\t\t\t\t<\/div>\n\t\t<\/div>\n\t\t\t\t\t\t\t\t<\/div>\n\t\t\t\t\t<\/div>\n\t\t<\/section>\n\t\t\t\t<section class=\"elementor-section elementor-top-section elementor-element elementor-element-5a45aa7 elementor-section-boxed elementor-section-height-default elementor-section-height-default\" data-id=\"5a45aa7\" data-element_type=\"section\">\n\t\t\t\t\t\t<div class=\"elementor-container elementor-column-gap-default\">\n\t\t\t\t\t\t\t<div class=\"elementor-row\">\n\t\t\t\t\t<div class=\"elementor-column elementor-col-100 elementor-top-column elementor-element elementor-element-a4ec026\" data-id=\"a4ec026\" data-element_type=\"column\">\n\t\t\t<div class=\"elementor-column-wrap elementor-element-populated\">\n\t\t\t\t\t\t\t<div class=\"elementor-widget-wrap\">\n\t\t\t\t\t\t<div class=\"elementor-element elementor-element-0795349 elementor-widget elementor-widget-text-editor\" data-id=\"0795349\" data-element_type=\"widget\" data-widget_type=\"text-editor.default\">\n\t\t\t\t<div class=\"elementor-widget-container\">\n\t\t\t\t\t\t\t\t<div class=\"elementor-text-editor elementor-clearfix\">\n\t\t\t\t\t\u064a\u062a\u0645 \u0627\u0644\u062a\u0635\u0646\u064a\u0639 \u0628\u0639\u0645\u0644\u064a\u0629 \u0625\u0637\u0644\u0627\u0642 \u0627\u0644\u063a\u0631\u0627\u0621 \u0627\u0644\u0642\u0627\u0626\u0645\u0629 \u0639\u0644\u0649 \u0627\u0644\u0645\u0627\u0621 \u0648\u064a\u0633\u062a\u062e\u062f\u0645 \u0627\u0644\u0628\u0648\u0644\u064a \u0627\u062b\u064a\u0644\u064a\u064a\u0646 \u0641\u064a \u0627\u0644\u062a\u0639\u0628\u0626\u0629 \u0627\u0644\u0633\u0637\u062d\u064a\u0629 \u0643\u0645\u0627 \u0647\u064a \u0635\u062f\u064a\u0642\u0629 \u0644\u0644\u0628\u064a\u0626\u0629 \u0648\u064a\u062a\u0645 \u0627\u0644\u0627\u0646\u062a\u0627\u062c \u0628\u0644\u0648\u0646 \u0634\u0641\u0627\u0641 \u0628\u0633\u0645\u0627\u0643\u0629 \u0663\u0668 &#8211; \u0664\u0660 \u0645\u0643\u0631\u0648\u0646 \u062d\u062c\u0645\u0647\u0627 \u0662\u0664- \u0663\u0666 &#8211; \u0664\u0665 &#8211; \u0665\u0660 &#8211; \u0666\u0660 &#8211; \u0667\u0660- \u0669\u0660- \u0661\u0660\u0660- \u0661\u0662\u0660 &#8211; \u0661\u0664\u0660 \u0645\u0645 \u0648\u0623\u0639\u0638\u0645 \u0637\u0648\u0644 \u0661\u0662\u0660\u0660 \u0645\u062a\u0631. \t\t\t\t\t<\/div>\n\t\t\t\t\t\t<\/div>\n\t\t\t\t<\/div>\n\t\t\t\t\t\t<\/div>\n\t\t\t\t\t<\/div>\n\t\t<\/div>\n\t\t\t\t\t\t\t\t<\/div>\n\t\t\t\t\t<\/div>\n\t\t<\/section>\n\t\t\t\t<section class=\"elementor-section elementor-top-section elementor-element elementor-element-79a46fe elementor-section-full_width elementor-section-height-default elementor-section-height-default\" data-id=\"79a46fe\" data-element_type=\"section\">\n\t\t\t\t\t\t<div class=\"elementor-container elementor-column-gap-default\">\n\t\t\t\t\t\t\t<div class=\"elementor-row\">\n\t\t\t\t\t<div class=\"elementor-column elementor-col-100 elementor-top-column elementor-element elementor-element-55ef877\" data-id=\"55ef877\" data-element_type=\"column\">\n\t\t\t<div class=\"elementor-column-wrap elementor-element-populated\">\n\t\t\t\t\t\t\t<div class=\"elementor-widget-wrap\">\n\t\t\t\t\t\t<div class=\"elementor-element elementor-element-e7bf119 elementor-widget-divider--separator-type-pattern elementor-widget-divider--view-line elementor-widget elementor-widget-divider\" data-id=\"e7bf119\" data-element_type=\"widget\" data-widget_type=\"divider.default\">\n\t\t\t\t<div class=\"elementor-widget-container\">\n\t\t\t\t\t<div class=\"elementor-divider\" style=\"--divider-pattern-url: url(&quot;data:image\/svg+xml,%3Csvg xmlns=&#039;http:\/\/www.w3.org\/2000\/svg&#039; preserveAspectRatio=&#039;none&#039; overflow=&#039;visible&#039; height=&#039;100%&#039; viewBox=&#039;0 0 24 24&#039; fill=&#039;none&#039; stroke=&#039;black&#039; stroke-width=&#039;1&#039; stroke-linecap=&#039;square&#039; stroke-miterlimit=&#039;10&#039;%3E%3Cpolyline points=&#039;0,18 12,6 24,18 &#039;\/%3E%3C\/svg%3E&quot;);\">\n\t\t\t<span class=\"elementor-divider-separator\">\n\t\t\t\t\t\t<\/span>\n\t\t<\/div>\n\t\t\t\t<\/div>\n\t\t\t\t<\/div>\n\t\t\t\t\t\t<\/div>\n\t\t\t\t\t<\/div>\n\t\t<\/div>\n\t\t\t\t\t\t\t\t<\/div>\n\t\t\t\t\t<\/div>\n\t\t<\/section>\n\t\t\t\t\t\t<\/div>\n\t\t\t\t\t\t<\/div>\n\t\t\t\t\t<\/div>\n\t\t","protected":false},"excerpt":{"rendered":"<p>\u0627\u0644\u0634\u0631\u064a\u0637 \u0627\u0644\u0644\u0627\u0635\u0642 \u0627\u0643\u0631\u0644\u064a\u0643 GUVEN PACKAGING \u0627\u0644\u0634\u0631\u064a\u0637 \u0627\u0644\u0644\u0627\u0635\u0642 \u0627\u0643\u0631\u0644\u064a\u0643 Akrilik Koli Bantlar\u0131 Akrilik Koli Bantlar\u0131 Akrilik Koli Bantlar\u0131 GUVEN PACKAGING \u0627\u0644\u062a\u0641\u0627\u0635\u064a\u0644 \u064a\u062a\u0645 \u0627\u0644\u062a\u0635\u0646\u064a\u0639 \u0628\u0639\u0645\u0644\u064a\u0629 \u0625\u0637\u0644\u0627\u0642 \u0627\u0644\u063a\u0631\u0627\u0621 \u0627\u0644\u0642\u0627\u0626\u0645\u0629 \u0639\u0644\u0649 \u0627\u0644\u0645\u0627\u0621 \u0648\u064a\u0633\u062a\u062e\u062f\u0645 \u0627\u0644\u0628\u0648\u0644\u064a \u0627\u062b\u064a\u0644\u064a\u064a\u0646 \u0641\u064a \u0627\u0644\u062a\u0639\u0628\u0626\u0629 \u0627\u0644\u0633\u0637\u062d\u064a\u0629 \u0643\u0645\u0627 \u0647\u064a \u0635\u062f\u064a\u0642\u0629 \u0644\u0644\u0628\u064a\u0626\u0629 \u0648\u064a\u062a\u0645 \u0627\u0644\u0627\u0646\u062a\u0627\u062c \u0628\u0644\u0648\u0646 \u0634\u0641\u0627\u0641 \u0628\u0633\u0645\u0627\u0643\u0629 \u0663\u0668 &#8211; \u0664\u0660 \u0645\u0643\u0631\u0648\u0646 \u062d\u062c\u0645\u0647\u0627 \u0662\u0664- \u0663\u0666 &#8211; \u0664\u0665 &#8211; \u0665\u0660 &#8211; [&hellip;]<\/p>\n","protected":false},"author":1,"featured_media":0,"parent":0,"menu_order":0,"comment_status":"closed","ping_status":"closed","template":"template\/full-width-template.php","meta":[],"_links":{"self":[{"href":"https:\/\/guvenpackaging.com\/ar\/wp-json\/wp\/v2\/pages\/6464"}],"collection":[{"href":"https:\/\/guvenpackaging.com\/ar\/wp-json\/wp\/v2\/pages"}],"about":[{"href":"https:\/\/guvenpackaging.com\/ar\/wp-json\/wp\/v2\/types\/page"}],"author":[{"embeddable":true,"href":"https:\/\/guvenpackaging.com\/ar\/wp-json\/wp\/v2\/users\/1"}],"replies":[{"embeddable":true,"href":"https:\/\/guvenpackaging.com\/ar\/wp-json\/wp\/v2\/comments?post=6464"}],"version-history":[{"count":4,"href":"https:\/\/guvenpackaging.com\/ar\/wp-json\/wp\/v2\/pages\/6464\/revisions"}],"predecessor-version":[{"id":6755,"href":"https:\/\/guvenpackaging.com\/ar\/wp-json\/wp\/v2\/pages\/6464\/revisions\/6755"}],"wp:attachment":[{"href":"https:\/\/guvenpackaging.com\/ar\/wp-json\/wp\/v2\/media?parent=6464"}],"curies":[{"name":"wp","href":"https:\/\/api.w.org\/{rel}","templated":true}]}}