{"id":6371,"date":"2020-09-22T10:12:12","date_gmt":"2020-09-22T07:12:12","guid":{"rendered":"https:\/\/guvenpackaging.com\/ar\/?page_id=6371"},"modified":"2021-06-07T10:10:12","modified_gmt":"2021-06-07T07:10:12","slug":"%d8%a7%d9%84%d9%85%d9%88%d8%a7%d8%b1%d8%af-%d8%a7%d9%84%d8%a8%d8%b4%d8%b1%d9%8a%d8%a9","status":"publish","type":"page","link":"https:\/\/guvenpackaging.com\/ar\/%d8%a7%d9%84%d9%85%d9%88%d8%a7%d8%b1%d8%af-%d8%a7%d9%84%d8%a8%d8%b4%d8%b1%d9%8a%d8%a9\/","title":{"rendered":"\u0627\u0644\u0645\u0648\u0627\u0631\u062f \u0627\u0644\u0628\u0634\u0631\u064a\u0629"},"content":{"rendered":"\t\t<div data-elementor-type=\"wp-page\" data-elementor-id=\"6371\" class=\"elementor elementor-6371\" data-elementor-settings=\"[]\">\n\t\t\t\t\t\t<div class=\"elementor-inner\">\n\t\t\t\t\t\t\t<div class=\"elementor-section-wrap\">\n\t\t\t\t\t\t\t<section class=\"elementor-section elementor-top-section elementor-element elementor-element-311a33d elementor-section-boxed elementor-section-height-default elementor-section-height-default\" data-id=\"311a33d\" data-element_type=\"section\">\n\t\t\t\t\t\t<div class=\"elementor-container elementor-column-gap-default\">\n\t\t\t\t\t\t\t<div class=\"elementor-row\">\n\t\t\t\t\t<div class=\"elementor-column elementor-col-100 elementor-top-column elementor-element elementor-element-0037894\" data-id=\"0037894\" data-element_type=\"column\">\n\t\t\t<div class=\"elementor-column-wrap elementor-element-populated\">\n\t\t\t\t\t\t\t<div class=\"elementor-widget-wrap\">\n\t\t\t\t\t\t<section class=\"elementor-section elementor-inner-section elementor-element elementor-element-e399b09 elementor-section-boxed elementor-section-height-default elementor-section-height-default\" data-id=\"e399b09\" data-element_type=\"section\">\n\t\t\t\t\t\t<div class=\"elementor-container elementor-column-gap-default\">\n\t\t\t\t\t\t\t<div class=\"elementor-row\">\n\t\t\t\t\t<div class=\"elementor-column elementor-col-33 elementor-inner-column elementor-element elementor-element-8045bed\" data-id=\"8045bed\" data-element_type=\"column\">\n\t\t\t<div class=\"elementor-column-wrap elementor-element-populated\">\n\t\t\t\t\t\t\t<div class=\"elementor-widget-wrap\">\n\t\t\t\t\t\t<div class=\"elementor-element elementor-element-5876d90 elementor-widget elementor-widget-image\" data-id=\"5876d90\" data-element_type=\"widget\" data-widget_type=\"image.default\">\n\t\t\t\t<div class=\"elementor-widget-container\">\n\t\t\t\t\t\t\t\t<div class=\"elementor-image\">\n\t\t\t\t\t\t\t\t\t\t\t\t<img width=\"475\" height=\"420\" src=\"https:\/\/guvenpackaging.com\/ar\/wp-content\/uploads\/2020\/09\/IK.jpg\" class=\"attachment-large size-large\" alt=\"\" loading=\"lazy\" srcset=\"https:\/\/guvenpackaging.com\/ar\/wp-content\/uploads\/2020\/09\/IK.jpg 475w, https:\/\/guvenpackaging.com\/ar\/wp-content\/uploads\/2020\/09\/IK-300x265.jpg 300w\" sizes=\"(max-width: 475px) 100vw, 475px\" \/>\t\t\t\t\t\t\t\t\t\t\t\t\t\t<\/div>\n\t\t\t\t\t\t<\/div>\n\t\t\t\t<\/div>\n\t\t\t\t<div class=\"elementor-element elementor-element-495b638 elementor-absolute elementor-hidden-phone elementor-widget elementor-widget-text-editor\" data-id=\"495b638\" data-element_type=\"widget\" data-settings=\"{&quot;_position&quot;:&quot;absolute&quot;}\" data-widget_type=\"text-editor.default\">\n\t\t\t\t<div class=\"elementor-widget-container\">\n\t\t\t\t\t\t\t\t<div class=\"elementor-text-editor elementor-clearfix\">\n\t\t\t\t\t<p>G\u00fcc\u00fcm\u00fcz\u00fc de\u011fi\u015fimden al\u0131r\u0131z.<\/p>\t\t\t\t\t<\/div>\n\t\t\t\t\t\t<\/div>\n\t\t\t\t<\/div>\n\t\t\t\t<div class=\"elementor-element elementor-element-767c781 elementor-absolute elementor-hidden-phone elementor-view-default elementor-widget elementor-widget-icon\" data-id=\"767c781\" data-element_type=\"widget\" data-settings=\"{&quot;_position&quot;:&quot;absolute&quot;}\" data-widget_type=\"icon.default\">\n\t\t\t\t<div class=\"elementor-widget-container\">\n\t\t\t\t\t<div class=\"elementor-icon-wrapper\">\n\t\t\t<div class=\"elementor-icon\">\n\t\t\t<i aria-hidden=\"true\" class=\"fas fa-quote-left\"><\/i>\t\t\t<\/div>\n\t\t<\/div>\n\t\t\t\t<\/div>\n\t\t\t\t<\/div>\n\t\t\t\t\t\t<\/div>\n\t\t\t\t\t<\/div>\n\t\t<\/div>\n\t\t\t\t<div class=\"elementor-column elementor-col-33 elementor-inner-column elementor-element elementor-element-75cb91f\" data-id=\"75cb91f\" data-element_type=\"column\">\n\t\t\t<div class=\"elementor-column-wrap\">\n\t\t\t\t\t\t\t<div class=\"elementor-widget-wrap\">\n\t\t\t\t\t\t\t\t<\/div>\n\t\t\t\t\t<\/div>\n\t\t<\/div>\n\t\t\t\t<div class=\"elementor-column elementor-col-33 elementor-inner-column elementor-element elementor-element-03cd0e7\" data-id=\"03cd0e7\" data-element_type=\"column\">\n\t\t\t<div class=\"elementor-column-wrap elementor-element-populated\">\n\t\t\t\t\t\t\t<div class=\"elementor-widget-wrap\">\n\t\t\t\t\t\t<div class=\"elementor-element elementor-element-a8f08e9 elementor-widget elementor-widget-elementskit-heading\" data-id=\"a8f08e9\" data-element_type=\"widget\" data-widget_type=\"elementskit-heading.default\">\n\t\t\t\t<div class=\"elementor-widget-container\">\n\t\t\t<div class=\"ekit-wid-con\" ><div class=\"ekit-heading elementskit-section-title-wraper text_left   ekit_heading_tablet-   ekit_heading_mobile-\"><span class=\"elementskit-section-subtitle  \">\u0627\u0644\u0645\u0648\u0627\u0631\u062f \u0627\u0644\u0628\u0634\u0631\u064a\u0629<\/span><h2 class=\"ekit-heading--title elementskit-section-title \">\n\t\t\t\t\t\u063a\u0648\u0641\u0627\u0646 \u0641\u064a\u0644\u0645\n\t\t\t\t<\/h2>\t\t\t\t<div class='ekit-heading__description'>\n\t\t\t\t\t<p>\u062a\u0633\u062a\u0646\u062f \u0633\u064a\u0627\u0633\u062a\u0646\u0627 \u0641\u064a \u0645\u062c\u0627\u0644 \u0627\u0644\u0645\u0648\u0627\u0631\u062f \u0627\u0644\u0628\u0634\u0631\u064a\u0629 \u0625\u0644\u0649 \u0634\u0639\u0627\u0631 \u0645\u0648\u0638\u0641\u0648\u0646\u0627 \u0623\u0647\u0645 \u0642\u064a\u0645\u0629 \u0644\u0644\u0634\u0631\u0643\u0629..<\/p>\n<p>-\u0627\u0639\u062a\u0628\u0627\u0631 \u0623\u0646 \u0643\u0644 \u0645\u0648\u0638\u0641 \u0645\u0648\u0647\u0628\u0629 \u0648\u062e\u0644\u0642 \u0639\u0645\u0644\u064a\u0627\u062a \u062a\u0643\u0634\u0641 \u0625\u0645\u0643\u0627\u0646\u0627\u062a\u0647\u0645.<br \/>\n\u062f\u0639\u0645 \u0645\u0648\u0638\u0641\u064a\u0646\u0627 \u0628\u0641\u0644\u0633\u0641\u0629 \u0627\u0644\u062a\u062f\u0631\u064a\u0628 \u0648\u0627\u0644\u062a\u0637\u0648\u064a\u0631 \u0627\u0644\u0645\u0633\u062a\u0645\u0631. -<\/p>\n<p>-\u0623\u0646 \u062a\u062a\u0645\u064a\u0632 \u0628\u062a\u0639\u0631\u064a\u0641 \u0627\u0644\u0645\u0648\u0638\u0641 \u0627\u0644\u0630\u064a \u064a\u0648\u0644\u064a \u0623\u0647\u0645\u064a\u0629 \u0644\u0644\u0645\u062c\u062a\u0645\u0639 \u0648\u0627\u0644\u0642\u064a\u0645 \u0627\u0644\u0623\u062e\u0644\u0627\u0642\u064a\u0629.<\/p>\n<p>-\u0625\u0639\u0637\u0627\u0621 \u0627\u0644\u0623\u0648\u0644\u0648\u064a\u0629 \u0644\u062b\u0642\u0627\u0641\u0629 \u0645\u0646\u0627\u0647\u0636\u0629 \u0644\u0644\u062a\u0645\u064a\u064a\u0632 \u0648\u0627\u0644\u0639\u0645\u0644 \u0639\u0644\u0649 \u062a\u0643\u0627\u0641\u0624 \u0627\u0644\u0641\u0631\u0635 \u0641\u064a \u062c\u0645\u064a\u0639 \u0639\u0645\u0644\u064a\u0627\u062a\u0646\u0627.<br \/>\n<b><br \/>\n<\/b><\/p>\n\t\t\t\t<\/div>\n\t\t\t<\/div><\/div>\t\t<\/div>\n\t\t\t\t<\/div>\n\t\t\t\t\t\t<\/div>\n\t\t\t\t\t<\/div>\n\t\t<\/div>\n\t\t\t\t\t\t\t\t<\/div>\n\t\t\t\t\t<\/div>\n\t\t<\/section>\n\t\t\t\t\t\t<\/div>\n\t\t\t\t\t<\/div>\n\t\t<\/div>\n\t\t\t\t\t\t\t\t<\/div>\n\t\t\t\t\t<\/div>\n\t\t<\/section>\n\t\t\t\t<section class=\"elementor-section elementor-top-section elementor-element elementor-element-b8909e6 elementor-section-boxed elementor-section-height-default elementor-section-height-default\" data-id=\"b8909e6\" data-element_type=\"section\">\n\t\t\t\t\t\t<div class=\"elementor-container elementor-column-gap-default\">\n\t\t\t\t\t\t\t<div class=\"elementor-row\">\n\t\t\t\t\t<div class=\"elementor-column elementor-col-100 elementor-top-column elementor-element elementor-element-4e204ba\" data-id=\"4e204ba\" data-element_type=\"column\">\n\t\t\t<div class=\"elementor-column-wrap elementor-element-populated\">\n\t\t\t\t\t\t\t<div class=\"elementor-widget-wrap\">\n\t\t\t\t\t\t<div class=\"elementor-element elementor-element-87abe3a elementor-widget elementor-widget-elementskit-heading\" data-id=\"87abe3a\" data-element_type=\"widget\" data-widget_type=\"elementskit-heading.default\">\n\t\t\t\t<div class=\"elementor-widget-container\">\n\t\t\t<div class=\"ekit-wid-con\" ><div class=\"ekit-heading elementskit-section-title-wraper text_left   ekit_heading_tablet-   ekit_heading_mobile-\"><h2 class=\"ekit-heading--title elementskit-section-title \">\n\t\t\t\t\t\u0627\u0644\u0627\u062e\u062a\u064a\u0627\u0631 \u0648\u0627\u0644\u062a\u0631\u062a\u064a\u0628\n\t\t\t\t<\/h2>\t\t\t\t<div class='ekit-heading__description'>\n\t\t\t\t\t<p>\u062a\u0642\u0648\u0645 \u062b\u0642\u0627\u0641\u0629 \u0627\u0644\u0634\u0631\u0643\u0629 \u0627\u0644\u0627\u0633\u0627\u0633\u064a\u0629 \u0644\u0639\u0645\u0644\u064a\u0629 \u0627\u0644\u062a\u0648\u0638\u064a\u0641 \u0641\u064a \u063a\u0648\u0641\u0627\u0646 \u0641\u064a\u0644\u0645 \u0641\u064a \u0627\u062e\u062a\u064a\u0627\u0631 \u0627\u0644\u0634\u062e\u0635 \u0627\u0644\u0645\u0646\u0627\u0633\u0628 \u0641\u064a \u0627\u0644\u0645\u0643\u0627\u0646 \u0627\u0644\u0645\u0646\u0627\u0633\u0628 \u064a\u0645\u0643\u0646 \u0644\u062c\u0645\u064a\u0639 \u0627\u0644\u0645\u0631\u0634\u062d\u064a\u0646 \u0627\u0644\u062a\u0642\u062f\u064a\u0645 \u0639\u0628\u0631 \u0627\u0644\u0645\u0648\u0642\u0639 \u0627\u0644\u0627\u0644\u0643\u062a\u0631\u0648\u0646\u064a \u0648\u0639\u0646\u062f \u062a\u062b\u062f\u064a\u0645 \u0627\u064a \u0637\u0644\u0628 \u0633\u0648\u0641 \u064a\u062a\u0645 \u0627\u0644\u062d\u0641\u0627\u0638 \u0639\u0644\u0649 \u0627\u0644\u062e\u0635\u0648\u0635\u064a\u0629 \u0628\u0645\u0627 \u064a\u062a\u0646\u0627\u0633\u0628 \u0645\u0639 \u0627\u0644\u0643\u0641\u0627\u0621\u0629 \u0648\u0627\u0644\u0645\u0624\u0647\u0644\u0627\u062a \u0648\u0627\u0644\u0642\u062f\u0631\u0627\u062a \u0627\u0644\u062a\u064a \u062a\u062a\u0637\u0644\u0628\u0647\u0627 \u0627\u0644\u0648\u0638\u064a\u0641\u0629. <\/p>\n<p>\u0639\u0646\u062f \u0627\u062e\u062a\u064a\u0627\u0631 \u0627\u0644\u0645\u0631\u0634\u062d\u064a\u0646\u060c \u064a\u0641\u0636\u0644 \u0627\u0644\u0623\u0634\u062e\u0627\u0635 \u0627\u0644\u062d\u0627\u0635\u0644\u0648\u0646 \u0639\u0644\u0649 \u062a\u0639\u0644\u064a\u0645 \u062c\u064a\u062f \u0648\u0645\u0624\u0647\u0644\u0627\u062a \u0639\u0627\u0644\u064a\u0629\u060c \u0648\u0627\u0644\u0630\u064a\u0646 \u064a\u0645\u0643\u0646\u0647\u0645 \u0623\u062e\u0630 \u0632\u0645\u0627\u0645 \u0627\u0644\u0645\u0628\u0627\u062f\u0631\u0629\u060c \u0648\u0627\u0644\u0630\u064a\u0646 \u064a\u0645\u0643\u0646\u0647\u0645 \u0627\u0644\u062a\u0643\u064a\u0641 \u0628\u0633\u0647\u0648\u0644\u0629 \u0645\u0639 \u062b\u0642\u0627\u0641\u0629 \u0627\u0644\u0634\u0631\u0643\u0629. \u0641\u064a \u0639\u0645\u0644\u064a\u0629 \u0627\u0644\u0627\u062e\u062a\u064a\u0627\u0631\u060c \u064a\u062a\u0645 \u062a\u0637\u0628\u064a\u0642 \u0627\u0644\u0639\u062f\u064a\u062f \u0645\u0646 \u0627\u0644\u0645\u0642\u0627\u0628\u0644\u0627\u062a \u0648\u0627\u0644\u0627\u062e\u062a\u0628\u0627\u0631\u0627\u062a \u0639\u0644\u0649 \u0627\u0644\u0645\u0631\u0634\u062d\u064a\u0646 \u0628\u0646\u0627\u0621\u064b \u0639\u0644\u0649 \u0645\u0628\u062f\u0623 \u062a\u0643\u0627\u0641\u0624 \u0627\u0644\u0641\u0631\u0635.<\/p>\n\t\t\t\t<\/div>\n\t\t\t<\/div><\/div>\t\t<\/div>\n\t\t\t\t<\/div>\n\t\t\t\t<div class=\"elementor-element elementor-element-d238649 elementor-widget elementor-widget-elementskit-heading\" data-id=\"d238649\" data-element_type=\"widget\" data-widget_type=\"elementskit-heading.default\">\n\t\t\t\t<div class=\"elementor-widget-container\">\n\t\t\t<div class=\"ekit-wid-con\" ><div class=\"ekit-heading elementskit-section-title-wraper text_left   ekit_heading_tablet-   ekit_heading_mobile-\"><h2 class=\"ekit-heading--title elementskit-section-title \">\n\t\t\t\t\t\u0627\u0644\u062a\u0639\u0644\u064a\u0645\n\t\t\t\t<\/h2>\t\t\t\t<div class='ekit-heading__description'>\n\t\t\t\t\t<p>\u0627\u0644\u0647\u062f\u0641 \u0627\u0644\u0631\u0626\u064a\u0633\u064a \u0644\u0644\u0623\u0646\u0634\u0637\u0629 \u0627\u0644\u062a\u0639\u0644\u064a\u0645\u064a\u0629 \u0644\u062a\u0623\u0633\u064a\u0633 \u062b\u0642\u0627\u0641\u0629 \u0634\u0631\u0643\u0629 \u0648\u0627\u0639\u064a\u0629 \u062a\u062d\u062a \u062a\u0648\u062c\u064a\u0647 \u0636\u0645\u0627\u0646 \u0627\u0644\u062c\u0648\u062f\u0629 \u0641\u064a\u0645\u0627 \u064a\u062a\u0639\u0644\u0642 \u0628\u0627\u0644\u0646\u0638\u0627\u0641\u0629 \u0648\u0627\u0644\u0628\u064a\u0626\u0629 \u0648\u0627\u0644\u0635\u062d\u0629 \u0648\u0627\u0644\u0633\u0644\u0627\u0645\u0629 \u0627\u0644\u0645\u0647\u0646\u064a\u0629 \u0648\u0644\u0636\u0645\u0627\u0646 \u0623\u0646 \u064a\u0643\u0648\u0646 \u0643\u0644 \u0645\u0648\u0638\u0641 \u062c\u0632\u0621\u064b\u0627 \u0645\u0646 \u0647\u0630\u0647 \u0627\u0644\u062b\u0642\u0627\u0641\u0629.<\/p>\n<p>\u0646\u0639\u062a\u0642\u062f \u0623\u0646\u0647 \u064a\u0645\u0643\u0646\u0646\u0627 \u0627\u0644\u062d\u0641\u0627\u0638 \u0639\u0644\u0649 \u0631\u064a\u0627\u062f\u062a\u0646\u0627 \u0641\u064a \u0647\u0630\u0627 \u0627\u0644\u0642\u0637\u0627\u0639 \u0645\u0646 \u062e\u0644\u0627\u0644 \u0627\u0644\u062a\u0637\u0648\u064a\u0631 \u0627\u0644\u0634\u062e\u0635\u064a \u0648\u0627\u0644\u062a\u062d\u0641\u064a\u0632 \u0644\u0645\u0648\u0638\u0641\u064a\u0646\u0627 \u0627\u0644\u0645\u0624\u0647\u0644\u064a\u0646. \u0644\u0647\u0630\u0627 \u0627\u0644\u0633\u0628\u0628\u060c \u0646\u0648\u0627\u0635\u0644 \u0627\u0644\u0627\u0633\u062a\u062b\u0645\u0627\u0631 \u0641\u064a \u0627\u0644\u0645\u0648\u0627\u0631\u062f \u0627\u0644\u0628\u0634\u0631\u064a\u0629\u060c \u0648\u0627\u0644\u062a\u064a \u0646\u0639\u062a\u0642\u062f \u0623\u0646\u0647\u0627 \u0633\u062a\u0636\u064a\u0641 \u0642\u064a\u0645\u0629 \u0644\u0634\u0631\u0643\u062a\u0646\u0627 \u0645\u0646\u0630 \u0627\u0644\u064a\u0648\u0645 \u0627\u0644\u0623\u0648\u0644 \u0644\u062a\u0623\u0633\u064a\u0633\u0647\u0627.<\/p>\n<p>\u0625\u0646 \u0623\u0647\u0645 \u0633\u0631 \u0641\u064a \u0646\u062c\u0627\u062d\u0646\u0627 \u0647\u0648 \u062b\u0642\u0627\u0641\u0629 \u0627\u0644\u0634\u0631\u0643\u0629 \u0627\u0644\u062a\u064a \u0646\u0645\u062a\u0644\u0643\u0647\u0627. \u0644\u062f\u064a\u0646\u0627 \u0647\u064a\u0643\u0644 \u062f\u064a\u0646\u0627\u0645\u064a\u0643\u064a \u0648\u064a\u0645\u0643\u0646 \u0644\u0645\u0648\u0638\u0641\u064a\u0646\u0627 \u0627\u0644\u0645\u0639\u064a\u0646\u064a\u0646 \u062d\u062f\u064a\u062b\u064b\u0627 \u0627\u0644\u062a\u0643\u064a\u0641 \u0648\u0627\u0644\u062a\u0643\u064a\u0641 \u0628\u0633\u0647\u0648\u0644\u0629 \u0628\u0641\u0636\u0644 \u0628\u0631\u0627\u0645\u062c \u0627\u0644\u062a\u0648\u062c\u064a\u0647 \u0648\u0627\u0633\u0639\u0629 \u0627\u0644\u0646\u0637\u0627\u0642 \u0644\u062f\u064a\u0646\u0627. \u0645\u0646 \u062e\u0644\u0627\u0644 \u0647\u064a\u0643\u0644\u0646\u0627 \u0627\u0644\u062a\u0646\u0638\u064a\u0645\u064a \u0627\u0644\u0628\u0633\u064a\u0637 \u0648\u0627\u0644\u0623\u0641\u0642\u064a \u0646\u062f\u0639\u0645 \u062c\u0645\u064a\u0639 \u0645\u0648\u0638\u0641\u064a\u0646\u0627 \u0648\u0646\u0634\u062c\u0639\u0647\u0645 \u0648\u0646\u062f\u0639\u0648\u0647\u0645 \u0644\u062a\u062d\u0645\u0644 \u0627\u0644\u0645\u0633\u0624\u0648\u0644\u064a\u0629.<\/p>\n\t\t\t\t<\/div>\n\t\t\t<\/div><\/div>\t\t<\/div>\n\t\t\t\t<\/div>\n\t\t\t\t<div class=\"elementor-element elementor-element-5c4cf2c elementor-widget elementor-widget-elementskit-heading\" data-id=\"5c4cf2c\" data-element_type=\"widget\" data-widget_type=\"elementskit-heading.default\">\n\t\t\t\t<div class=\"elementor-widget-container\">\n\t\t\t<div class=\"ekit-wid-con\" ><div class=\"ekit-heading elementskit-section-title-wraper text_left   ekit_heading_tablet-   ekit_heading_mobile-\"><h2 class=\"ekit-heading--title elementskit-section-title \">\n\t\t\t\t\t\u0627\u0644\u062a\u062f\u0631\u064a\u0628 \u0627\u0644\u0645\u0647\u0646\u064a\n\t\t\t\t<\/h2>\t\t\t\t<div class='ekit-heading__description'>\n\t\t\t\t\t<p>\u0646\u0639\u0645\u0644 \u0646\u062d\u0646 \u0643\u0634\u0631\u0643\u0629 \u063a\u0648\u0641\u0627\u0646 \u0641\u064a\u0644\u0645 \u0644\u062a\u0642\u062f\u064a\u0645 \u0641\u0631\u0635 \u062a\u062f\u0631\u064a\u0628 \u0645\u0647\u0646\u064a\u0629 \u0644\u0637\u0644\u0627\u0628 \u0627\u0644\u062b\u0627\u0646\u0648\u064a\u0629 \u0648\u0627\u0644\u062c\u0627\u0645\u0639\u0627\u062a \u0643\u0644 \u0639\u0627\u0645 \u0643\u0645\u0627 \u0646\u0642\u062f\u0645 \u0641\u0631\u0635 \u0627\u0644\u062a\u062f\u0631\u064a\u0628 \u0645\u0646 \u062e\u0644\u0627\u0644 \u062a\u0642\u062f\u064a\u0645 \u0627\u0644\u0637\u0644\u0628\u0627\u062a \u0634\u062e\u0635\u064a\u0627.<\/p>\n\t\t\t\t<\/div>\n\t\t\t<\/div><\/div>\t\t<\/div>\n\t\t\t\t<\/div>\n\t\t\t\t<div class=\"elementor-element elementor-element-b6b948c elementor-widget elementor-widget-elementskit-heading\" data-id=\"b6b948c\" data-element_type=\"widget\" data-widget_type=\"elementskit-heading.default\">\n\t\t\t\t<div class=\"elementor-widget-container\">\n\t\t\t<div class=\"ekit-wid-con\" ><div class=\"ekit-heading elementskit-section-title-wraper text_left   ekit_heading_tablet-   ekit_heading_mobile-\"><h2 class=\"ekit-heading--title elementskit-section-title \">\n\t\t\t\t\t\u0627\u0644\u062a\u0642\u062f\u064a\u0645\n\t\t\t\t<\/h2>\t\t\t\t<div class='ekit-heading__description'>\n\t\t\t\t\t<p>\u064a\u0645\u0643\u0646\u0643 \u0625\u0631\u0633\u0627\u0644 \u0633\u064a\u0631\u0629 \u0630\u0627\u062a\u064a\u0629 \u0645\u0641\u0635\u0644\u0629 \u0644\u062a\u0637\u0628\u064a\u0642\u0627\u062a\u0643 \u0627\u0644\u0648\u0638\u064a\u0641\u064a\u0629 \u0625\u0644\u0649 info@guvenpackaging.com<\/p>\n\t\t\t\t<\/div>\n\t\t\t<\/div><\/div>\t\t<\/div>\n\t\t\t\t<\/div>\n\t\t\t\t\t\t<\/div>\n\t\t\t\t\t<\/div>\n\t\t<\/div>\n\t\t\t\t\t\t\t\t<\/div>\n\t\t\t\t\t<\/div>\n\t\t<\/section>\n\t\t\t\t\t\t<\/div>\n\t\t\t\t\t\t<\/div>\n\t\t\t\t\t<\/div>\n\t\t","protected":false},"excerpt":{"rendered":"<p>\u0627\u0644\u0645\u0648\u0627\u0631\u062f \u0627\u0644\u0628\u0634\u0631\u064a\u0629 G\u00fcc\u00fcm\u00fcz\u00fc de\u011fi\u015fimden al\u0131r\u0131z. \u0627\u0644\u0645\u0648\u0627\u0631\u062f \u0627\u0644\u0628\u0634\u0631\u064a\u0629 \u063a\u0648\u0641\u0627\u0646 \u0641\u064a\u0644\u0645 \u062a\u0633\u062a\u0646\u062f \u0633\u064a\u0627\u0633\u062a\u0646\u0627 \u0641\u064a \u0645\u062c\u0627\u0644 \u0627\u0644\u0645\u0648\u0627\u0631\u062f \u0627\u0644\u0628\u0634\u0631\u064a\u0629 \u0625\u0644\u0649 \u0634\u0639\u0627\u0631 \u0645\u0648\u0638\u0641\u0648\u0646\u0627 \u0623\u0647\u0645 \u0642\u064a\u0645\u0629 \u0644\u0644\u0634\u0631\u0643\u0629.. -\u0627\u0639\u062a\u0628\u0627\u0631 \u0623\u0646 \u0643\u0644 \u0645\u0648\u0638\u0641 \u0645\u0648\u0647\u0628\u0629 \u0648\u062e\u0644\u0642 \u0639\u0645\u0644\u064a\u0627\u062a \u062a\u0643\u0634\u0641 \u0625\u0645\u0643\u0627\u0646\u0627\u062a\u0647\u0645. \u062f\u0639\u0645 \u0645\u0648\u0638\u0641\u064a\u0646\u0627 \u0628\u0641\u0644\u0633\u0641\u0629 \u0627\u0644\u062a\u062f\u0631\u064a\u0628 \u0648\u0627\u0644\u062a\u0637\u0648\u064a\u0631 \u0627\u0644\u0645\u0633\u062a\u0645\u0631. &#8211; -\u0623\u0646 \u062a\u062a\u0645\u064a\u0632 \u0628\u062a\u0639\u0631\u064a\u0641 \u0627\u0644\u0645\u0648\u0638\u0641 \u0627\u0644\u0630\u064a \u064a\u0648\u0644\u064a \u0623\u0647\u0645\u064a\u0629 \u0644\u0644\u0645\u062c\u062a\u0645\u0639 \u0648\u0627\u0644\u0642\u064a\u0645 \u0627\u0644\u0623\u062e\u0644\u0627\u0642\u064a\u0629. -\u0625\u0639\u0637\u0627\u0621 \u0627\u0644\u0623\u0648\u0644\u0648\u064a\u0629 \u0644\u062b\u0642\u0627\u0641\u0629 \u0645\u0646\u0627\u0647\u0636\u0629 \u0644\u0644\u062a\u0645\u064a\u064a\u0632 \u0648\u0627\u0644\u0639\u0645\u0644 \u0639\u0644\u0649 \u062a\u0643\u0627\u0641\u0624 [&hellip;]<\/p>\n","protected":false},"author":1,"featured_media":0,"parent":0,"menu_order":0,"comment_status":"closed","ping_status":"closed","template":"template\/full-width-template.php","meta":[],"_links":{"self":[{"href":"https:\/\/guvenpackaging.com\/ar\/wp-json\/wp\/v2\/pages\/6371"}],"collection":[{"href":"https:\/\/guvenpackaging.com\/ar\/wp-json\/wp\/v2\/pages"}],"about":[{"href":"https:\/\/guvenpackaging.com\/ar\/wp-json\/wp\/v2\/types\/page"}],"author":[{"embeddable":true,"href":"https:\/\/guvenpackaging.com\/ar\/wp-json\/wp\/v2\/users\/1"}],"replies":[{"embeddable":true,"href":"https:\/\/guvenpackaging.com\/ar\/wp-json\/wp\/v2\/comments?post=6371"}],"version-history":[{"count":4,"href":"https:\/\/guvenpackaging.com\/ar\/wp-json\/wp\/v2\/pages\/6371\/revisions"}],"predecessor-version":[{"id":6778,"href":"https:\/\/guvenpackaging.com\/ar\/wp-json\/wp\/v2\/pages\/6371\/revisions\/6778"}],"wp:attachment":[{"href":"https:\/\/guvenpackaging.com\/ar\/wp-json\/wp\/v2\/media?parent=6371"}],"curies":[{"name":"wp","href":"https:\/\/api.w.org\/{rel}","templated":true}]}}