{"id":6190,"date":"2020-07-14T00:29:48","date_gmt":"2020-07-13T21:29:48","guid":{"rendered":"https:\/\/guvenpackaging.com\/ar\/?page_id=6190"},"modified":"2021-06-07T09:48:09","modified_gmt":"2021-06-07T06:48:09","slug":"%d8%b4%d8%b1%d9%8a%d8%b7-%d9%84%d8%a7%d8%b5%d9%82-%d9%87%d9%88%d8%aa-%d9%85%d9%8a%d9%84%d8%aa","status":"publish","type":"page","link":"https:\/\/guvenpackaging.com\/ar\/%d8%b4%d8%b1%d9%8a%d8%b7-%d9%84%d8%a7%d8%b5%d9%82-%d9%87%d9%88%d8%aa-%d9%85%d9%8a%d9%84%d8%aa\/","title":{"rendered":"\u0634\u0631\u064a\u0637 \u0644\u0627\u0635\u0642 \u0647\u0648\u062a \u0645\u064a\u0644\u062a"},"content":{"rendered":"\t\t<div data-elementor-type=\"wp-page\" data-elementor-id=\"6190\" class=\"elementor elementor-6190\" data-elementor-settings=\"[]\">\n\t\t\t\t\t\t<div class=\"elementor-inner\">\n\t\t\t\t\t\t\t<div class=\"elementor-section-wrap\">\n\t\t\t\t\t\t\t<section class=\"elementor-section elementor-top-section elementor-element elementor-element-ed3cae2 elementor-section-boxed elementor-section-height-default elementor-section-height-default\" data-id=\"ed3cae2\" data-element_type=\"section\" data-settings=\"{&quot;background_background&quot;:&quot;classic&quot;}\">\n\t\t\t\t\t\t<div class=\"elementor-container elementor-column-gap-default\">\n\t\t\t\t\t\t\t<div class=\"elementor-row\">\n\t\t\t\t\t<div class=\"elementor-column elementor-col-100 elementor-top-column elementor-element elementor-element-b23bd6b\" data-id=\"b23bd6b\" data-element_type=\"column\">\n\t\t\t<div class=\"elementor-column-wrap elementor-element-populated\">\n\t\t\t\t\t\t\t<div class=\"elementor-widget-wrap\">\n\t\t\t\t\t\t<div class=\"elementor-element elementor-element-d732653 elementor-widget elementor-widget-elementskit-heading\" data-id=\"d732653\" data-element_type=\"widget\" data-widget_type=\"elementskit-heading.default\">\n\t\t\t\t<div class=\"elementor-widget-container\">\n\t\t\t<div class=\"ekit-wid-con\" ><div class=\"ekit-heading elementskit-section-title-wraper text_center   ekit_heading_tablet-   ekit_heading_mobile-\"><h3 class=\"elementskit-section-subtitle  \">GUVEN PACKAGING<\/h3><h2 class=\"ekit-heading--title elementskit-section-title \">\n\t\t\t\t\t\u0634\u0631\u064a\u0637 \u0644\u0627\u0635\u0642 \u0647\u0648\u062a \u0645\u064a\u0644\u062a\n\t\t\t\t<\/h2><\/div><\/div>\t\t<\/div>\n\t\t\t\t<\/div>\n\t\t\t\t\t\t<\/div>\n\t\t\t\t\t<\/div>\n\t\t<\/div>\n\t\t\t\t\t\t\t\t<\/div>\n\t\t\t\t\t<\/div>\n\t\t<\/section>\n\t\t\t\t<section class=\"elementor-section elementor-top-section elementor-element elementor-element-cb7d583 elementor-section-full_width elementor-section-height-default elementor-section-height-default\" data-id=\"cb7d583\" data-element_type=\"section\">\n\t\t\t\t\t\t<div class=\"elementor-container elementor-column-gap-no\">\n\t\t\t\t\t\t\t<div class=\"elementor-row\">\n\t\t\t\t\t<div class=\"elementor-column elementor-col-100 elementor-top-column elementor-element elementor-element-a1173fb\" data-id=\"a1173fb\" data-element_type=\"column\">\n\t\t\t<div class=\"elementor-column-wrap elementor-element-populated\">\n\t\t\t\t\t\t\t<div class=\"elementor-widget-wrap\">\n\t\t\t\t\t\t<div class=\"elementor-element elementor-element-f907895 ekit-image-accordion-horizontal ekit-image-accordion-click elementor-widget elementor-widget-elementskit-image-accordion\" data-id=\"f907895\" data-element_type=\"widget\" data-widget_type=\"elementskit-image-accordion.default\">\n\t\t\t\t<div class=\"elementor-widget-container\">\n\t\t\t<div class=\"ekit-wid-con\" >        <div class=\"ekit-image-accordion elementskit-image-accordion-wraper\">\n                        <input type=\"radio\" name=\"ekit_ia_f907895\" id=\"ekit_ia_f907895_0\" class=\"elementskit-single-image-accordion--input\" checked hidden>\n            <label for=\"ekit_ia_f907895_0\" class=\"elementskit-single-image-accordion ekit-image-accordion-item\" style=\"background-image: url(https:\/\/guvenpackaging.com\/ar\/wp-content\/uploads\/2020\/07\/9.jpg)\">\n                <span class=\"elementskit-accordion-content\">\n                                       <span class=\"elementskit-accordion-title-wraper\">\n                        <span class=\"elementskit-accordion-title \">\n                        \n                        Hotmelt Koli Bantlar\u0131\n                                                <\/span>\n                    <\/span>\n                                    <\/span>\n            <\/label>\n                        <input type=\"radio\" name=\"ekit_ia_f907895\" id=\"ekit_ia_f907895_1\" class=\"elementskit-single-image-accordion--input\"  hidden>\n            <label for=\"ekit_ia_f907895_1\" class=\"elementskit-single-image-accordion ekit-image-accordion-item\" style=\"background-image: url(https:\/\/guvenpackaging.com\/ar\/wp-content\/uploads\/2020\/07\/10.jpg)\">\n                <span class=\"elementskit-accordion-content\">\n                                       <span class=\"elementskit-accordion-title-wraper\">\n                        <span class=\"elementskit-accordion-title \">\n                        \n                        Hotmelt Koli Bantlar\u0131\n                                                <\/span>\n                    <\/span>\n                                    <\/span>\n            <\/label>\n                        <input type=\"radio\" name=\"ekit_ia_f907895\" id=\"ekit_ia_f907895_2\" class=\"elementskit-single-image-accordion--input\"  hidden>\n            <label for=\"ekit_ia_f907895_2\" class=\"elementskit-single-image-accordion ekit-image-accordion-item\" style=\"background-image: url(https:\/\/guvenpackaging.com\/ar\/wp-content\/uploads\/2020\/07\/11.jpg)\">\n                <span class=\"elementskit-accordion-content\">\n                                       <span class=\"elementskit-accordion-title-wraper\">\n                        <span class=\"elementskit-accordion-title \">\n                        \n                        Hotmelt Koli Bantlar\u0131\n                                                <\/span>\n                    <\/span>\n                                    <\/span>\n            <\/label>\n                        <input type=\"radio\" name=\"ekit_ia_f907895\" id=\"ekit_ia_f907895_3\" class=\"elementskit-single-image-accordion--input\"  hidden>\n            <label for=\"ekit_ia_f907895_3\" class=\"elementskit-single-image-accordion ekit-image-accordion-item\" style=\"background-image: url(https:\/\/guvenpackaging.com\/ar\/wp-content\/uploads\/2020\/07\/13.jpg)\">\n                <span class=\"elementskit-accordion-content\">\n                                       <span class=\"elementskit-accordion-title-wraper\">\n                        <span class=\"elementskit-accordion-title \">\n                        \n                        Hotmelt Koli Bantlar\u0131r\u0131\n                                                <\/span>\n                    <\/span>\n                                    <\/span>\n            <\/label>\n                        <input type=\"radio\" name=\"ekit_ia_f907895\" id=\"ekit_ia_f907895_4\" class=\"elementskit-single-image-accordion--input\"  hidden>\n            <label for=\"ekit_ia_f907895_4\" class=\"elementskit-single-image-accordion ekit-image-accordion-item\" style=\"background-image: url(https:\/\/guvenpackaging.com\/ar\/wp-content\/uploads\/2020\/07\/14.jpg)\">\n                <span class=\"elementskit-accordion-content\">\n                                       <span class=\"elementskit-accordion-title-wraper\">\n                        <span class=\"elementskit-accordion-title \">\n                        \n                        Hotmelt Koli Bantlar\u0131\n                                                <\/span>\n                    <\/span>\n                                    <\/span>\n            <\/label>\n                        <input type=\"radio\" name=\"ekit_ia_f907895\" id=\"ekit_ia_f907895_5\" class=\"elementskit-single-image-accordion--input\"  hidden>\n            <label for=\"ekit_ia_f907895_5\" class=\"elementskit-single-image-accordion ekit-image-accordion-item\" style=\"background-image: url(https:\/\/guvenpackaging.com\/ar\/wp-content\/uploads\/2020\/07\/15.jpg)\">\n                <span class=\"elementskit-accordion-content\">\n                                       <span class=\"elementskit-accordion-title-wraper\">\n                        <span class=\"elementskit-accordion-title \">\n                        \n                        Hotmelt Koli Bantlar\u0131\n                                                <\/span>\n                    <\/span>\n                                    <\/span>\n            <\/label>\n                        <input type=\"radio\" name=\"ekit_ia_f907895\" id=\"ekit_ia_f907895_6\" class=\"elementskit-single-image-accordion--input\"  hidden>\n            <label for=\"ekit_ia_f907895_6\" class=\"elementskit-single-image-accordion ekit-image-accordion-item\" style=\"background-image: url(https:\/\/guvenpackaging.com\/ar\/wp-content\/uploads\/2020\/07\/16.jpg)\">\n                <span class=\"elementskit-accordion-content\">\n                                       <span class=\"elementskit-accordion-title-wraper\">\n                        <span class=\"elementskit-accordion-title \">\n                        \n                        Hotmelt Koli Bantlar\u0131\n                                                <\/span>\n                    <\/span>\n                                    <\/span>\n            <\/label>\n                        <input type=\"radio\" name=\"ekit_ia_f907895\" id=\"ekit_ia_f907895_7\" class=\"elementskit-single-image-accordion--input\"  hidden>\n            <label for=\"ekit_ia_f907895_7\" class=\"elementskit-single-image-accordion ekit-image-accordion-item\" style=\"background-image: url(https:\/\/guvenpackaging.com\/ar\/wp-content\/uploads\/2020\/07\/17.jpg)\">\n                <span class=\"elementskit-accordion-content\">\n                                       <span class=\"elementskit-accordion-title-wraper\">\n                        <span class=\"elementskit-accordion-title \">\n                        \n                        Hotmelt Koli Bantlar\u0131\n                                                <\/span>\n                    <\/span>\n                                    <\/span>\n            <\/label>\n                        <input type=\"radio\" name=\"ekit_ia_f907895\" id=\"ekit_ia_f907895_8\" class=\"elementskit-single-image-accordion--input\"  hidden>\n            <label for=\"ekit_ia_f907895_8\" class=\"elementskit-single-image-accordion ekit-image-accordion-item\" style=\"background-image: url(https:\/\/guvenpackaging.com\/ar\/wp-content\/uploads\/2020\/07\/20.jpg)\">\n                <span class=\"elementskit-accordion-content\">\n                                       <span class=\"elementskit-accordion-title-wraper\">\n                        <span class=\"elementskit-accordion-title \">\n                        \n                        Hotmelt Koli Bantlar\u0131r\u0131\n                                                <\/span>\n                    <\/span>\n                                    <\/span>\n            <\/label>\n                        <input type=\"radio\" name=\"ekit_ia_f907895\" id=\"ekit_ia_f907895_9\" class=\"elementskit-single-image-accordion--input\"  hidden>\n            <label for=\"ekit_ia_f907895_9\" class=\"elementskit-single-image-accordion ekit-image-accordion-item\" style=\"background-image: url(https:\/\/guvenpackaging.com\/ar\/wp-content\/uploads\/2020\/07\/8.jpg)\">\n                <span class=\"elementskit-accordion-content\">\n                                       <span class=\"elementskit-accordion-title-wraper\">\n                        <span class=\"elementskit-accordion-title \">\n                        \n                        Hotmelt Koli Bantlar\u0131\n                                                <\/span>\n                    <\/span>\n                                    <\/span>\n            <\/label>\n                    <\/div>\n    <\/div>\t\t<\/div>\n\t\t\t\t<\/div>\n\t\t\t\t\t\t<\/div>\n\t\t\t\t\t<\/div>\n\t\t<\/div>\n\t\t\t\t\t\t\t\t<\/div>\n\t\t\t\t\t<\/div>\n\t\t<\/section>\n\t\t\t\t<section class=\"elementor-section elementor-top-section elementor-element elementor-element-f28045d elementor-section-boxed elementor-section-height-default elementor-section-height-default\" data-id=\"f28045d\" data-element_type=\"section\">\n\t\t\t\t\t\t<div class=\"elementor-container elementor-column-gap-default\">\n\t\t\t\t\t\t\t<div class=\"elementor-row\">\n\t\t\t\t\t<div class=\"elementor-column elementor-col-100 elementor-top-column elementor-element elementor-element-7235c20\" data-id=\"7235c20\" data-element_type=\"column\">\n\t\t\t<div class=\"elementor-column-wrap elementor-element-populated\">\n\t\t\t\t\t\t\t<div class=\"elementor-widget-wrap\">\n\t\t\t\t\t\t<div class=\"elementor-element elementor-element-7b73603 elementor-widget elementor-widget-elementskit-heading\" data-id=\"7b73603\" data-element_type=\"widget\" data-widget_type=\"elementskit-heading.default\">\n\t\t\t\t<div class=\"elementor-widget-container\">\n\t\t\t<div class=\"ekit-wid-con\" ><div class=\"ekit-heading elementskit-section-title-wraper text_left   ekit_heading_tablet-   ekit_heading_mobile-\"><h3 class=\"elementskit-section-subtitle  \">GUVEN PACKAGING<\/h3><h2 class=\"ekit-heading--title elementskit-section-title \">\n\t\t\t\t\t\u0627\u0644\u062a\u0641\u0627\u0635\u064a\u0644\n\t\t\t\t<\/h2><\/div><\/div>\t\t<\/div>\n\t\t\t\t<\/div>\n\t\t\t\t\t\t<\/div>\n\t\t\t\t\t<\/div>\n\t\t<\/div>\n\t\t\t\t\t\t\t\t<\/div>\n\t\t\t\t\t<\/div>\n\t\t<\/section>\n\t\t\t\t<section class=\"elementor-section elementor-top-section elementor-element elementor-element-7213f6f elementor-section-boxed elementor-section-height-default elementor-section-height-default\" data-id=\"7213f6f\" data-element_type=\"section\">\n\t\t\t\t\t\t<div class=\"elementor-container elementor-column-gap-default\">\n\t\t\t\t\t\t\t<div class=\"elementor-row\">\n\t\t\t\t\t<div class=\"elementor-column elementor-col-100 elementor-top-column elementor-element elementor-element-5db63a2\" data-id=\"5db63a2\" data-element_type=\"column\">\n\t\t\t<div class=\"elementor-column-wrap elementor-element-populated\">\n\t\t\t\t\t\t\t<div class=\"elementor-widget-wrap\">\n\t\t\t\t\t\t<div class=\"elementor-element elementor-element-74c4ab4 elementor-widget elementor-widget-text-editor\" data-id=\"74c4ab4\" data-element_type=\"widget\" data-widget_type=\"text-editor.default\">\n\t\t\t\t<div class=\"elementor-widget-container\">\n\t\t\t\t\t\t\t\t<div class=\"elementor-text-editor elementor-clearfix\">\n\t\t\t\t\t<p>\u064a\u062a\u0645 \u0627\u0644\u062a\u0635\u0646\u064a\u0639 \u0628\u0637\u0631\u064a\u0642\u0629 \u062a\u062d\u0631\u064a\u0631 \u0627\u0644\u063a\u0631\u0627\u0621 \u0627\u0644\u0645\u0635\u0647\u0648\u0631 \u0639\u0644\u0649 \u0627\u0644\u0633\u0627\u062e\u0646. \u064a\u062a\u0645 \u0627\u0644\u062a\u0637\u0628\u064a\u0642 \u0641\u064a \u0627\u0644\u0637\u0631\u0648\u062f \u0648\u0627\u0644\u062a\u0639\u0628\u0626\u0629 \u0648\u0627\u0644\u062a\u063a\u0644\u064a\u0641<br \/>\u064a\u062a\u0645\u064a\u0632 \u0628\u062e\u0648\u0627\u0635 \u0627\u0644\u062a\u0635\u0627\u0642 \u0642\u0648\u064a\u0629 \u064a\u062a\u0645 \u0625\u0646\u062a\u0627\u062c\u0647 \u0628\u0633\u0645\u0643 \u0663\u0668 -\u0664\u0660 -\u0664\u0662 -\u0664\u0665 \u0645\u064a\u0643\u0631\u0648\u0646. \u064a\u0645\u0643\u0646 \u0625\u0646\u062a\u0627\u062c\u0647 \u0628\u0623\u0644\u0648\u0627\u0646 \u0634\u0641\u0627\u0641\u0629 \u0648\u0623\u0628\u064a\u0636 \u0648\u0628\u0646\u064a \u0648\u0623\u0644\u0648\u0627\u0646 \u0623\u062e\u0631\u0649. \u0627\u0644\u0637\u0627\u0642\u0629 \u0627\u0644\u0625\u0646\u062a\u0627\u062c\u064a\u0629 \u0627\u0644\u0634\u0647\u0631\u064a\u0629 \u0666 \u0645\u0644\u064a\u0648\u0646 \u0645\u062a\u0631 \u0645\u0631\u0628\u0639. \u064a\u0645\u0643\u0646 \u0623\u0646 \u062a\u0643\u0648\u0646 \u0628\u062d\u062c\u0645 \u0662\u0664 -\u0663\u0666 -\u0664\u0665 -\u0665\u0660 -\u0666\u0660 -\u0667\u0660 -\u0669\u0660 -\u0661\u0660\u0660 -\u0661\u0662\u0660 -\u0661\u0664\u0660 mm \u0641\u064a \u0627\u0644\u0639\u0631\u0636. \u0648\u0623\u0639\u0638\u0645 \u0637\u0648\u0644 \u064a\u0635\u0644 \u0627\u0644\u0649 \u0661\u0662\u0660\u0660 \u0645\u062a\u0631.<\/p>\t\t\t\t\t<\/div>\n\t\t\t\t\t\t<\/div>\n\t\t\t\t<\/div>\n\t\t\t\t\t\t<\/div>\n\t\t\t\t\t<\/div>\n\t\t<\/div>\n\t\t\t\t\t\t\t\t<\/div>\n\t\t\t\t\t<\/div>\n\t\t<\/section>\n\t\t\t\t<section class=\"elementor-section elementor-top-section elementor-element elementor-element-dadbb4f elementor-section-full_width elementor-section-height-default elementor-section-height-default\" data-id=\"dadbb4f\" data-element_type=\"section\">\n\t\t\t\t\t\t<div class=\"elementor-container elementor-column-gap-default\">\n\t\t\t\t\t\t\t<div class=\"elementor-row\">\n\t\t\t\t\t<div class=\"elementor-column elementor-col-100 elementor-top-column elementor-element elementor-element-519c04e\" data-id=\"519c04e\" data-element_type=\"column\">\n\t\t\t<div class=\"elementor-column-wrap elementor-element-populated\">\n\t\t\t\t\t\t\t<div class=\"elementor-widget-wrap\">\n\t\t\t\t\t\t<div class=\"elementor-element elementor-element-f8ca91a elementor-widget-divider--separator-type-pattern elementor-widget-divider--view-line elementor-widget elementor-widget-divider\" data-id=\"f8ca91a\" data-element_type=\"widget\" data-widget_type=\"divider.default\">\n\t\t\t\t<div class=\"elementor-widget-container\">\n\t\t\t\t\t<div class=\"elementor-divider\" style=\"--divider-pattern-url: url(&quot;data:image\/svg+xml,%3Csvg xmlns=&#039;http:\/\/www.w3.org\/2000\/svg&#039; preserveAspectRatio=&#039;none&#039; overflow=&#039;visible&#039; height=&#039;100%&#039; viewBox=&#039;0 0 24 24&#039; fill=&#039;none&#039; stroke=&#039;black&#039; stroke-width=&#039;1&#039; stroke-linecap=&#039;square&#039; stroke-miterlimit=&#039;10&#039;%3E%3Cpolyline points=&#039;0,18 12,6 24,18 &#039;\/%3E%3C\/svg%3E&quot;);\">\n\t\t\t<span class=\"elementor-divider-separator\">\n\t\t\t\t\t\t<\/span>\n\t\t<\/div>\n\t\t\t\t<\/div>\n\t\t\t\t<\/div>\n\t\t\t\t\t\t<\/div>\n\t\t\t\t\t<\/div>\n\t\t<\/div>\n\t\t\t\t\t\t\t\t<\/div>\n\t\t\t\t\t<\/div>\n\t\t<\/section>\n\t\t\t\t\t\t<\/div>\n\t\t\t\t\t\t<\/div>\n\t\t\t\t\t<\/div>\n\t\t","protected":false},"excerpt":{"rendered":"<p>\u0634\u0631\u064a\u0637 \u0644\u0627\u0635\u0642 \u0647\u0648\u062a \u0645\u064a\u0644\u062a GUVEN PACKAGING \u0634\u0631\u064a\u0637 \u0644\u0627\u0635\u0642 \u0647\u0648\u062a \u0645\u064a\u0644\u062a Hotmelt Koli Bantlar\u0131 Hotmelt Koli Bantlar\u0131 Hotmelt Koli Bantlar\u0131 Hotmelt Koli Bantlar\u0131r\u0131 Hotmelt Koli Bantlar\u0131 Hotmelt Koli Bantlar\u0131 Hotmelt Koli Bantlar\u0131 Hotmelt Koli Bantlar\u0131 Hotmelt Koli Bantlar\u0131r\u0131 Hotmelt Koli Bantlar\u0131 GUVEN PACKAGING \u0627\u0644\u062a\u0641\u0627\u0635\u064a\u0644 \u064a\u062a\u0645 \u0627\u0644\u062a\u0635\u0646\u064a\u0639 \u0628\u0637\u0631\u064a\u0642\u0629 \u062a\u062d\u0631\u064a\u0631 \u0627\u0644\u063a\u0631\u0627\u0621 \u0627\u0644\u0645\u0635\u0647\u0648\u0631 \u0639\u0644\u0649 \u0627\u0644\u0633\u0627\u062e\u0646. \u064a\u062a\u0645 \u0627\u0644\u062a\u0637\u0628\u064a\u0642 \u0641\u064a \u0627\u0644\u0637\u0631\u0648\u062f [&hellip;]<\/p>\n","protected":false},"author":1,"featured_media":0,"parent":0,"menu_order":0,"comment_status":"closed","ping_status":"closed","template":"template\/full-width-template.php","meta":[],"_links":{"self":[{"href":"https:\/\/guvenpackaging.com\/ar\/wp-json\/wp\/v2\/pages\/6190"}],"collection":[{"href":"https:\/\/guvenpackaging.com\/ar\/wp-json\/wp\/v2\/pages"}],"about":[{"href":"https:\/\/guvenpackaging.com\/ar\/wp-json\/wp\/v2\/types\/page"}],"author":[{"embeddable":true,"href":"https:\/\/guvenpackaging.com\/ar\/wp-json\/wp\/v2\/users\/1"}],"replies":[{"embeddable":true,"href":"https:\/\/guvenpackaging.com\/ar\/wp-json\/wp\/v2\/comments?post=6190"}],"version-history":[{"count":4,"href":"https:\/\/guvenpackaging.com\/ar\/wp-json\/wp\/v2\/pages\/6190\/revisions"}],"predecessor-version":[{"id":6751,"href":"https:\/\/guvenpackaging.com\/ar\/wp-json\/wp\/v2\/pages\/6190\/revisions\/6751"}],"wp:attachment":[{"href":"https:\/\/guvenpackaging.com\/ar\/wp-json\/wp\/v2\/media?parent=6190"}],"curies":[{"name":"wp","href":"https:\/\/api.w.org\/{rel}","templated":true}]}}